{"id":2312,"date":"2023-11-24T16:20:38","date_gmt":"2023-11-24T21:20:38","guid":{"rendered":"https:\/\/www.kpnsafety.com\/pe\/?post_type=product&#038;p=2312"},"modified":"2025-01-13T17:00:45","modified_gmt":"2025-01-13T22:00:45","slug":"guantes-para-bomberos-2","status":"publish","type":"product","link":"https:\/\/www.kpnsafety.com\/pe\/producto\/guantes-para-bomberos-2\/","title":{"rendered":"Guantes para bomberos"},"content":{"rendered":"<h2><strong><em>Caracter\u00edsticas y ventajas guantes para bomberos en cuero:<\/em><\/strong><\/h2>\n<ol>\n<li>Certificado NFPA estructural 1971. Carcasa exterior de piel de vaca eversoft tratada con refuerzo en la palma, Ign\u00edfugo<\/li>\n<li>Resistente al calor y a las llamas Kovenex\u00aeForro, ofrece la m\u00e1xima protecci\u00f3n<\/li>\n<li>Pyrotect\u00aeBarrera de humedadInsertar<em>,\u00a0<\/em>Resistente al agua y a los fluidos corporales, com\u00fan<em> p<\/em>roductos qu\u00edmicos y la sangre<\/li>\n<li>. Dos capas EmbragueBrazalete de DuPont<sup>TM<\/sup>Kevlar\u00aeDe fibra Con tirador de cuero<\/li>\n<li>\u00a0STitching de DuPont<sup>TM<\/sup>Kevlar\u00ae fibra Resistente al calor y al fuego, de larga duraci\u00f3n<\/li>\n<li>Volteo Sin dedos Super movilidad<\/li>\n<li>Dedos precurvados 3DReduce la fatiga despu\u00e9s de llevar mucho tiempo<\/li>\n<li><span data-spm-anchor-id=\"a2700.details.0.i73.421c4c67KUOIL1\">Especial Uni\u00f3n t\u00e9cnica, El forro no se retira f\u00e1cilmente al sudar<\/span><\/li>\n<\/ol>\n","protected":false},"excerpt":{"rendered":"<p>Los guantes para bomberos en cuero\u00a0 FR de hygloves est\u00e1n dise\u00f1ados y fabricados profesionalmente para bomberos. Los materiales son resistentes a los peligros que se encierran en actividades de extinci\u00f3n de incendios, como llama, calor, vapor, l\u00edquidos peligrosos, objetos afilados.<\/p>\n<p><a class=\"accion\" href=\"https:\/\/api.whatsapp.com\/send?phone=573147862881\" target=\"_blank\" rel=\"noopener\">Contactar un consultor<\/a><\/p>\n<p><a class=\"accion\" href=\"https:\/\/www.kpnsafety.com\/pe\/contacto\/\" target=\"_blank\" rel=\"noopener\">Solicitar Presupuesto<\/a><\/p>\n","protected":false},"featured_media":2313,"template":"","meta":[],"product_brand":[],"product_cat":[183,64,16],"product_tag":[],"class_list":{"0":"post-2312","1":"product","2":"type-product","3":"status-publish","4":"has-post-thumbnail","6":"product_cat-busqueda-y-rescate","7":"product_cat-incendios-estructurales","8":"product_cat-seguridad-industrial","10":"first","11":"instock","12":"shipping-taxable","13":"product-type-simple"},"_links":{"self":[{"href":"https:\/\/www.kpnsafety.com\/pe\/wp-json\/wp\/v2\/product\/2312","targetHints":{"allow":["GET"]}}],"collection":[{"href":"https:\/\/www.kpnsafety.com\/pe\/wp-json\/wp\/v2\/product"}],"about":[{"href":"https:\/\/www.kpnsafety.com\/pe\/wp-json\/wp\/v2\/types\/product"}],"wp:featuredmedia":[{"embeddable":true,"href":"https:\/\/www.kpnsafety.com\/pe\/wp-json\/wp\/v2\/media\/2313"}],"wp:attachment":[{"href":"https:\/\/www.kpnsafety.com\/pe\/wp-json\/wp\/v2\/media?parent=2312"}],"wp:term":[{"taxonomy":"product_brand","embeddable":true,"href":"https:\/\/www.kpnsafety.com\/pe\/wp-json\/wp\/v2\/product_brand?post=2312"},{"taxonomy":"product_cat","embeddable":true,"href":"https:\/\/www.kpnsafety.com\/pe\/wp-json\/wp\/v2\/product_cat?post=2312"},{"taxonomy":"product_tag","embeddable":true,"href":"https:\/\/www.kpnsafety.com\/pe\/wp-json\/wp\/v2\/product_tag?post=2312"}],"curies":[{"name":"wp","href":"https:\/\/api.w.org\/{rel}","templated":true}]}}