{"id":2324,"date":"2024-01-22T14:02:21","date_gmt":"2024-01-22T19:02:21","guid":{"rendered":"https:\/\/www.kpnsafety.com\/pe\/?post_type=product&#038;p=2324"},"modified":"2025-01-13T17:00:16","modified_gmt":"2025-01-13T22:00:16","slug":"espumogeno-fluorosintetico-afff-3","status":"publish","type":"product","link":"https:\/\/www.kpnsafety.com\/pe\/producto\/espumogeno-fluorosintetico-afff-3\/","title":{"rendered":"ESPUM\u00d3GENO FLUOROSINT\u00c9TICO AFFF 3%"},"content":{"rendered":"<p><strong>Poder espumante :<\/strong> BIOFILM 3S se utiliza en Baja Expansi\u00f3n, creando una espuma muy fluida que no se mezcla con los hidrocarburos, lo que permite su aplicaci\u00f3n violenta sobre el combustible.<\/p>\n<p><strong>BIOFILM 3S<\/strong> se utiliza en Media Expansi\u00f3n form\u00e1ndose una espuma m\u00e1s compacta y evitando una re ignici\u00f3n del fuego.<\/p>\n<p><strong>Fuegos de l\u00edquidos:<\/strong> BIOFILM 3S se puede aplicar sobre fuegos de hidrocarburos como fueloil, gas\u00f3leo, gasolina, keroseno&#8230;<\/p>\n<p><strong>Medio ambiente :<\/strong> BIOFILM 3S es f\u00e1cilmente biodegradable.<\/p>\n<p>&nbsp;<\/p>\n<p><strong>BIOFILM 3S cumple con las normas:<\/strong><br \/>\nEN 1568-1\u00a0 \/\u00a0 EN 1568-2 \/\u00a0 \u00a0EN 1568-3<br \/>\nOACI : nivel B<br \/>\nIndustria Petrolera : certificado Gesip\u00a0 \u00a0 \/\u00a0 certificado Lastfire<br \/>\nMarina : certificado Bureau Veritas<\/p>\n<p>&nbsp;<\/p>\n<p>Aspecto l\u00edquido amarillo<br \/>\nPeso espec\u00edfico a 20\u00b0C 1.01 \u00b1 0.03<br \/>\npH a 20\u00b0C 8.0 \u00b1 1.0<br \/>\nViscosidad newtoniano<br \/>\nSedimentaci\u00f3n 0 %<br \/>\nTensi\u00f3n superficial al 3% 17 \u00b1 2 mN\/m<br \/>\nTensi\u00f3n interfacial al 3% 2 \u00b1 1 mN\/m<br \/>\nPunto de congelaci\u00f3n 0\u00b0C<br \/>\nTemperaturas de uso +2\u00b0C \/ + 50\u00b0C<\/p>\n","protected":false},"excerpt":{"rendered":"<p>BIOFILM 3S es un espum\u00f3geno fluorosint\u00e9tico AFFF 3% basado en la nueva generaci\u00f3n de surfactante fluorado C6.<\/p>\n<p>La pel\u00edcula acuosa, llamada AFFF, confiere a BIOFILM 3S una velocidad de esparcimiento de la espuma particularmente elevada. La rapidez de extinci\u00f3n de fuegos de hidrocarburos se encuentra muy superior a la de otras espumas convencionales gracias a la formaci\u00f3n de la pel\u00edcula acuosa que impide el contacto entre el combustible y el ox\u00edgeno del aire. BIOFILM 3S puede ser utilizado en premezcla permanente, en sprinkler, sistemas fijos&#8230;<\/p>\n<p><a class=\"accion\" href=\"https:\/\/api.whatsapp.com\/send?phone=573147862881\" target=\"_blank\" rel=\"noopener\">Contactar un consultor<\/a><\/p>\n<p><a class=\"accion\" href=\"https:\/\/www.kpnsafety.com\/pe\/contacto\/\" target=\"_blank\" rel=\"noopener\">Solicitar Presupuesto<\/a><\/p>\n<p>&nbsp;<\/p>\n","protected":false},"featured_media":2325,"template":"","meta":[],"product_brand":[],"product_cat":[68,31],"product_tag":[199,201,198,200],"class_list":{"0":"post-2324","1":"product","2":"type-product","3":"status-publish","4":"has-post-thumbnail","6":"product_cat-agentes-para-extincion-de-incendios","7":"product_cat-proteccion-contra-incendios","8":"product_tag-agente-para-extincion","9":"product_tag-espuma-para-incendios","10":"product_tag-espumogeno","11":"product_tag-extincion-de-incendios","13":"first","14":"instock","15":"shipping-taxable","16":"product-type-simple"},"_links":{"self":[{"href":"https:\/\/www.kpnsafety.com\/pe\/wp-json\/wp\/v2\/product\/2324","targetHints":{"allow":["GET"]}}],"collection":[{"href":"https:\/\/www.kpnsafety.com\/pe\/wp-json\/wp\/v2\/product"}],"about":[{"href":"https:\/\/www.kpnsafety.com\/pe\/wp-json\/wp\/v2\/types\/product"}],"wp:featuredmedia":[{"embeddable":true,"href":"https:\/\/www.kpnsafety.com\/pe\/wp-json\/wp\/v2\/media\/2325"}],"wp:attachment":[{"href":"https:\/\/www.kpnsafety.com\/pe\/wp-json\/wp\/v2\/media?parent=2324"}],"wp:term":[{"taxonomy":"product_brand","embeddable":true,"href":"https:\/\/www.kpnsafety.com\/pe\/wp-json\/wp\/v2\/product_brand?post=2324"},{"taxonomy":"product_cat","embeddable":true,"href":"https:\/\/www.kpnsafety.com\/pe\/wp-json\/wp\/v2\/product_cat?post=2324"},{"taxonomy":"product_tag","embeddable":true,"href":"https:\/\/www.kpnsafety.com\/pe\/wp-json\/wp\/v2\/product_tag?post=2324"}],"curies":[{"name":"wp","href":"https:\/\/api.w.org\/{rel}","templated":true}]}}