{"id":2330,"date":"2024-01-22T14:33:40","date_gmt":"2024-01-22T19:33:40","guid":{"rendered":"https:\/\/www.kpnsafety.com\/pe\/?post_type=product&#038;p=2330"},"modified":"2025-01-13T16:56:42","modified_gmt":"2025-01-13T21:56:42","slug":"camara-termica-de-alta-resolucion","status":"publish","type":"product","link":"https:\/\/www.kpnsafety.com\/pe\/producto\/camara-termica-de-alta-resolucion\/","title":{"rendered":"C\u00c1MARA T\u00c9RMICA DE ALTA RESOLUCI\u00d3N"},"content":{"rendered":"<p><strong>Las ventajas:<\/strong><br \/>\n\u2022 Ultra compacta 165 x 140 x 85 mm<br \/>\n\u2022 Ligera 910g con 2 bater\u00edas &amp; cinchas laterales.<br \/>\n\u2022 Pantalla grande de 3,5\u201c para visualizar los detalles<br \/>\n\u2022 Amplio intervalo de temperatura: de -40\u00b0C a +1150\u00b0C<br \/>\n\u2022 1 modo de coloraci\u00f3n<br \/>\n\u2022 Foto y \/ o Grabaci\u00f3n de v\u00eddeo (opci\u00f3n)<br \/>\n\u2022 Bater\u00edas garantizadas durante 6 a\u00f1os \/ 5000 ciclos<br \/>\n\u2022 Bater\u00edas LiFePO4: fabricadas para soportar las altas<br \/>\ntemperaturas.<br \/>\n\u2022 Hasta 8h de autonom\u00eda (2 bat.) con Eco-Boost-System<br \/>\n\u2022 Lente Germanio para proteger la \u00f3ptica<br \/>\n\u2022 Empu\u00f1adura tipo pistola opci\u00f3n<br \/>\n\u2022 Rapidez de arranque: &lt; 5 seg<br \/>\n\u2022 1 bot\u00f3n bastante grande para poder utilizarlo incluso con<br \/>\nguantes.<br \/>\n\u2022 Tambi\u00e9n disponible en 9 hz = No clasificado como<br \/>\nproducto de doble uso<br \/>\n\u2022 Funciones<br \/>\no ON\/OFF<br \/>\no Congelaci\u00f3n de imagen o toma de fotos (opci\u00f3n)<br \/>\no Grabaci\u00f3n continua de v\u00eddeo (opci\u00f3n)<\/p>\n","protected":false},"excerpt":{"rendered":"<p>La C\u00e1mara t\u00e9rmica de alta resoluci\u00f3n es: Eficaz y sencilla = 1 bot\u00f3n + pantalla 3.5\u2019\u2019<br \/>\nEspecialmente adecuada para intervenciones. La LEADER TIC 3.1 se ha elaborado pensando en la facilidad de<br \/>\nuso. Ideal para las intervenciones en incendios, la b\u00fasqueda de personas desaparecidas y las zonas de<br \/>\nincendio.<\/p>\n<p><a class=\"accion\" href=\"https:\/\/api.whatsapp.com\/send?phone=573147862881\" target=\"_blank\" rel=\"noopener\">Contactar un consultor<\/a><\/p>\n<p><a class=\"accion\" href=\"https:\/\/www.kpnsafety.com\/pe\/contacto\/\" target=\"_blank\" rel=\"noopener\">Solicitar Presupuesto<\/a><\/p>\n","protected":false},"featured_media":2331,"template":"","meta":[],"product_brand":[],"product_cat":[183],"product_tag":[185,207,208,209],"class_list":{"0":"post-2330","1":"product","2":"type-product","3":"status-publish","4":"has-post-thumbnail","6":"product_cat-busqueda-y-rescate","7":"product_tag-busqueda-y-rescate","8":"product_tag-camara-leader","9":"product_tag-camara-termica","10":"product_tag-leader","12":"first","13":"instock","14":"shipping-taxable","15":"product-type-simple"},"_links":{"self":[{"href":"https:\/\/www.kpnsafety.com\/pe\/wp-json\/wp\/v2\/product\/2330","targetHints":{"allow":["GET"]}}],"collection":[{"href":"https:\/\/www.kpnsafety.com\/pe\/wp-json\/wp\/v2\/product"}],"about":[{"href":"https:\/\/www.kpnsafety.com\/pe\/wp-json\/wp\/v2\/types\/product"}],"wp:featuredmedia":[{"embeddable":true,"href":"https:\/\/www.kpnsafety.com\/pe\/wp-json\/wp\/v2\/media\/2331"}],"wp:attachment":[{"href":"https:\/\/www.kpnsafety.com\/pe\/wp-json\/wp\/v2\/media?parent=2330"}],"wp:term":[{"taxonomy":"product_brand","embeddable":true,"href":"https:\/\/www.kpnsafety.com\/pe\/wp-json\/wp\/v2\/product_brand?post=2330"},{"taxonomy":"product_cat","embeddable":true,"href":"https:\/\/www.kpnsafety.com\/pe\/wp-json\/wp\/v2\/product_cat?post=2330"},{"taxonomy":"product_tag","embeddable":true,"href":"https:\/\/www.kpnsafety.com\/pe\/wp-json\/wp\/v2\/product_tag?post=2330"}],"curies":[{"name":"wp","href":"https:\/\/api.w.org\/{rel}","templated":true}]}}