{"id":2338,"date":"2024-01-22T15:20:40","date_gmt":"2024-01-22T20:20:40","guid":{"rendered":"https:\/\/www.kpnsafety.com\/pe\/?post_type=product&#038;p=2338"},"modified":"2025-01-13T16:56:20","modified_gmt":"2025-01-13T21:56:20","slug":"2338","status":"publish","type":"product","link":"https:\/\/www.kpnsafety.com\/pe\/producto\/2338\/","title":{"rendered":"COMPRESOR ALTERNATIVO W31 MARINER PETROL"},"content":{"rendered":"<p><strong>Caracter\u00edsticas est\u00e1ndar<\/strong><\/p>\n<p>Purificador P21 y cartucho rellenable<\/p>\n<p>Separadores de aceite\/agua despu\u00e9s de la 2\u00aa y 3\u00aa etapas<\/p>\n<p>Tubos de refrigeraci\u00f3n entre etapas (acero inoxidable)<\/p>\n<p>Refrigerador posterior (acero inoxidable)<\/p>\n<p>V\u00e1lvula de prioridad (presi\u00f3n m\u00ednima)<\/p>\n<p>V\u00e1lvula antirretorno Cristal de nivel de aceite Chasis port\u00e1til pintado electrost\u00e1ticamente<\/p>\n<p>V\u00e1lvula de seguridad despu\u00e9s de cada etapa<\/p>\n<p>Soportes de Choque<\/p>\n<p>Manuel Start\/Stop<\/p>\n<p>Drenaje de Condensado Manuel<\/p>\n<p>Panel de control: Botones de encendido y apagado, contador de horas, bot\u00f3n de parada de emergencia Mangueras de llenado completas (yugo, v\u00e1lvula de manguito, man\u00f3metro, adaptador DIN)<\/p>\n<p>Calidad del aire respirable Conforme a la norma EN 12021:2014<\/p>\n","protected":false},"excerpt":{"rendered":"<p>El sistema de lubricaci\u00f3n por salpicadura, alternativo y de tres etapas, y el dise\u00f1o port\u00e1til de los compresores de la serie W31 proporcionan un rendimiento excepcional a sus consumidores. La capacidad de aire comprimido oscila entre 110 y 145 litros por minuto a una presi\u00f3n m\u00e1xima de trabajo de 350 bar. Son ideales para su uso en operaciones que requieran aire respirable conforme a la norma EN 12021 y aire a alta presi\u00f3n.<\/p>\n<p><a class=\"accion\" href=\"https:\/\/api.whatsapp.com\/send?phone=573147862881\" target=\"_blank\" rel=\"noopener\">Contactar un consultor<\/a><\/p>\n<p><a class=\"accion\" href=\"https:\/\/www.kpnsafety.com\/pe\/contacto\/\" target=\"_blank\" rel=\"noopener\">Solicitar Presupuesto<\/a><\/p>\n","protected":false},"featured_media":2339,"template":"","meta":[],"product_brand":[],"product_cat":[224,31],"product_tag":[212],"class_list":{"0":"post-2338","1":"product","2":"type-product","3":"status-publish","4":"has-post-thumbnail","6":"product_cat-compresores-de-aire-respirable","7":"product_cat-proteccion-contra-incendios","8":"product_tag-compresor-alternativo-w31-mariner-petrol","10":"first","11":"instock","12":"shipping-taxable","13":"product-type-simple"},"_links":{"self":[{"href":"https:\/\/www.kpnsafety.com\/pe\/wp-json\/wp\/v2\/product\/2338","targetHints":{"allow":["GET"]}}],"collection":[{"href":"https:\/\/www.kpnsafety.com\/pe\/wp-json\/wp\/v2\/product"}],"about":[{"href":"https:\/\/www.kpnsafety.com\/pe\/wp-json\/wp\/v2\/types\/product"}],"wp:featuredmedia":[{"embeddable":true,"href":"https:\/\/www.kpnsafety.com\/pe\/wp-json\/wp\/v2\/media\/2339"}],"wp:attachment":[{"href":"https:\/\/www.kpnsafety.com\/pe\/wp-json\/wp\/v2\/media?parent=2338"}],"wp:term":[{"taxonomy":"product_brand","embeddable":true,"href":"https:\/\/www.kpnsafety.com\/pe\/wp-json\/wp\/v2\/product_brand?post=2338"},{"taxonomy":"product_cat","embeddable":true,"href":"https:\/\/www.kpnsafety.com\/pe\/wp-json\/wp\/v2\/product_cat?post=2338"},{"taxonomy":"product_tag","embeddable":true,"href":"https:\/\/www.kpnsafety.com\/pe\/wp-json\/wp\/v2\/product_tag?post=2338"}],"curies":[{"name":"wp","href":"https:\/\/api.w.org\/{rel}","templated":true}]}}