{"id":2342,"date":"2024-01-22T17:36:03","date_gmt":"2024-01-22T22:36:03","guid":{"rendered":"https:\/\/www.kpnsafety.com\/pe\/?post_type=product&#038;p=2342"},"modified":"2025-01-13T16:55:01","modified_gmt":"2025-01-13T21:55:01","slug":"sistema-de-seguridad-para-bomberos","status":"publish","type":"product","link":"https:\/\/www.kpnsafety.com\/pe\/producto\/sistema-de-seguridad-para-bomberos\/","title":{"rendered":"SISTEMA DE SEGURIDAD PARA BOMBEROS Equipo SCBA"},"content":{"rendered":"<ul>\n<li>Pantalla de advertencia inal\u00e1mbrica para el estado del PASS y la presi\u00f3n del tanque<\/li>\n<li>Correas de los hombros ergon\u00f3micas que distribuyen el peso lejos de los m\u00fasculos del cuello<\/li>\n<li>V\u00e1lvula de respiraci\u00f3n integrada con escotilla de aire ambiente \u00fanica<\/li>\n<li>Almohadilla para la cintura ajustable y giratoria<\/li>\n<li>Luces posicionadas alrededor del ERA para una visibilidad de 360\u00b0<\/li>\n<\/ul>\n","protected":false},"excerpt":{"rendered":"<p>Su ERA es su seguro de vida. Por sobre todo, debe estar creado para resistir las condiciones m\u00e1s duras, pero cuanto menos deba pensar sobre estar all\u00ed, m\u00e1s libertad tendr\u00e1 para hacer su tarea. Con este, no solo se sentir\u00e1 menos restringido, sino que respirar ser\u00e1 m\u00e1s f\u00e1cil tambi\u00e9n. El arn\u00e9s ergon\u00f3mico distribuye el peso del tanque de aire perfectamente, mientras que su sistema regulador ofrece \u00edndices de flujo de aire l\u00edderes del sector junto con la menor resistencia de respiraci\u00f3n de cualquier ERA aprobado por NFPA.<\/p>\n<p><a class=\"accion\" href=\"https:\/\/api.whatsapp.com\/send?phone=573147862881\" target=\"_blank\" rel=\"noopener\">Contactar un consultor<\/a><\/p>\n<p><a class=\"accion\" href=\"https:\/\/www.kpnsafety.com\/pe\/contacto\/\" target=\"_blank\" rel=\"noopener\">Solicitar Presupuesto<\/a><\/p>\n","protected":false},"featured_media":2345,"template":"","meta":[],"product_brand":[],"product_cat":[31,75],"product_tag":[],"class_list":{"0":"post-2342","1":"product","2":"type-product","3":"status-publish","4":"has-post-thumbnail","6":"product_cat-proteccion-contra-incendios","7":"product_cat-equipos-de-respiracion-autonoma-scba-proteccion-contra-incendios","9":"first","10":"instock","11":"shipping-taxable","12":"product-type-simple"},"_links":{"self":[{"href":"https:\/\/www.kpnsafety.com\/pe\/wp-json\/wp\/v2\/product\/2342","targetHints":{"allow":["GET"]}}],"collection":[{"href":"https:\/\/www.kpnsafety.com\/pe\/wp-json\/wp\/v2\/product"}],"about":[{"href":"https:\/\/www.kpnsafety.com\/pe\/wp-json\/wp\/v2\/types\/product"}],"wp:featuredmedia":[{"embeddable":true,"href":"https:\/\/www.kpnsafety.com\/pe\/wp-json\/wp\/v2\/media\/2345"}],"wp:attachment":[{"href":"https:\/\/www.kpnsafety.com\/pe\/wp-json\/wp\/v2\/media?parent=2342"}],"wp:term":[{"taxonomy":"product_brand","embeddable":true,"href":"https:\/\/www.kpnsafety.com\/pe\/wp-json\/wp\/v2\/product_brand?post=2342"},{"taxonomy":"product_cat","embeddable":true,"href":"https:\/\/www.kpnsafety.com\/pe\/wp-json\/wp\/v2\/product_cat?post=2342"},{"taxonomy":"product_tag","embeddable":true,"href":"https:\/\/www.kpnsafety.com\/pe\/wp-json\/wp\/v2\/product_tag?post=2342"}],"curies":[{"name":"wp","href":"https:\/\/api.w.org\/{rel}","templated":true}]}}