{"id":2346,"date":"2024-01-22T17:46:22","date_gmt":"2024-01-22T22:46:22","guid":{"rendered":"https:\/\/www.kpnsafety.com\/pe\/?post_type=product&#038;p=2346"},"modified":"2026-01-28T17:55:45","modified_gmt":"2026-01-28T22:55:45","slug":"arnes-scba","status":"publish","type":"product","link":"https:\/\/www.kpnsafety.com\/pe\/producto\/arnes-scba\/","title":{"rendered":"ARN\u00c9S SCBA"},"content":{"rendered":"<ul>\n<li>El arn\u00e9s est\u00e1 dise\u00f1ado con un m\u00ednimo absoluto de piezas textiles, lo que lo hace menos susceptible a la contaminaci\u00f3n y mucho m\u00e1s f\u00e1cil de limpiar.La pantalla digital se puede configurar para mostrar una o m\u00e1s de estas pantallas:1. S\u00edmbolo de presi\u00f3n del cilindro2. Presi\u00f3n del cilindro en psi3. Tiempo de aire restante seg\u00fan la frecuencia respiratoria real\n<p>4. Temperatura absorbida<\/p>\n<p>Dos botones grandes operan el PASS integrado y el sensor de movimiento est\u00e1 ubicado en la unidad de visualizaci\u00f3n para un f\u00e1cil reinicio.\u00a0La computadora SCBA est\u00e1 protegida en el marco posterior, controla todos los componentes electr\u00f3nicos y guarda todos los datos de uso para an\u00e1lisis futuros.\u00a0Las rampas LED brindan una indicaci\u00f3n clara de 360\u00b0 del estado PASS y la presi\u00f3n de aire del cilindro.<\/p>\n<p>La pantalla frontal inal\u00e1mbrica (HUD) proporciona continuamente indicaci\u00f3n manos libres de la presi\u00f3n del cilindro y alarmas de nivel bajo de aire.\u00a0Tus amigos pueden ver f\u00e1cilmente las indicaciones del HUD gracias a la funci\u00f3n Buddy Light.\u00a0Est\u00e1 bien protegido dentro de la mascarilla y se puede colocar y quitar f\u00e1cilmente sin herramientas.<\/p>\n<p>Un dise\u00f1o de arn\u00e9s robusto y ergon\u00f3mico maximiza la comodidad, la movilidad y la fuerza.\u00a0La caracter\u00edstica \u00fanica de doble pivote permite que las correas de los hombros y el cintur\u00f3n se muevan de forma independiente, lo que garantiza una distribuci\u00f3n \u00f3ptima del peso durante todas las operaciones de extinci\u00f3n de incendios.<\/p>\n<p>La segunda etapa integrada en la m\u00e1scara facial proporciona un amplio campo de visi\u00f3n, un mejor sellado gracias a la distribuci\u00f3n \u00f3ptima del peso, una calidad de voz clara y permanece conectado de forma segura y bien protegido en todo momento.<\/p>\n<ul>\n<li>Silbato de advertencia mec\u00e1nico y man\u00f3metro anal\u00f3gico.<\/li>\n<li>El dispositivo de acoplamiento del cilindro protege la v\u00e1lvula del cilindro.<\/li>\n<li>Una protecci\u00f3n de goma \u00fanica que recorre los hombros protege contra el material quemado.<\/li>\n<li>El ajuste se ajusta f\u00e1cilmente desde el interior del arn\u00e9s para diferentes tama\u00f1os de cuerpo.<\/li>\n<li>Las correas ergon\u00f3micas para los hombros distribuyen el peso lejos de los m\u00fasculos del cuello.<\/li>\n<li>Robusta asa de rescate y transporte.<\/li>\n<li>HUD proporciona la presi\u00f3n del cilindro y el estado PASA a trav\u00e9s de luces LED de colores<\/li>\n<\/ul>\n<\/li>\n<\/ul>\n","protected":false},"excerpt":{"rendered":"<p>El Arn\u00e9s SCBA de\u00a0 de novena generaci\u00f3n aprobado por NIOSH y NFPA. Combina los \u00faltimos desarrollos electr\u00f3nicos, un concepto de arn\u00e9s robusto y ergon\u00f3mico con el rendimiento comprobado del regulador de primera etapa d, la v\u00e1lvula respiratoria de segunda etapa y la m\u00e1scara facial.<\/p>\n<p>El arn\u00e9s est\u00e1 dise\u00f1ado con un m\u00ednimo absoluto de piezas textiles, lo que lo hace menos susceptible a la contaminaci\u00f3n y mucho m\u00e1s f\u00e1cil de limpiar.<\/p>\n<p><a class=\"accion\" href=\"https:\/\/api.whatsapp.com\/send?phone=573147862881\" target=\"_blank\" rel=\"noopener\">Contactar un consultor<\/a><\/p>\n<p><a class=\"accion\" href=\"https:\/\/www.kpnsafety.com\/pe\/contacto\/\" target=\"_blank\" rel=\"noopener\">Solicitar Presupuesto<\/a><\/p>\n","protected":false},"featured_media":2347,"template":"","meta":[],"product_brand":[],"product_cat":[75,31],"product_tag":[214,225],"class_list":{"0":"post-2346","1":"product","2":"type-product","3":"status-publish","4":"has-post-thumbnail","6":"product_cat-equipos-de-respiracion-autonoma-scba-proteccion-contra-incendios","7":"product_cat-proteccion-contra-incendios","8":"product_tag-arnes-incurve","9":"product_tag-arnes-scba","11":"first","12":"instock","13":"shipping-taxable","14":"product-type-simple"},"_links":{"self":[{"href":"https:\/\/www.kpnsafety.com\/pe\/wp-json\/wp\/v2\/product\/2346","targetHints":{"allow":["GET"]}}],"collection":[{"href":"https:\/\/www.kpnsafety.com\/pe\/wp-json\/wp\/v2\/product"}],"about":[{"href":"https:\/\/www.kpnsafety.com\/pe\/wp-json\/wp\/v2\/types\/product"}],"wp:featuredmedia":[{"embeddable":true,"href":"https:\/\/www.kpnsafety.com\/pe\/wp-json\/wp\/v2\/media\/2347"}],"wp:attachment":[{"href":"https:\/\/www.kpnsafety.com\/pe\/wp-json\/wp\/v2\/media?parent=2346"}],"wp:term":[{"taxonomy":"product_brand","embeddable":true,"href":"https:\/\/www.kpnsafety.com\/pe\/wp-json\/wp\/v2\/product_brand?post=2346"},{"taxonomy":"product_cat","embeddable":true,"href":"https:\/\/www.kpnsafety.com\/pe\/wp-json\/wp\/v2\/product_cat?post=2346"},{"taxonomy":"product_tag","embeddable":true,"href":"https:\/\/www.kpnsafety.com\/pe\/wp-json\/wp\/v2\/product_tag?post=2346"}],"curies":[{"name":"wp","href":"https:\/\/api.w.org\/{rel}","templated":true}]}}