{"id":2349,"date":"2024-01-22T17:52:15","date_gmt":"2024-01-22T22:52:15","guid":{"rendered":"https:\/\/www.kpnsafety.com\/pe\/?post_type=product&#038;p=2349"},"modified":"2025-01-13T16:53:53","modified_gmt":"2025-01-13T21:53:53","slug":"casco-para-combate-de-incendios-estructurales-bullard","status":"publish","type":"product","link":"https:\/\/www.kpnsafety.com\/pe\/producto\/casco-para-combate-de-incendios-estructurales-bullard\/","title":{"rendered":"CASCO PARA COMBATE DE INCENDIOS ESTRUCTURALES BULLARD"},"content":{"rendered":"<p>Dimensiones: 12- 3\/4 pulgadas (largo) x 10 pulgadas<\/p>\n<p>(ancho) x 6-1\/2 pulgadas (altura)<\/p>\n<p>Material de la cubierta exterior: Termopl\u00e1stico<\/p>\n<p>Material de la cubierta interior: capuch\u00f3n de nylon contra impactos<\/p>\n<p>Suspensi\u00f3n: correa de nylon de cuatro puntos para la coronilla<\/p>\n<p>Garant\u00eda: fecha de fabricaci\u00f3n: cinco a\u00f1os para la cubierta, 10 a\u00f1os<\/p>\n<p>para los componentes no electr\u00f3nicos<\/p>\n","protected":false},"excerpt":{"rendered":"<p>Serie LT<br \/>\nLiviano. Para servicio pesado.<\/p>\n<p>Los cascos para combate de incendios estructurales de la serie LT est\u00e1n dise\u00f1ados como<br \/>\nBullard ToughTM (Durable al estilo Bullard) para condiciones extremas. La cubierta resistente,<br \/>\nliviana y el dise\u00f1o compacto han sido reconstruidos para ofrecer mejor espacio para la cabeza<br \/>\ny mayor confort &#8211; volvi\u00e9ndolo el casco m\u00e1s discreto y confortable del mercado.<\/p>\n<p><a class=\"accion\" href=\"https:\/\/api.whatsapp.com\/send?phone=573147862881\" target=\"_blank\" rel=\"noopener\">Contactar un consultor<\/a><\/p>\n<p><a class=\"accion\" href=\"https:\/\/www.kpnsafety.com\/pe\/contacto\/\" target=\"_blank\" rel=\"noopener\">Solicitar Presupuesto<\/a><\/p>\n<p>&nbsp;<\/p>\n","protected":false},"featured_media":2350,"template":"","meta":[],"product_brand":[],"product_cat":[31,64],"product_tag":[216,215],"class_list":{"0":"post-2349","1":"product","2":"type-product","3":"status-publish","4":"has-post-thumbnail","6":"product_cat-proteccion-contra-incendios","7":"product_cat-incendios-estructurales","8":"product_tag-casco-incendios-estructurales","9":"product_tag-casco-para-combate-de-incendios-estructurales-bullard","11":"first","12":"instock","13":"shipping-taxable","14":"product-type-simple"},"_links":{"self":[{"href":"https:\/\/www.kpnsafety.com\/pe\/wp-json\/wp\/v2\/product\/2349","targetHints":{"allow":["GET"]}}],"collection":[{"href":"https:\/\/www.kpnsafety.com\/pe\/wp-json\/wp\/v2\/product"}],"about":[{"href":"https:\/\/www.kpnsafety.com\/pe\/wp-json\/wp\/v2\/types\/product"}],"wp:featuredmedia":[{"embeddable":true,"href":"https:\/\/www.kpnsafety.com\/pe\/wp-json\/wp\/v2\/media\/2350"}],"wp:attachment":[{"href":"https:\/\/www.kpnsafety.com\/pe\/wp-json\/wp\/v2\/media?parent=2349"}],"wp:term":[{"taxonomy":"product_brand","embeddable":true,"href":"https:\/\/www.kpnsafety.com\/pe\/wp-json\/wp\/v2\/product_brand?post=2349"},{"taxonomy":"product_cat","embeddable":true,"href":"https:\/\/www.kpnsafety.com\/pe\/wp-json\/wp\/v2\/product_cat?post=2349"},{"taxonomy":"product_tag","embeddable":true,"href":"https:\/\/www.kpnsafety.com\/pe\/wp-json\/wp\/v2\/product_tag?post=2349"}],"curies":[{"name":"wp","href":"https:\/\/api.w.org\/{rel}","templated":true}]}}