{"id":2353,"date":"2024-01-23T09:03:42","date_gmt":"2024-01-23T14:03:42","guid":{"rendered":"https:\/\/www.kpnsafety.com\/pe\/?post_type=product&#038;p=2353"},"modified":"2025-01-13T16:38:51","modified_gmt":"2025-01-13T21:38:51","slug":"caucho-nitrilo-gomtex","status":"publish","type":"product","link":"https:\/\/www.kpnsafety.com\/pe\/producto\/caucho-nitrilo-gomtex\/","title":{"rendered":"MANGUERA CONTRA INCENDIO DE CAUCHO NITRILO GOMTEX"},"content":{"rendered":"<p><strong>CONSTRUCCI\u00d3N<\/strong><br \/>\n<strong>Capa interior y exterior:<\/strong><br \/>\nCaucho nitrilico especialmente formulado, extrudido a trav\u00e9s del tejido circular. M\u00ednima p\u00e9rdida de carga gracias a su pared<br \/>\ninterior lisa. Gran resistencia t\u00e9rmica.<br \/>\n<strong>Refuerzo textil intermedio:<\/strong><br \/>\nChaqueta fabricada en telar circular con hilo de poli\u00e9ster de alta tenacidad. Libre de defectos, como hilos rotos, nudos, etc.<\/p>\n<p>&nbsp;<\/p>\n<p><strong>USOS<\/strong><\/p>\n<ul>\n<li>Lucha contra incendios, bomberos e industria.<\/li>\n<li>Refiner\u00edas.<\/li>\n<li>Marino en buques yplataformas.<\/li>\n<li>Militar.<\/li>\n<li>Aeropuertos.<\/li>\n<li>Forestal.<\/li>\n<\/ul>\n","protected":false},"excerpt":{"rendered":"<ul>\n<li>Excelente resistencia a la abrasi\u00f3n y al uso intensivo por profesionales.<\/li>\n<li>Gran resistencia a los aceites, gasolinas y una amplia gama de productos qu\u00edmicos.<\/li>\n<li>Muy resistente al calor tanto al contacto como calorradiante.<\/li>\n<li>Manguera ligera y flexible incluso a bajas temperaturas(-15oC). F\u00e1cil de manejar y de enrollar.<\/li>\n<li>Gran resistencia a la rotura gracias a su especial construcci\u00f3n textil.<\/li>\n<li>No necesita mantenimiento ni secado.<\/li>\n<li>Disponible con distintas certificaciones Internacionales.<\/li>\n<\/ul>\n<p><a class=\"accion\" href=\"https:\/\/api.whatsapp.com\/send?phone=573147862881\" target=\"_blank\" rel=\"noopener\">Contactar un consultor<\/a><\/p>\n<p><a class=\"accion\" href=\"https:\/\/www.kpnsafety.com\/pe\/contacto\/\" target=\"_blank\" rel=\"noopener\">Solicitar Presupuesto<\/a><\/p>\n","protected":false},"featured_media":2359,"template":"","meta":[],"product_brand":[],"product_cat":[69,31],"product_tag":[217],"class_list":{"0":"post-2353","1":"product","2":"type-product","3":"status-publish","4":"has-post-thumbnail","6":"product_cat-mangueras-y-accesorios","7":"product_cat-proteccion-contra-incendios","8":"product_tag-caucho-nitrilo-gomtex","10":"first","11":"instock","12":"shipping-taxable","13":"product-type-simple"},"_links":{"self":[{"href":"https:\/\/www.kpnsafety.com\/pe\/wp-json\/wp\/v2\/product\/2353","targetHints":{"allow":["GET"]}}],"collection":[{"href":"https:\/\/www.kpnsafety.com\/pe\/wp-json\/wp\/v2\/product"}],"about":[{"href":"https:\/\/www.kpnsafety.com\/pe\/wp-json\/wp\/v2\/types\/product"}],"wp:featuredmedia":[{"embeddable":true,"href":"https:\/\/www.kpnsafety.com\/pe\/wp-json\/wp\/v2\/media\/2359"}],"wp:attachment":[{"href":"https:\/\/www.kpnsafety.com\/pe\/wp-json\/wp\/v2\/media?parent=2353"}],"wp:term":[{"taxonomy":"product_brand","embeddable":true,"href":"https:\/\/www.kpnsafety.com\/pe\/wp-json\/wp\/v2\/product_brand?post=2353"},{"taxonomy":"product_cat","embeddable":true,"href":"https:\/\/www.kpnsafety.com\/pe\/wp-json\/wp\/v2\/product_cat?post=2353"},{"taxonomy":"product_tag","embeddable":true,"href":"https:\/\/www.kpnsafety.com\/pe\/wp-json\/wp\/v2\/product_tag?post=2353"}],"curies":[{"name":"wp","href":"https:\/\/api.w.org\/{rel}","templated":true}]}}