{"id":2363,"date":"2024-01-23T09:24:42","date_gmt":"2024-01-23T14:24:42","guid":{"rendered":"https:\/\/www.kpnsafety.com\/pe\/?post_type=product&#038;p=2363"},"modified":"2025-01-13T16:38:32","modified_gmt":"2025-01-13T21:38:32","slug":"boquilla-contra-incendios-multiproposito","status":"publish","type":"product","link":"https:\/\/www.kpnsafety.com\/pe\/producto\/boquilla-contra-incendios-multiproposito\/","title":{"rendered":"BOQUILLA CONTRA INCENDIOS MULTIPROP\u00d3SITO"},"content":{"rendered":"<p><strong>Caracter\u00edsticas<\/strong><\/p>\n<ul>\n<li>Boquillas con empu\u00f1adura tipo pistola<\/li>\n<li>Operatividad efectiva desde los 50 psi (3.5 bar) hasta los 100 psi (7 bar)<\/li>\n<li>Capaz de trabajar con \u201cSolid Bore\u201d y \u201cFog Stream\u201d independientemente o con ambos efectos a la vez.<\/li>\n<li>Boquilla muy ligera y compacta.<\/li>\n<li>Boquilla de f\u00e1cil manejo y bajo mantenimiento.<\/li>\n<li>Solid Bore TIPS disponibles en varias medidas.<\/li>\n<li>Certificadas por FM.<\/li>\n<\/ul>\n","protected":false},"excerpt":{"rendered":"<p>Las Boquilla contra incendios multiprop\u00f3sito de la Serie TE presentan un agujero en la zona de la turbina cuya finalidad es la<br \/>\nde dar protecci\u00f3n al bombero mientras \u00e9ste se encuentra en plena funci\u00f3n de extinci\u00f3n del<br \/>\nfuego.<br \/>\nSe trata de una boquilla h\u00edbrida que puede trabajar en modo JET mientras est\u00e1 activado el<br \/>\nmodo NIEBLA. Su baja presi\u00f3n ofrece un mayor caudal para trabajar en edificios altos o en<br \/>\n\u00e1reas extensas, lugares confinados a refrigerar&#8230;.y es compatible con sistemas CAFS.<br \/>\nEl caudal de estas boquillas var\u00eda dependiendo del tama\u00f1o del \u201cTIP\u201d, por lo tanto, se ofrece<br \/>\nuna amplia gama de medidas de \u201cTIP\u201d para que el cliente pueda seleccionar el que mejor se<br \/>\nadapte a su necesidad.<br \/>\nLas boquillas de la Serie TE tambi\u00e9n son compatibles con los sistemas de espuma.<\/p>\n<p><a class=\"accion\" href=\"https:\/\/api.whatsapp.com\/send?phone=573147862881\" target=\"_blank\" rel=\"noopener\">Contactar un consultor<\/a><\/p>\n<p><a class=\"accion\" href=\"https:\/\/www.kpnsafety.com\/pe\/contacto\/\" target=\"_blank\" rel=\"noopener\">Solicitar Presupuesto<\/a><\/p>\n<p>&nbsp;<\/p>\n","protected":false},"featured_media":2364,"template":"","meta":[],"product_brand":[],"product_cat":[31,69],"product_tag":[],"class_list":{"0":"post-2363","1":"product","2":"type-product","3":"status-publish","4":"has-post-thumbnail","6":"product_cat-proteccion-contra-incendios","7":"product_cat-mangueras-y-accesorios","9":"first","10":"instock","11":"shipping-taxable","12":"product-type-simple"},"_links":{"self":[{"href":"https:\/\/www.kpnsafety.com\/pe\/wp-json\/wp\/v2\/product\/2363","targetHints":{"allow":["GET"]}}],"collection":[{"href":"https:\/\/www.kpnsafety.com\/pe\/wp-json\/wp\/v2\/product"}],"about":[{"href":"https:\/\/www.kpnsafety.com\/pe\/wp-json\/wp\/v2\/types\/product"}],"wp:featuredmedia":[{"embeddable":true,"href":"https:\/\/www.kpnsafety.com\/pe\/wp-json\/wp\/v2\/media\/2364"}],"wp:attachment":[{"href":"https:\/\/www.kpnsafety.com\/pe\/wp-json\/wp\/v2\/media?parent=2363"}],"wp:term":[{"taxonomy":"product_brand","embeddable":true,"href":"https:\/\/www.kpnsafety.com\/pe\/wp-json\/wp\/v2\/product_brand?post=2363"},{"taxonomy":"product_cat","embeddable":true,"href":"https:\/\/www.kpnsafety.com\/pe\/wp-json\/wp\/v2\/product_cat?post=2363"},{"taxonomy":"product_tag","embeddable":true,"href":"https:\/\/www.kpnsafety.com\/pe\/wp-json\/wp\/v2\/product_tag?post=2363"}],"curies":[{"name":"wp","href":"https:\/\/api.w.org\/{rel}","templated":true}]}}