{"id":2365,"date":"2024-01-23T09:35:17","date_gmt":"2024-01-23T14:35:17","guid":{"rendered":"https:\/\/www.kpnsafety.com\/pe\/?post_type=product&#038;p=2365"},"modified":"2025-01-13T16:38:22","modified_gmt":"2025-01-13T21:38:22","slug":"arnes-expert-pro-300","status":"publish","type":"product","link":"https:\/\/www.kpnsafety.com\/pe\/producto\/arnes-expert-pro-300\/","title":{"rendered":"ARN\u00c9S EXPERT PRO 300"},"content":{"rendered":"<p>El arn\u00e9s Expert Pro 300 cuenta con un mosquet\u00f3n frontal autom\u00e1tico para un f\u00e1cil ajuste y cintas dise\u00f1adas en forma de U para mayor confort en hombros y regulaci\u00f3n en la cinta dorsal. Este arn\u00e9s tambi\u00e9n es\u00a0<strong>regulable en hombros y piernas<\/strong>, con cintas acolchadas que garantizan la comodidad del usuario. Las hebillas de cierre r\u00e1pido autom\u00e1ticas y las anillas de aluminio forjado aseguran la facilidad de uso y la durabilidad del arn\u00e9s. Adem\u00e1s, el arn\u00e9s viene con una bolsa de nylon para su almacenamiento.<\/p>\n<p>El arn\u00e9s de trabajos verticales Expert Pro 300 de Irudek es un arn\u00e9s antica\u00eddas y ofrece la posibilidad de instalar un bloqueador ventral Krow, sobre la cinta adicional que dispone el arn\u00e9s, utilizando un maillon Delta link. Este arn\u00e9s es \u00f3ptimo para trabajos de acceso con cuerda y cumple con las\u00a0<strong>normativas EN361, EN358 y EN813<\/strong>. Este arn\u00e9s es probado con 140 kg de peso y est\u00e1 disponible en dos tallas. Si necesitas un arn\u00e9s de trabajos verticales de alta calidad, el Expert Pro 300 de Irudek es una excelente opci\u00f3n.<\/p>\n<h2>Caracter\u00edsticas:<\/h2>\n<ul>\n<li>Disponible en dos tallas.<\/li>\n<li>Material: poli\u00e9ster.<\/li>\n<li>Peso del arn\u00e9s: 2,5 kg.<\/li>\n<li>Tama\u00f1o empaquetado: 43 x 30 x 15 cm.<\/li>\n<li>Arn\u00e9s probado con 140 kg de peso.<\/li>\n<li>Normativa:\u00a0EN361, EN358, EN813.<\/li>\n<\/ul>\n","protected":false},"excerpt":{"rendered":"<p>El Arn\u00e9s\u00a0expert pro 300 de trabajos verticales<strong>\u00a0Expert Pro 300 de Irudek<\/strong>\u00a0es un arn\u00e9s de alta calidad y resistencia que ofrece una amplia variedad de caracter\u00edsticas para trabajos en altura y suspensi\u00f3n. Este arn\u00e9s cuenta con un punto de anclaje dorsal y otro esternal, lo que permite una mayor estabilidad y seguridad durante el trabajo en altura. Adem\u00e1s, el cintur\u00f3n de posicionamiento acolchado y transpirable est\u00e1 dise\u00f1ado con\u00a0<strong>dos anillas \u00abD\u00bb laterales y anillas portaherramienta<\/strong>s, as\u00ed como\u00a0<strong>una anilla \u00abD\u00bb ventral para asiento<\/strong>.<\/p>\n<p><a class=\"accion\" href=\"https:\/\/api.whatsapp.com\/send?phone=573147862881\" target=\"_blank\" rel=\"noopener\">Contactar un consultor<\/a><\/p>\n<p><a class=\"accion\" href=\"https:\/\/www.kpnsafety.com\/pe\/contacto\/\" target=\"_blank\" rel=\"noopener\">Solicitar Presupuesto<\/a><\/p>\n","protected":false},"featured_media":2367,"template":"","meta":[],"product_brand":[],"product_cat":[16,56],"product_tag":[220,221],"class_list":{"0":"post-2365","1":"product","2":"type-product","3":"status-publish","4":"has-post-thumbnail","6":"product_cat-seguridad-industrial","7":"product_cat-proteccion-alturas-y-rescate","8":"product_tag-arnes","9":"product_tag-proteccion-en-alturas","11":"first","12":"instock","13":"shipping-taxable","14":"product-type-simple"},"_links":{"self":[{"href":"https:\/\/www.kpnsafety.com\/pe\/wp-json\/wp\/v2\/product\/2365","targetHints":{"allow":["GET"]}}],"collection":[{"href":"https:\/\/www.kpnsafety.com\/pe\/wp-json\/wp\/v2\/product"}],"about":[{"href":"https:\/\/www.kpnsafety.com\/pe\/wp-json\/wp\/v2\/types\/product"}],"wp:featuredmedia":[{"embeddable":true,"href":"https:\/\/www.kpnsafety.com\/pe\/wp-json\/wp\/v2\/media\/2367"}],"wp:attachment":[{"href":"https:\/\/www.kpnsafety.com\/pe\/wp-json\/wp\/v2\/media?parent=2365"}],"wp:term":[{"taxonomy":"product_brand","embeddable":true,"href":"https:\/\/www.kpnsafety.com\/pe\/wp-json\/wp\/v2\/product_brand?post=2365"},{"taxonomy":"product_cat","embeddable":true,"href":"https:\/\/www.kpnsafety.com\/pe\/wp-json\/wp\/v2\/product_cat?post=2365"},{"taxonomy":"product_tag","embeddable":true,"href":"https:\/\/www.kpnsafety.com\/pe\/wp-json\/wp\/v2\/product_tag?post=2365"}],"curies":[{"name":"wp","href":"https:\/\/api.w.org\/{rel}","templated":true}]}}