{"id":2369,"date":"2024-01-23T10:02:17","date_gmt":"2024-01-23T15:02:17","guid":{"rendered":"https:\/\/www.kpnsafety.com\/pe\/?post_type=product&#038;p=2369"},"modified":"2025-01-13T16:38:11","modified_gmt":"2025-01-13T21:38:11","slug":"arnes-light-plus-4","status":"publish","type":"product","link":"https:\/\/www.kpnsafety.com\/pe\/producto\/arnes-light-plus-4\/","title":{"rendered":"ARN\u00c9S LIGHT PLUS 4"},"content":{"rendered":"<p>El arn\u00e9s antica\u00eddas Light Plus 4 es\u00a0<strong>regulable en piernas<\/strong>\u00a0y cuenta con cinta pectoral y cinta p\u00e9lvica, lo que garantiza una gran adaptabilidad a diferentes tallas y una \u00f3ptima sujeci\u00f3n al cuerpo.<\/p>\n<p>Est\u00e1\u00a0<strong>disponible en 3 tallas<\/strong>\u00a0para garantizar un ajuste perfecto al usuario. Este arn\u00e9s antica\u00eddas est\u00e1\u00a0<strong>fabricado con poli\u00e9ster de alta calidad<\/strong>, lo que lo hace resistente y duradero. Adem\u00e1s, su peso de 1250 gramos y su tama\u00f1o empaquetado es de 34 x 23 x 12 cm, lo hacen f\u00e1cil de transportar y almacenar. Este arn\u00e9s cumple con las\u00a0<strong>normativas EN361 y EN358<\/strong>, lo que garantiza su calidad y seguridad.<\/p>\n<p>&nbsp;<\/p>\n<h2>Caracter\u00edsticas:<\/h2>\n<ul>\n<li>Material: poli\u00e9ster.<\/li>\n<li>Peso: 1250 gramos.<\/li>\n<li>Tama\u00f1o empaquetado: 34 x 23 x 12 cm.<\/li>\n<li>Normativa:\u00a0EN361, EN358.<\/li>\n<\/ul>\n","protected":false},"excerpt":{"rendered":"<p>El arn\u00e9s Light Plus 4 de la marca Irudek es una excelente opci\u00f3n para trabajos en altura, gracias a sus caracter\u00edsticas t\u00e9cnicas y dise\u00f1o ergon\u00f3mico. Este arn\u00e9s cuenta con<strong>\u00a0dos colores para diferenciar claramente las partes superior e inferior<\/strong>, lo que facilita su uso y mantenimiento.<\/p>\n<p>Dispone de\u00a0<strong>1 punto de anclaje dorsal<\/strong>\u00a0y cinta de extensi\u00f3n, as\u00ed como\u00a0<strong>1 punto de anclaje esternal<\/strong>, que garantizan la seguridad del usuario. Adem\u00e1s, el cintur\u00f3n de mantenimiento con 2 anillas \u201cD\u201d laterales y anillas porta-herramientas, permite llevar consigo todas las herramientas necesarias sin afectar el confort del usuario.<\/p>\n<p><a class=\"accion\" href=\"https:\/\/api.whatsapp.com\/send?phone=573147862881\" target=\"_blank\" rel=\"noopener\">Contactar un consultor<\/a><\/p>\n<p><a class=\"accion\" href=\"https:\/\/www.kpnsafety.com\/pe\/contacto\/\" target=\"_blank\" rel=\"noopener\">Solicitar Presupuesto<\/a><\/p>\n<p>&nbsp;<\/p>\n","protected":false},"featured_media":2371,"template":"","meta":[],"product_brand":[],"product_cat":[16,56],"product_tag":[220,221],"class_list":{"0":"post-2369","1":"product","2":"type-product","3":"status-publish","4":"has-post-thumbnail","6":"product_cat-seguridad-industrial","7":"product_cat-proteccion-alturas-y-rescate","8":"product_tag-arnes","9":"product_tag-proteccion-en-alturas","11":"first","12":"instock","13":"shipping-taxable","14":"product-type-simple"},"_links":{"self":[{"href":"https:\/\/www.kpnsafety.com\/pe\/wp-json\/wp\/v2\/product\/2369","targetHints":{"allow":["GET"]}}],"collection":[{"href":"https:\/\/www.kpnsafety.com\/pe\/wp-json\/wp\/v2\/product"}],"about":[{"href":"https:\/\/www.kpnsafety.com\/pe\/wp-json\/wp\/v2\/types\/product"}],"wp:featuredmedia":[{"embeddable":true,"href":"https:\/\/www.kpnsafety.com\/pe\/wp-json\/wp\/v2\/media\/2371"}],"wp:attachment":[{"href":"https:\/\/www.kpnsafety.com\/pe\/wp-json\/wp\/v2\/media?parent=2369"}],"wp:term":[{"taxonomy":"product_brand","embeddable":true,"href":"https:\/\/www.kpnsafety.com\/pe\/wp-json\/wp\/v2\/product_brand?post=2369"},{"taxonomy":"product_cat","embeddable":true,"href":"https:\/\/www.kpnsafety.com\/pe\/wp-json\/wp\/v2\/product_cat?post=2369"},{"taxonomy":"product_tag","embeddable":true,"href":"https:\/\/www.kpnsafety.com\/pe\/wp-json\/wp\/v2\/product_tag?post=2369"}],"curies":[{"name":"wp","href":"https:\/\/api.w.org\/{rel}","templated":true}]}}