{"id":2373,"date":"2024-01-23T10:24:34","date_gmt":"2024-01-23T15:24:34","guid":{"rendered":"https:\/\/www.kpnsafety.com\/pe\/?post_type=product&#038;p=2373"},"modified":"2025-01-13T16:38:02","modified_gmt":"2025-01-13T21:38:02","slug":"dispositivo-retractil-anticaidas-sekurblok","status":"publish","type":"product","link":"https:\/\/www.kpnsafety.com\/pe\/producto\/dispositivo-retractil-anticaidas-sekurblok\/","title":{"rendered":"DISPOSITIVO RETR\u00c1CTIL ANTICA\u00cdDAS SEKURBLOK"},"content":{"rendered":"<h2>CARACTER\u00cdSTICAS<\/h2>\n<ul>\n<li><strong>Robusto:<\/strong>\u00a0Car\u00e1cter sint\u00e9tico de alta resistencia, ofreciendo una larga durabilidad.<\/li>\n<li><strong>Seguro:<\/strong>\u00a0para cargas m\u00e1ximas de 140 kg reduciendo la fuerza de impacto por debajo de 6 kN<\/li>\n<li><strong>Anilla giratoria:<\/strong>\u00a0para evitar enredos y mejorar el funcionamiento del equipo.<\/li>\n<li><strong>Indicador de ca\u00edda:<\/strong>\u00a0en caso de ca\u00edda la l\u00ednea verde se vuelve roja, indicando la ca\u00edda del usuario.<\/li>\n<\/ul>\n<h2>MATERIALES<\/h2>\n<p>Material: Acero galvanizado (4,5 mm)<\/p>\n<p>C\u00e1rter: Sint\u00e9tico<\/p>\n<h2>DATOS DE EMBALAJE<\/h2>\n<ul>\n<li>Longitud: 75 M<\/li>\n<li>Peso: 3,57 kg<\/li>\n<li>Dimensiones: 172x87x390<\/li>\n<li>Largura de empaquetado: 55 cm<\/li>\n<li>Anchura de empaquetado: 19 cm<\/li>\n<li>Altura de empaquetado: 10 cm<\/li>\n<\/ul>\n<h2>CONECTORES SEKURBLOK<\/h2>\n<p><strong>Conector inferior 976:<\/strong><\/p>\n<ul>\n<li>Abertura: 20 mm<\/li>\n<li>Material: Acero<\/li>\n<li>Resistencia: 23 kN<\/li>\n<li>Cierre: Autom\u00e1tico<\/li>\n<li>Giratorio: S\u00ed<\/li>\n<li>Testigo de ca\u00edda: S\u00ed<\/li>\n<\/ul>\n<p><strong>Conector superior 981:<\/strong><\/p>\n<ul>\n<li>Abertura: 21 mm<\/li>\n<li>Material: Acero<\/li>\n<li>Resistencia: 25 kN<\/li>\n<li>Cierre:\u00a0Rosca<\/li>\n<li>Giratorio: No<\/li>\n<li>Testigo de ca\u00edda: No<\/li>\n<\/ul>\n","protected":false},"excerpt":{"rendered":"<div class=\"product_name_wrap flex_container flex_start\">\n<div class=\"flex_child\">\n<div class=\"product-manufacturer pro_extra_info flex_container\">\n<p><span class=\"pro_extra_info_label\">Marca:Itudex<\/span><\/p>\n<div class=\"pro_extra_info_content flex_child\">\n<p>El Dispositivo retr\u00e1ctil antica\u00eddas sekurblok para trabajos en altura. Antica\u00eddas de reposici\u00f3n autom\u00e1tica con c\u00e1rter sint\u00e9tico.<\/p>\n<\/div>\n<div>Antica\u00eddas de reposici\u00f3n autom\u00e1tica Sekurblok con c\u00e1rter sint\u00e9tico y cable de acero galvanizado de \u00d84,5 mm. Incluye 1 mosquet\u00f3n de acero cierre rosca en la parte superior + 1 nuevo mosquet\u00f3n autom\u00e1tico de acero, giratorio, con indicador de ca\u00edda en el extremo inferior para prevenir que el cable se enrede durante la utilizaci\u00f3n.<\/div>\n<\/div>\n<div>\n<p><a class=\"accion\" href=\"https:\/\/api.whatsapp.com\/send?phone=573147862881\" target=\"_blank\" rel=\"noopener\">Contactar un consultor<\/a><\/p>\n<p><a class=\"accion\" href=\"https:\/\/www.kpnsafety.com\/pe\/contacto\/\" target=\"_blank\" rel=\"noopener\">Solicitar Presupuesto<\/a><\/p>\n<\/div>\n<\/div>\n<\/div>\n","protected":false},"featured_media":2374,"template":"","meta":[],"product_brand":[],"product_cat":[16,56],"product_tag":[222,221],"class_list":{"0":"post-2373","1":"product","2":"type-product","3":"status-publish","4":"has-post-thumbnail","6":"product_cat-seguridad-industrial","7":"product_cat-proteccion-alturas-y-rescate","8":"product_tag-dispositivo-retractil","9":"product_tag-proteccion-en-alturas","11":"first","12":"instock","13":"shipping-taxable","14":"product-type-simple"},"_links":{"self":[{"href":"https:\/\/www.kpnsafety.com\/pe\/wp-json\/wp\/v2\/product\/2373","targetHints":{"allow":["GET"]}}],"collection":[{"href":"https:\/\/www.kpnsafety.com\/pe\/wp-json\/wp\/v2\/product"}],"about":[{"href":"https:\/\/www.kpnsafety.com\/pe\/wp-json\/wp\/v2\/types\/product"}],"wp:featuredmedia":[{"embeddable":true,"href":"https:\/\/www.kpnsafety.com\/pe\/wp-json\/wp\/v2\/media\/2374"}],"wp:attachment":[{"href":"https:\/\/www.kpnsafety.com\/pe\/wp-json\/wp\/v2\/media?parent=2373"}],"wp:term":[{"taxonomy":"product_brand","embeddable":true,"href":"https:\/\/www.kpnsafety.com\/pe\/wp-json\/wp\/v2\/product_brand?post=2373"},{"taxonomy":"product_cat","embeddable":true,"href":"https:\/\/www.kpnsafety.com\/pe\/wp-json\/wp\/v2\/product_cat?post=2373"},{"taxonomy":"product_tag","embeddable":true,"href":"https:\/\/www.kpnsafety.com\/pe\/wp-json\/wp\/v2\/product_tag?post=2373"}],"curies":[{"name":"wp","href":"https:\/\/api.w.org\/{rel}","templated":true}]}}