{"id":2377,"date":"2024-01-23T11:25:49","date_gmt":"2024-01-23T16:25:49","guid":{"rendered":"https:\/\/www.kpnsafety.com\/pe\/?post_type=product&#038;p=2377"},"modified":"2025-01-13T16:37:42","modified_gmt":"2025-01-13T21:37:42","slug":"mascara-respiratoria-papr","status":"publish","type":"product","link":"https:\/\/www.kpnsafety.com\/pe\/producto\/mascara-respiratoria-papr\/","title":{"rendered":"M\u00c1SCARA PROTECCI\u00d3N RESPIRATORIA &#8211; PAPR"},"content":{"rendered":"<ul>\n<li><span style=\"vertical-align: inherit;\"><span style=\"vertical-align: inherit;\">Ofrece una protecci\u00f3n respiratoria hasta TH3 con un factor de protecci\u00f3n nominal (FPN) de 500. TH3 es la mayor clasificaci\u00f3n posible en la norma EN 12491:1998 + A2:2008.<\/span><\/span><\/li>\n<li><span style=\"vertical-align: inherit;\"><span style=\"vertical-align: inherit;\">Los filtros HEPA tienen una gran capacidad y, unidos a los prefiltros dise\u00f1ados aerodin\u00e1micamente, permiten un flujo de aire limpio de 160 litros por minuto.<\/span><\/span><\/li>\n<li><span style=\"vertical-align: inherit;\"><span style=\"vertical-align: inherit;\">El equipo incluye un sistema inteligente que mantiene en todo momento la presi\u00f3n positiva dentro del EPI. Esto se consigue monitorizando cada 2 segundos tanto al sistema como al usuario y ajustando el flujo de aire en funci\u00f3n de la demanda respiratoria.<\/span><\/span><\/li>\n<li><span style=\"vertical-align: inherit;\"><span style=\"vertical-align: inherit;\">El estado de la bater\u00eda y del filtro se visualiza incluso con el equipo puesto. Adem\u00e1s se reciben notificaciones auditivas del estado.<\/span><\/span><\/li>\n<li><span style=\"vertical-align: inherit;\"><span style=\"vertical-align: inherit;\">El vaho nunca ser\u00e1 un problema con este equipo motorizado. JSP ha dise\u00f1ado un sistema de flujo de aire que evita que la pantalla se empa\u00f1e mejorando de esta manera la comodidad del usuario.<\/span><\/span><\/li>\n<li><span style=\"vertical-align: inherit;\"><span style=\"vertical-align: inherit;\">La cabeza queda protegida gracias al casco de seguridad JSP EVO5 Olympus. Se trata del novedoso casco del fabricante ingl\u00e9s certificado para el mercado europeo (EN397), el norteamericano (ANSI\/ISEA Z89.1), canadiense (CSA Z94.1) y para el mercado chino (GB2811).<\/span><\/span><\/li>\n<li><span style=\"vertical-align: inherit;\"><span style=\"vertical-align: inherit;\">El visor de protecci\u00f3n facial es de clase \u00f3ptica 1 y est\u00e1 certificado seg\u00fan EN166B.<\/span><\/span><\/li>\n<\/ul>\n","protected":false},"excerpt":{"rendered":"<h2><strong><span style=\"vertical-align: inherit;\"><span style=\"vertical-align: inherit;\">Equipo de Protecci\u00f3n Individual 4 en 1<\/span><\/span><\/strong><\/h2>\n<p><span style=\"vertical-align: inherit;\"><span style=\"vertical-align: inherit;\">El equipo motorizado es lo \u00faltimo en tecnolog\u00eda para la protecci\u00f3n respiratoria.<\/span><\/span><\/p>\n<div id=\"tab-content\" class=\"tab-content\">\n<div id=\"description\" class=\"tab-pane fade in active\">\n<div class=\"product-description\">\n<p><span style=\"vertical-align: inherit;\"><span style=\"vertical-align: inherit;\">Protecci\u00f3n de la cabeza, protecci\u00f3n v\u00edas respiratorias, protecci\u00f3n facial y protecci\u00f3n auditiva (opcional). Todo integrado en un equipo dise\u00f1ado ergon\u00f3micamente.<\/span><\/span><\/p>\n<\/div>\n<p><a class=\"accion\" href=\"https:\/\/api.whatsapp.com\/send?phone=573147862881\" target=\"_blank\" rel=\"noopener\">Contactar un consultor<\/a><\/p>\n<p><a class=\"accion\" href=\"https:\/\/www.kpnsafety.com\/pe\/contacto\/\" target=\"_blank\" rel=\"noopener\">Solicitar Presupuesto<\/a><\/p>\n<\/div>\n<\/div>\n","protected":false},"featured_media":2378,"template":"","meta":[],"product_brand":[],"product_cat":[75,31,16],"product_tag":[],"class_list":{"0":"post-2377","1":"product","2":"type-product","3":"status-publish","4":"has-post-thumbnail","6":"product_cat-equipos-de-respiracion-autonoma-scba-proteccion-contra-incendios","7":"product_cat-proteccion-contra-incendios","8":"product_cat-seguridad-industrial","10":"first","11":"instock","12":"shipping-taxable","13":"product-type-simple"},"_links":{"self":[{"href":"https:\/\/www.kpnsafety.com\/pe\/wp-json\/wp\/v2\/product\/2377","targetHints":{"allow":["GET"]}}],"collection":[{"href":"https:\/\/www.kpnsafety.com\/pe\/wp-json\/wp\/v2\/product"}],"about":[{"href":"https:\/\/www.kpnsafety.com\/pe\/wp-json\/wp\/v2\/types\/product"}],"wp:featuredmedia":[{"embeddable":true,"href":"https:\/\/www.kpnsafety.com\/pe\/wp-json\/wp\/v2\/media\/2378"}],"wp:attachment":[{"href":"https:\/\/www.kpnsafety.com\/pe\/wp-json\/wp\/v2\/media?parent=2377"}],"wp:term":[{"taxonomy":"product_brand","embeddable":true,"href":"https:\/\/www.kpnsafety.com\/pe\/wp-json\/wp\/v2\/product_brand?post=2377"},{"taxonomy":"product_cat","embeddable":true,"href":"https:\/\/www.kpnsafety.com\/pe\/wp-json\/wp\/v2\/product_cat?post=2377"},{"taxonomy":"product_tag","embeddable":true,"href":"https:\/\/www.kpnsafety.com\/pe\/wp-json\/wp\/v2\/product_tag?post=2377"}],"curies":[{"name":"wp","href":"https:\/\/api.w.org\/{rel}","templated":true}]}}