{"id":2381,"date":"2024-01-29T14:11:48","date_gmt":"2024-01-29T19:11:48","guid":{"rendered":"https:\/\/www.kpnsafety.com\/pe\/?post_type=product&#038;p=2381"},"modified":"2026-02-13T09:50:29","modified_gmt":"2026-02-13T14:50:29","slug":"motobomba-portatil-bh4","status":"publish","type":"product","link":"https:\/\/www.kpnsafety.com\/pe\/producto\/motobomba-portatil-bh4\/","title":{"rendered":"MOTOBOMBA PORT\u00c1TIL BH4"},"content":{"rendered":"<div>\n<h2>Descripci\u00f3n<\/h2>\n<div class=\"vc_row wpb_row vc_row-fluid\">\n<div class=\"wpb_column vc_column_container vc_col-sm-12\">\n<div class=\"vc_column-inner\">\n<div class=\"wpb_wrapper\">\n<div class=\"wpb_text_column wpb_content_element \">\n<div class=\"wpb_wrapper\">\n<div class=\"ewa-rteLine\"><strong>Bomba centr\u00edfuga de 4 etapas<\/strong><\/div>\n<div class=\"ewa-rteLine\">Compacta, eficiente y fiable.<\/div>\n<div class=\"ewa-rteLine\">Cuerpo e impelers fabricados en aluminio con tratamiento anticorrosivo.<\/div>\n<div class=\"ewa-rteLine\">Eje y resto de componentes est\u00e1n fabricados en acero inoxidable.<\/div>\n<div class=\"ewa-rteLine\">Compatible con espum\u00f3geno.<\/div>\n<div class=\"ewa-rteLine\"><\/div>\n<div class=\"ewa-rteLine\"><strong>Motores de gasolina de 4 tiempos<\/strong><\/div>\n<div class=\"ewa-rteLine\">Combinable con 3 motores distintos: Honda GX390, Briggs &amp; Stratton Vanguard 18HP y Briggs &amp; Stratton Vanguard 23HP.<\/div>\n<div class=\"ewa-rteLine\"><\/div>\n<div class=\"ewa-rteLine\"><strong>Grandes prestaciones<\/strong><\/div>\n<div class=\"ewa-rteLine\">La Black Hawk 4 puede alcanzar hasta 28,8 bar de presi\u00f3n m\u00e1xima y 397 l\/min de caudal m\u00e1ximo.<\/div>\n<div class=\"ewa-rteLine\"><\/div>\n<div class=\"ewa-rteLine\"><strong>Rendimiento<\/strong><\/div>\n<div class=\"ewa-rteLine\">Hasta 28,8 bar y 397 l\/min.<\/div>\n<div class=\"ewa-rteLine\"><\/div>\n<div class=\"ewa-rteLine\"><strong>Normativas<\/strong><\/div>\n<div class=\"ewa-rteLine\">UNE-EN 14466:2006<\/div>\n<\/div>\n<\/div>\n<\/div>\n<\/div>\n<\/div>\n<\/div>\n<\/div>\n<div class=\"ewa-rteLine\"><\/div>\n","protected":false},"excerpt":{"rendered":"<div class=\"ewa-rteLine\">Gran rendimiento y potencia. La motobomba BH4 est\u00e1 equipada con una bomba centr\u00edfuga de 4 etapas y se puede combinar con 3 motores distintos de 4 tiempos gasolina, llegando hasta los 28,8 bar de presi\u00f3n m\u00e1xima y 397 l\/min de caudal m\u00e1ximo.<\/div>\n<div class=\"ewa-rteLine\"><\/div>\n<div class=\"ewa-rteLine\"><strong>Aplicaciones<\/strong><\/div>\n<div><\/div>\n<div class=\"ewa-rteLine\">Ataque directo con tendido de mangueras.<\/div>\n<div class=\"ewa-rteLine\">Maniobras de autoprotecci\u00f3n con aspersores.<\/div>\n<div class=\"ewa-rteLine\">Bombeo en t\u00e1ndem para largas distancias.<\/div>\n<div>\n<p><a class=\"accion\" href=\"https:\/\/api.whatsapp.com\/send?phone=573147862881\" target=\"_blank\" rel=\"noopener\">Contactar un consultor<\/a><\/p>\n<p><a class=\"accion\" href=\"https:\/\/www.kpnsafety.com\/pe\/contacto\/\" target=\"_blank\" rel=\"noopener\">Solicitar Presupuesto<\/a><\/p>\n<\/div>\n","protected":false},"featured_media":2382,"template":"","meta":[],"product_brand":[],"product_cat":[31,73],"product_tag":[],"class_list":{"0":"post-2381","1":"product","2":"type-product","3":"status-publish","4":"has-post-thumbnail","6":"product_cat-proteccion-contra-incendios","7":"product_cat-kits-de-extincion-de-alta-presion-proteccion-contra-incendios","9":"first","10":"instock","11":"shipping-taxable","12":"product-type-simple"},"_links":{"self":[{"href":"https:\/\/www.kpnsafety.com\/pe\/wp-json\/wp\/v2\/product\/2381","targetHints":{"allow":["GET"]}}],"collection":[{"href":"https:\/\/www.kpnsafety.com\/pe\/wp-json\/wp\/v2\/product"}],"about":[{"href":"https:\/\/www.kpnsafety.com\/pe\/wp-json\/wp\/v2\/types\/product"}],"wp:featuredmedia":[{"embeddable":true,"href":"https:\/\/www.kpnsafety.com\/pe\/wp-json\/wp\/v2\/media\/2382"}],"wp:attachment":[{"href":"https:\/\/www.kpnsafety.com\/pe\/wp-json\/wp\/v2\/media?parent=2381"}],"wp:term":[{"taxonomy":"product_brand","embeddable":true,"href":"https:\/\/www.kpnsafety.com\/pe\/wp-json\/wp\/v2\/product_brand?post=2381"},{"taxonomy":"product_cat","embeddable":true,"href":"https:\/\/www.kpnsafety.com\/pe\/wp-json\/wp\/v2\/product_cat?post=2381"},{"taxonomy":"product_tag","embeddable":true,"href":"https:\/\/www.kpnsafety.com\/pe\/wp-json\/wp\/v2\/product_tag?post=2381"}],"curies":[{"name":"wp","href":"https:\/\/api.w.org\/{rel}","templated":true}]}}