{"id":2389,"date":"2024-02-07T17:33:52","date_gmt":"2024-02-07T22:33:52","guid":{"rendered":"https:\/\/www.kpnsafety.com\/pe\/?post_type=product&#038;p=2389"},"modified":"2025-01-13T16:17:35","modified_gmt":"2025-01-13T21:17:35","slug":"minicortador-ccu10","status":"publish","type":"product","link":"https:\/\/www.kpnsafety.com\/pe\/producto\/minicortador-ccu10\/","title":{"rendered":"MINICORTADOR CCU10"},"content":{"rendered":"<ul class=\"usp-list\" data-js-change-to-list=\"\">\n<li data-feature-id=\"1\">Dise\u00f1o a bater\u00eda<\/li>\n<li>Lista para su uso inmediato<\/li>\n<li>M\u00e1xima libertad operativa<\/li>\n<li>No se necesitan m\u00e1s bombas ni mangueras en su equipo de rescate &#8211; Ahorra espacio y peso en el veh\u00edculo de rescate<\/li>\n<li>Sin emisiones &#8211; Para un uso seguro en interiores y aplicaciones de USAR<\/li>\n<\/ul>\n","protected":false},"excerpt":{"rendered":"<div class=\"pdp__main\">\n<div class=\"pdp__description show-full\">\n<p class=\"pdp__description__text\">La primera minicizalla a bater\u00eda: compacta, vers\u00e1til y lista para la acci\u00f3n. Esta herramienta a bater\u00eda completa cualquier equipo de rescate.<\/p>\n<p class=\"pdp__standard-applied-with\"><strong>Se suministra de serie con:<\/strong><\/p>\n<ul>\n<li class=\"pdp__standard-applied-with\">Tecnolog\u00eda i-Bolt<\/li>\n<li class=\"pdp__standard-applied-with\">Iluminaci\u00f3n LED integrada<\/li>\n<li class=\"pdp__standard-applied-with\">Dos bater\u00edas de 18 V 2 Ah CBPA182<\/li>\n<\/ul>\n<div class=\"pdp__standard-supplied-list\">\n<ul class=\"usp-list\">\n<li style=\"list-style-type: none;\"><a class=\"accion\" href=\"https:\/\/api.whatsapp.com\/send?phone=573147862881\" target=\"_blank\" rel=\"noopener\">Contactar un consultor<\/a>\n<p><a class=\"accion\" href=\"https:\/\/www.kpnsafety.com\/pe\/contacto\/\" target=\"_blank\" rel=\"noopener\">Solicitar Presupuesto<\/a><\/li>\n<\/ul>\n<\/div>\n<\/div>\n<div class=\"pdp__cta-wrapper\"><\/div>\n<\/div>\n","protected":false},"featured_media":2390,"template":"","meta":[],"product_brand":[],"product_cat":[181],"product_tag":[226],"class_list":{"0":"post-2389","1":"product","2":"type-product","3":"status-publish","4":"has-post-thumbnail","6":"product_cat-herramientas-de-extricacion-vehicular","7":"product_tag-minicortador-ccu10","9":"first","10":"instock","11":"shipping-taxable","12":"product-type-simple"},"_links":{"self":[{"href":"https:\/\/www.kpnsafety.com\/pe\/wp-json\/wp\/v2\/product\/2389","targetHints":{"allow":["GET"]}}],"collection":[{"href":"https:\/\/www.kpnsafety.com\/pe\/wp-json\/wp\/v2\/product"}],"about":[{"href":"https:\/\/www.kpnsafety.com\/pe\/wp-json\/wp\/v2\/types\/product"}],"wp:featuredmedia":[{"embeddable":true,"href":"https:\/\/www.kpnsafety.com\/pe\/wp-json\/wp\/v2\/media\/2390"}],"wp:attachment":[{"href":"https:\/\/www.kpnsafety.com\/pe\/wp-json\/wp\/v2\/media?parent=2389"}],"wp:term":[{"taxonomy":"product_brand","embeddable":true,"href":"https:\/\/www.kpnsafety.com\/pe\/wp-json\/wp\/v2\/product_brand?post=2389"},{"taxonomy":"product_cat","embeddable":true,"href":"https:\/\/www.kpnsafety.com\/pe\/wp-json\/wp\/v2\/product_cat?post=2389"},{"taxonomy":"product_tag","embeddable":true,"href":"https:\/\/www.kpnsafety.com\/pe\/wp-json\/wp\/v2\/product_tag?post=2389"}],"curies":[{"name":"wp","href":"https:\/\/api.w.org\/{rel}","templated":true}]}}