{"id":2391,"date":"2024-02-07T17:50:20","date_gmt":"2024-02-07T22:50:20","guid":{"rendered":"https:\/\/www.kpnsafety.com\/pe\/?post_type=product&#038;p=2391"},"modified":"2025-01-13T16:20:25","modified_gmt":"2025-01-13T21:20:25","slug":"mascara-era","status":"publish","type":"product","link":"https:\/\/www.kpnsafety.com\/pe\/producto\/mascara-era\/","title":{"rendered":"M\u00c1SCARA ERA"},"content":{"rendered":"<ul>\n<li>Conexi\u00f3n r\u00e1pida de la v\u00e1lvula respiratoria a la mascarilla.<\/li>\n<li>La v\u00e1lvula respiratoria se cierra autom\u00e1ticamente cuando se desconecta de la mascarilla<\/li>\n<li>La demanda controlada y activada desde la m\u00e1scara interior proporciona un excelente rendimiento respiratorio.<\/li>\n<li>Bot\u00f3n de purga en la v\u00e1lvula de respiraci\u00f3n para aumentar el flujo de aire a la mascarilla<\/li>\n<li>Preparado y compatible con sistema de comunicaci\u00f3n por voz Spirocom, \u00abHeads-Up Display\u00bb y kit de gafas<\/li>\n<li>Arn\u00e9s para la cabeza ergon\u00f3mico con hebillas de f\u00e1cil manejo<\/li>\n<\/ul>\n<div class=\"InterspiroFeature\">\n<p>La versi\u00f3n est\u00e1ndar est\u00e1 fabricada en caucho natural y tiene un arn\u00e9s para la cabeza de 5 puntos.\u00a0Esta versi\u00f3n est\u00e1 disponible en tres tallas diferentes: Talla est\u00e1ndar (M\/L), Talla peque\u00f1a (S) y Talla extragrande (XL).<\/p>\n<\/div>\n","protected":false},"excerpt":{"rendered":"<p>El dise\u00f1o de la M\u00c1SCARA ERA y la v\u00e1lvula respiratoria es muy compacto, sin partes sobresalientes, lo que brinda visibilidad ilimitada y reduce el riesgo de enganchones y da\u00f1os mec\u00e1nicos. El funcionamiento silencioso de la m\u00e1scara proporciona una m\u00ednima interferencia de ruido y excelentes posibilidades de comunicaci\u00f3n.<\/p>\n<p><a class=\"accion\" href=\"https:\/\/api.whatsapp.com\/send?phone=573147862881\" target=\"_blank\" rel=\"noopener\">Contactar un consultor<\/a><\/p>\n<p><a class=\"accion\" href=\"https:\/\/www.kpnsafety.com\/pe\/contacto\/\" target=\"_blank\" rel=\"noopener\">Solicitar Presupuesto<\/a><\/p>\n","protected":false},"featured_media":2392,"template":"","meta":[],"product_brand":[],"product_cat":[75,31],"product_tag":[227],"class_list":{"0":"post-2391","1":"product","2":"type-product","3":"status-publish","4":"has-post-thumbnail","6":"product_cat-equipos-de-respiracion-autonoma-scba-proteccion-contra-incendios","7":"product_cat-proteccion-contra-incendios","8":"product_tag-mascara-era","10":"first","11":"instock","12":"shipping-taxable","13":"product-type-simple"},"_links":{"self":[{"href":"https:\/\/www.kpnsafety.com\/pe\/wp-json\/wp\/v2\/product\/2391","targetHints":{"allow":["GET"]}}],"collection":[{"href":"https:\/\/www.kpnsafety.com\/pe\/wp-json\/wp\/v2\/product"}],"about":[{"href":"https:\/\/www.kpnsafety.com\/pe\/wp-json\/wp\/v2\/types\/product"}],"wp:featuredmedia":[{"embeddable":true,"href":"https:\/\/www.kpnsafety.com\/pe\/wp-json\/wp\/v2\/media\/2392"}],"wp:attachment":[{"href":"https:\/\/www.kpnsafety.com\/pe\/wp-json\/wp\/v2\/media?parent=2391"}],"wp:term":[{"taxonomy":"product_brand","embeddable":true,"href":"https:\/\/www.kpnsafety.com\/pe\/wp-json\/wp\/v2\/product_brand?post=2391"},{"taxonomy":"product_cat","embeddable":true,"href":"https:\/\/www.kpnsafety.com\/pe\/wp-json\/wp\/v2\/product_cat?post=2391"},{"taxonomy":"product_tag","embeddable":true,"href":"https:\/\/www.kpnsafety.com\/pe\/wp-json\/wp\/v2\/product_tag?post=2391"}],"curies":[{"name":"wp","href":"https:\/\/api.w.org\/{rel}","templated":true}]}}