{"id":2393,"date":"2024-02-07T17:58:28","date_gmt":"2024-02-07T22:58:28","guid":{"rendered":"https:\/\/www.kpnsafety.com\/pe\/?post_type=product&#038;p=2393"},"modified":"2026-01-28T17:00:42","modified_gmt":"2026-01-28T22:00:42","slug":"cilindro-era","status":"publish","type":"product","link":"https:\/\/www.kpnsafety.com\/pe\/producto\/cilindro-era\/","title":{"rendered":"CILINDRO ERA"},"content":{"rendered":"<p>Hay varias opciones para las v\u00e1lvulas del cilindro:<br \/>\nV\u00e1lvula de exceso de flujo (EFV) = Reducir el flujo de aire del cilindro en caso de da\u00f1o o apertura involuntaria.<br \/>\nTrinquete de seguridad = Mecanismo que impide el cierre involuntario, \u00abpull-to-close\u00bb o \u00abpush-to-close\u00bb.<br \/>\nMan\u00f3metro = Man\u00f3metro peque\u00f1o integrado que muestra la presi\u00f3n del cilindro.<br \/>\nDisco de ruptura = Un dispositivo de alivio de presi\u00f3n que protege el cilindro de la sobrepresurizaci\u00f3n.<\/p>\n<p>Est\u00e1n disponibles las siguientes combinaciones de v\u00e1lvulas de cilindro:<\/p>\n<ul>\n<li>Variante en l\u00ednea con volante apuntando directamente hacia abajo desde el cilindro.<br \/>\n1. Versi\u00f3n b\u00e1sica<br \/>\n2. EFV<br \/>\n3. EFV + trinquete de seguridad<br \/>\n4. EFV + trinquete de seguridad + man\u00f3metro<\/li>\n<li>Variante de 90\u00b0 con volante en \u00e1ngulo de 90\u00b0 desde la conexi\u00f3n del regulador.<br \/>\nViene de serie con disco de explosi\u00f3n, trinquete de seguridad y EFV.<br \/>\n1. Versi\u00f3n b\u00e1sica, trinquete de cierre por<br \/>\nempuje 2. Man\u00f3metro, trinquete de cierre por tracci\u00f3n<\/li>\n<li>Variante de 180\u00b0 con volante en \u00e1ngulo de 180\u00b0 desde la conexi\u00f3n del regulador.<br \/>\nViene de serie con disco de explosi\u00f3n, trinquete de seguridad de empujar para cerrar y EFV.<br \/>\n1. Versi\u00f3n b\u00e1sica<br \/>\n2. Man\u00f3metro<\/li>\n<\/ul>\n","protected":false},"excerpt":{"rendered":"<p>El CILINDRO ERA totalmente compuesto ultraligero\u00a0 tienen un volumen de 9,0 litros y una vida \u00fatil ilimitada, \u00abNLL\u00bb (vida no limitada). Proporciona un peso muy bajo y una construcci\u00f3n confiable.\u00a0El cilindro puede equiparse con un acoplamiento r\u00e1pido para cilindro opcional.<\/p>\n<p><a class=\"accion\" href=\"https:\/\/api.whatsapp.com\/send?phone=573147862881\" target=\"_blank\" rel=\"noopener\">Contactar un consultor<\/a><\/p>\n<p><a class=\"accion\" href=\"https:\/\/www.kpnsafety.com\/pe\/contacto\/\" target=\"_blank\" rel=\"noopener\">Solicitar Presupuesto<\/a><\/p>\n","protected":false},"featured_media":2395,"template":"","meta":[],"product_brand":[],"product_cat":[75,31],"product_tag":[],"class_list":{"0":"post-2393","1":"product","2":"type-product","3":"status-publish","4":"has-post-thumbnail","6":"product_cat-equipos-de-respiracion-autonoma-scba-proteccion-contra-incendios","7":"product_cat-proteccion-contra-incendios","9":"first","10":"instock","11":"shipping-taxable","12":"product-type-simple"},"_links":{"self":[{"href":"https:\/\/www.kpnsafety.com\/pe\/wp-json\/wp\/v2\/product\/2393","targetHints":{"allow":["GET"]}}],"collection":[{"href":"https:\/\/www.kpnsafety.com\/pe\/wp-json\/wp\/v2\/product"}],"about":[{"href":"https:\/\/www.kpnsafety.com\/pe\/wp-json\/wp\/v2\/types\/product"}],"wp:featuredmedia":[{"embeddable":true,"href":"https:\/\/www.kpnsafety.com\/pe\/wp-json\/wp\/v2\/media\/2395"}],"wp:attachment":[{"href":"https:\/\/www.kpnsafety.com\/pe\/wp-json\/wp\/v2\/media?parent=2393"}],"wp:term":[{"taxonomy":"product_brand","embeddable":true,"href":"https:\/\/www.kpnsafety.com\/pe\/wp-json\/wp\/v2\/product_brand?post=2393"},{"taxonomy":"product_cat","embeddable":true,"href":"https:\/\/www.kpnsafety.com\/pe\/wp-json\/wp\/v2\/product_cat?post=2393"},{"taxonomy":"product_tag","embeddable":true,"href":"https:\/\/www.kpnsafety.com\/pe\/wp-json\/wp\/v2\/product_tag?post=2393"}],"curies":[{"name":"wp","href":"https:\/\/api.w.org\/{rel}","templated":true}]}}