{"id":2428,"date":"2024-04-24T12:20:05","date_gmt":"2024-04-24T17:20:05","guid":{"rendered":"https:\/\/www.kpnsafety.com\/pe\/?post_type=product&#038;p=2428"},"modified":"2025-01-13T16:15:20","modified_gmt":"2025-01-13T21:15:20","slug":"chaqueta-ignifuga-para-bombero-forestal","status":"publish","type":"product","link":"https:\/\/www.kpnsafety.com\/pe\/producto\/chaqueta-ignifuga-para-bombero-forestal\/","title":{"rendered":"CHAQUETA IGN\u00cdFUGA PARA BOMBERO FORESTAL"},"content":{"rendered":"<ul>\n<li><strong>Composici\u00f3n del plegado<\/strong><br \/>\n100% algod\u00f3n ign\u00edfugo<\/li>\n<li><strong>Composici\u00f3n<\/strong><br \/>\nLenzing F.R. 65% | Nomex 30% | Kevlar 5%<\/li>\n<li><strong>Gramaje<\/strong><br \/>\n270 g\/m2<\/li>\n<li><strong>Gramaje de la forro<\/strong><br \/>\n260 g\/m2<\/li>\n<li><strong>EPI<\/strong><br \/>\nCategor\u00eda III<\/li>\n<\/ul>\n","protected":false},"excerpt":{"rendered":"<p>La chaqueta ign\u00edfuga para bombero forestal est\u00e1, confeccionada con materiales de alta calidad, la chaqueta bombero forestal 1 capa + forro capa simple es una vestimenta c\u00f3moda y ligera, con alto nivel de protecci\u00f3n gracias a las propiedades ign\u00edfugas del tejido. Costuras hechas enteramente con hilo NOMEX\u00ae aumentando la resistencia de la pieza a la fricci\u00f3n y al desgaste t\u00edpicos de ambientes forestales. Protege contra el arco el\u00e9ctrico (antiest\u00e1tico), contra llama, desgarro, tracci\u00f3n y abrasi\u00f3n.<\/p>\n<p>&nbsp;<\/p>\n<p><em>Normas: EN ISO 13688\/13, EN ISO 11612\/15, EN ISO 1149-5 \/ 09, EN ISO 15614\/07 y EN ISO 15384\/20.<\/em><\/p>\n<p><strong>Disponible opci\u00f3n de 1 capa o 1 capa + forro.<\/strong><\/p>\n<p><a class=\"accion\" href=\"https:\/\/api.whatsapp.com\/send?phone=573147862881\" target=\"_blank\" rel=\"noopener\">Contactar un consultor<\/a><\/p>\n<p><a class=\"accion\" href=\"https:\/\/www.kpnsafety.com\/pe\/contacto\/\" target=\"_blank\" rel=\"noopener\">Solicitar Presupuesto<\/a><\/p>\n","protected":false},"featured_media":2429,"template":"","meta":[],"product_brand":[],"product_cat":[31,59,71],"product_tag":[228,200,193],"class_list":{"0":"post-2428","1":"product","2":"type-product","3":"status-publish","4":"has-post-thumbnail","6":"product_cat-proteccion-contra-incendios","7":"product_cat-incendios-forestales","8":"product_cat-epi-incendios-forestales-proteccion-contra-incendios","9":"product_tag-equipos-para-incendios","10":"product_tag-extincion-de-incendios","11":"product_tag-incendios-forestales","13":"first","14":"instock","15":"shipping-taxable","16":"product-type-simple"},"_links":{"self":[{"href":"https:\/\/www.kpnsafety.com\/pe\/wp-json\/wp\/v2\/product\/2428","targetHints":{"allow":["GET"]}}],"collection":[{"href":"https:\/\/www.kpnsafety.com\/pe\/wp-json\/wp\/v2\/product"}],"about":[{"href":"https:\/\/www.kpnsafety.com\/pe\/wp-json\/wp\/v2\/types\/product"}],"wp:featuredmedia":[{"embeddable":true,"href":"https:\/\/www.kpnsafety.com\/pe\/wp-json\/wp\/v2\/media\/2429"}],"wp:attachment":[{"href":"https:\/\/www.kpnsafety.com\/pe\/wp-json\/wp\/v2\/media?parent=2428"}],"wp:term":[{"taxonomy":"product_brand","embeddable":true,"href":"https:\/\/www.kpnsafety.com\/pe\/wp-json\/wp\/v2\/product_brand?post=2428"},{"taxonomy":"product_cat","embeddable":true,"href":"https:\/\/www.kpnsafety.com\/pe\/wp-json\/wp\/v2\/product_cat?post=2428"},{"taxonomy":"product_tag","embeddable":true,"href":"https:\/\/www.kpnsafety.com\/pe\/wp-json\/wp\/v2\/product_tag?post=2428"}],"curies":[{"name":"wp","href":"https:\/\/api.w.org\/{rel}","templated":true}]}}