{"id":2431,"date":"2024-04-25T12:42:04","date_gmt":"2024-04-25T17:42:04","guid":{"rendered":"https:\/\/www.kpnsafety.com\/pe\/?post_type=product&#038;p=2431"},"modified":"2025-01-13T16:15:10","modified_gmt":"2025-01-13T21:15:10","slug":"mascara-de-proteccion-forestal","status":"publish","type":"product","link":"https:\/\/www.kpnsafety.com\/pe\/producto\/mascara-de-proteccion-forestal\/","title":{"rendered":"M\u00c1SCARA DE PROTECCI\u00d3N FORESTAL"},"content":{"rendered":"<div class=\"titles3 titles--black\">\n<div class=\"title\"><strong>M\u00e1scaras de protecci\u00f3n forestal<\/strong><\/div>\n<div class=\"title\"><strong><br \/>\nPerfecta integraci\u00f3n con el resto del equipo de protecci\u00f3n de\u00a0<\/strong><\/div>\n<ul>\n<li class=\"subtitle\">Ajustes r\u00e1pidos sin necesidad de quitarse el casco gracias a su sistema de doble velcro\u00ae. Dos posiciones: estado de uso y estado de descanso. Incluye bandas reflectantes en la parte frontal.}<\/li>\n<\/ul>\n<\/div>\n<div>\n<div class=\"titles3 titles--black\">\n<div class=\"title\"><strong>M\u00e1xima protecci\u00f3n contra la radiaci\u00f3n<\/strong><\/div>\n<ul>\n<li class=\"subtitle\">Tejido doble capa con certificaci\u00f3n EN 15614:2007 + EN ISO 15384:2020 de patr\u00f3n ergon\u00f3mico que se adapta a cualquier tipo de fisonom\u00eda.<\/li>\n<\/ul>\n<\/div>\n<\/div>\n<div>\n<div class=\"titles3 titles--black\">\n<div class=\"title\"><strong>Respirador intercambiable<\/strong><\/div>\n<ul>\n<li class=\"subtitle\">Su cavidad interior permite intercambiar el filtro de carbono activo de forma f\u00e1cil y r\u00e1pida. Dispone de una semiestructura r\u00edgida moldeable para adaptaci\u00f3n a la cavidad nasal.<\/li>\n<\/ul>\n<\/div>\n<\/div>\n","protected":false},"excerpt":{"rendered":"<p>La<strong> m\u00e1scara de protecci\u00f3n forestal <\/strong>protege el<strong>\u00a0total de la cara frente a la radiaci\u00f3n y part\u00edculas<\/strong>\u00a0incandescentes evitando quemaduras y reduciendo posibles inhalaciones de contaminantes gracias a su filtro de carbono activo intercambiable con v\u00e1lvula de exhalaci\u00f3n.<\/p>\n<p><strong>Normas:<\/strong>\u00a0EN ISO 11612\/15, EN 15614\/07, EN 13688\/13\u200b.<\/p>\n<p><a class=\"accion\" href=\"https:\/\/api.whatsapp.com\/send?phone=573147862881\" target=\"_blank\" rel=\"noopener\">Contactar un consultor<\/a><\/p>\n<p><a class=\"accion\" href=\"https:\/\/www.kpnsafety.com\/pe\/contacto\/\" target=\"_blank\" rel=\"noopener\">Solicitar Presupuesto<\/a><\/p>\n<p><a class=\"accion\" href=\"https:\/\/kpnsafety.com\/pe\/contacto\/\" target=\"_blank\" rel=\"noopener\">Solicitar presupuesto<\/a><\/p>\n<p><a class=\"accion\" href=\"https:\/\/api.whatsapp.com\/send?phone=573147862881\" target=\"_blank\" rel=\"noopener\">Contactar un consultor<\/a><\/p>\n","protected":false},"featured_media":2433,"template":"","meta":[],"product_brand":[],"product_cat":[59,31,71],"product_tag":[232,229,170,193,230,231],"class_list":{"0":"post-2431","1":"product","2":"type-product","3":"status-publish","4":"has-post-thumbnail","6":"product_cat-incendios-forestales","7":"product_cat-proteccion-contra-incendios","8":"product_cat-epi-incendios-forestales-proteccion-contra-incendios","9":"product_tag-equipos-de-proteccion","10":"product_tag-forestal","11":"product_tag-incendioa-forestales","12":"product_tag-incendios-forestales","13":"product_tag-proteccion-contra-incendios","14":"product_tag-proteccion-respiratoria","16":"first","17":"instock","18":"shipping-taxable","19":"product-type-simple"},"_links":{"self":[{"href":"https:\/\/www.kpnsafety.com\/pe\/wp-json\/wp\/v2\/product\/2431","targetHints":{"allow":["GET"]}}],"collection":[{"href":"https:\/\/www.kpnsafety.com\/pe\/wp-json\/wp\/v2\/product"}],"about":[{"href":"https:\/\/www.kpnsafety.com\/pe\/wp-json\/wp\/v2\/types\/product"}],"wp:featuredmedia":[{"embeddable":true,"href":"https:\/\/www.kpnsafety.com\/pe\/wp-json\/wp\/v2\/media\/2433"}],"wp:attachment":[{"href":"https:\/\/www.kpnsafety.com\/pe\/wp-json\/wp\/v2\/media?parent=2431"}],"wp:term":[{"taxonomy":"product_brand","embeddable":true,"href":"https:\/\/www.kpnsafety.com\/pe\/wp-json\/wp\/v2\/product_brand?post=2431"},{"taxonomy":"product_cat","embeddable":true,"href":"https:\/\/www.kpnsafety.com\/pe\/wp-json\/wp\/v2\/product_cat?post=2431"},{"taxonomy":"product_tag","embeddable":true,"href":"https:\/\/www.kpnsafety.com\/pe\/wp-json\/wp\/v2\/product_tag?post=2431"}],"curies":[{"name":"wp","href":"https:\/\/api.w.org\/{rel}","templated":true}]}}