{"id":2440,"date":"2024-04-25T14:54:14","date_gmt":"2024-04-25T19:54:14","guid":{"rendered":"https:\/\/www.kpnsafety.com\/pe\/?post_type=product&#038;p=2440"},"modified":"2025-01-13T16:14:46","modified_gmt":"2025-01-13T21:14:46","slug":"gafas-para-incendios-forestales","status":"publish","type":"product","link":"https:\/\/www.kpnsafety.com\/pe\/producto\/gafas-para-incendios-forestales\/","title":{"rendered":"GAFAS PARA INCENDIOS FORESTALES"},"content":{"rendered":"<div>\n<div>\n<div>\n<div>\n<div><strong>Las gafas para incendios forestales proporciona la m\u00e1xima protecci\u00f3n y excelente campo de visi\u00f3n<\/strong><\/div>\n<\/div>\n<p>Gafa panor\u00e1mica con \u00e1ngulo de visi\u00f3n de 220\u00ba y doble lente de\u00a0policarbonato con protecci\u00f3n bal\u00edstica y certificado de impacto\u00a0energ\u00e9tico medio (B). Interior antivaho y exterior anti-ralladura\u00a0de espesor 2.8 + 0.5. Clase \u00f3ptica 1.<\/p>\n<\/div>\n<\/div>\n<\/div>\n<div>\n<div>\n<div>\n<div>\n<div><\/div>\n<div><strong>Ligeras y robustas<\/strong><\/div>\n<\/div>\n<p>Fabricadas con materiales de gran resistencia, proporcionan\u00a0un gran confort durante un uso intensivo gracias a su reducido\u00a0peso: 120 g<\/p>\n<\/div>\n<\/div>\n<\/div>\n<div>\n<div>\n<div>\n<div>\n<div><\/div>\n<div><strong>Lente de policarbonato<\/strong><\/div>\n<\/div>\n<p>Lente de policarbonato doble, exterior antirrayadura e interior antivaho. Todo el material de las gafas es resistente al fuego (banda el\u00e1stica, montura, lente, etc.). Normativa En 166, EN 14458<\/p>\n<\/div>\n<\/div>\n<\/div>\n","protected":false},"excerpt":{"rendered":"<p>Las\u00a0<strong>Gafas para\u00a0incendios forestales<\/strong>, tienen un dise\u00f1o envolvente que permite su perfecta adaptaci\u00f3n al rostro. Contorno provisto de <strong>espuma ergon\u00f3mica y antial\u00e9rgica<\/strong>\u00a0que ofrece un<strong>\u00a0gran confort durante un uso intensivo<\/strong>. Disponen de un sistema de fijaci\u00f3n r\u00e1pido y una lente de policarbonato doble, interior anti-vaho y exterior anti-ralladura. Fabricadas con materiales de gran calidad y robustez, proporcionan la protecci\u00f3n necesaria en las condiciones m\u00e1s extremas.<\/p>\n<p><strong>Normativa<\/strong>:\u00a0 EN 166, EN 14458<\/p>\n<p><a class=\"accion\" href=\"https:\/\/api.whatsapp.com\/send?phone=573147862881\" target=\"_blank\" rel=\"noopener\">Contactar un consultor<\/a><\/p>\n<p><a class=\"accion\" href=\"https:\/\/www.kpnsafety.com\/pe\/contacto\/\" target=\"_blank\" rel=\"noopener\">Solicitar Presupuesto<\/a><\/p>\n","protected":false},"featured_media":2443,"template":"","meta":[],"product_brand":[],"product_cat":[59,31,71],"product_tag":[233,234,170,193,230,235],"class_list":{"0":"post-2440","1":"product","2":"type-product","3":"status-publish","4":"has-post-thumbnail","6":"product_cat-incendios-forestales","7":"product_cat-proteccion-contra-incendios","8":"product_cat-epi-incendios-forestales-proteccion-contra-incendios","9":"product_tag-gafas-de-proteccion","10":"product_tag-gafas-forestales","11":"product_tag-incendioa-forestales","12":"product_tag-incendios-forestales","13":"product_tag-proteccion-contra-incendios","14":"product_tag-proteccion-de-incendios","16":"first","17":"instock","18":"shipping-taxable","19":"product-type-simple"},"_links":{"self":[{"href":"https:\/\/www.kpnsafety.com\/pe\/wp-json\/wp\/v2\/product\/2440","targetHints":{"allow":["GET"]}}],"collection":[{"href":"https:\/\/www.kpnsafety.com\/pe\/wp-json\/wp\/v2\/product"}],"about":[{"href":"https:\/\/www.kpnsafety.com\/pe\/wp-json\/wp\/v2\/types\/product"}],"wp:featuredmedia":[{"embeddable":true,"href":"https:\/\/www.kpnsafety.com\/pe\/wp-json\/wp\/v2\/media\/2443"}],"wp:attachment":[{"href":"https:\/\/www.kpnsafety.com\/pe\/wp-json\/wp\/v2\/media?parent=2440"}],"wp:term":[{"taxonomy":"product_brand","embeddable":true,"href":"https:\/\/www.kpnsafety.com\/pe\/wp-json\/wp\/v2\/product_brand?post=2440"},{"taxonomy":"product_cat","embeddable":true,"href":"https:\/\/www.kpnsafety.com\/pe\/wp-json\/wp\/v2\/product_cat?post=2440"},{"taxonomy":"product_tag","embeddable":true,"href":"https:\/\/www.kpnsafety.com\/pe\/wp-json\/wp\/v2\/product_tag?post=2440"}],"curies":[{"name":"wp","href":"https:\/\/api.w.org\/{rel}","templated":true}]}}