{"id":2444,"date":"2024-04-25T15:14:39","date_gmt":"2024-04-25T20:14:39","guid":{"rendered":"https:\/\/www.kpnsafety.com\/pe\/?post_type=product&#038;p=2444"},"modified":"2026-03-31T15:22:16","modified_gmt":"2026-03-31T20:22:16","slug":"botas-forestales-xtreme-boots","status":"publish","type":"product","link":"https:\/\/www.kpnsafety.com\/pe\/producto\/botas-forestales-xtreme-boots\/","title":{"rendered":"BOTAS FORESTALES | XTREME BOOTS"},"content":{"rendered":"<div>\n<div class=\"titles3 titles--black\">\n<div class=\"title\">\n<div class=\"titles3 titles--black\">\n<div class=\"title\"><strong>Las botas forestales Xtreme Boots son la m\u00e1xima protecci\u00f3n contra el agua, el fuego y las rozaduras<\/strong><\/div>\n<\/div>\n<p>Bota exterior de cordura ign\u00edfuga e impermeable con puntera y tal\u00f3n reforzados con recubrimiento pl\u00e1stico para evitar rozaduras y da\u00f1os producidos por part\u00edculas incandescentes.<\/p>\n<p><strong>Suela Vibram\u00ae de caucho nitrilo<\/strong><\/p>\n<\/div>\n<\/div>\n<ul>\n<li>Resistente a altas temperaturas (hasta 300 \u00baC).<\/li>\n<li>Excelente amortiguaci\u00f3n, tracci\u00f3n y estabilidad.<\/li>\n<li>M\u00e1ximo agarre en superficies rocosas y boscosas.<\/li>\n<li>Resistente a aceites e hidrocarburos.<\/li>\n<\/ul>\n<\/div>\n<div class=\"titles3 titles--black\">\n<div class=\"title\"><strong>Certificado Oeko-Tex <\/strong>Textiles exentos de sustancias nocivas.<\/div>\n<\/div>\n","protected":false},"excerpt":{"rendered":"<p>Las <strong>Botas Forestales &#8211; Xtreme Boots, <\/strong>est\u00e1n Dise\u00f1adas para caminar por terrenos forestales irregulares y escarpados, y bajo las condiciones m\u00e1s extremas, suponen una revoluci\u00f3n en el mundo del calzado para bomberos forestales. Desde la alta monta\u00f1a hasta zonas pantanosas, usando fuego t\u00e9cnico o trabajando con l\u00ednea de agua, en jornadas de m\u00e1s de 24h de duraci\u00f3n.<\/p>\n<p>Unas botas con la agilidad y el confort de un calzado de trekking, pero con la protecci\u00f3n necesaria contra el fuego y el calor. Certificadas bajo la<strong>\u00a0norma UNE-EN 15090:2012<\/strong>\u00a0de calzado para bomberos.<\/p>\n<p><a class=\"accion\" href=\"https:\/\/api.whatsapp.com\/send?phone=573147862881\" target=\"_blank\" rel=\"noopener\">Contactar un consultor<\/a><\/p>\n<p><a class=\"accion\" href=\"https:\/\/www.kpnsafety.com\/pe\/contacto\/\" target=\"_blank\" rel=\"noopener\">Solicitar Presupuesto<\/a><\/p>\n","protected":false},"featured_media":4184,"template":"","meta":[],"product_brand":[],"product_cat":[31,59,71],"product_tag":[236,232,228,229,170,193,235],"class_list":{"0":"post-2444","1":"product","2":"type-product","3":"status-publish","4":"has-post-thumbnail","6":"product_cat-proteccion-contra-incendios","7":"product_cat-incendios-forestales","8":"product_cat-epi-incendios-forestales-proteccion-contra-incendios","9":"product_tag-botas-forestales","10":"product_tag-equipos-de-proteccion","11":"product_tag-equipos-para-incendios","12":"product_tag-forestal","13":"product_tag-incendioa-forestales","14":"product_tag-incendios-forestales","15":"product_tag-proteccion-de-incendios","17":"first","18":"instock","19":"shipping-taxable","20":"product-type-simple"},"_links":{"self":[{"href":"https:\/\/www.kpnsafety.com\/pe\/wp-json\/wp\/v2\/product\/2444","targetHints":{"allow":["GET"]}}],"collection":[{"href":"https:\/\/www.kpnsafety.com\/pe\/wp-json\/wp\/v2\/product"}],"about":[{"href":"https:\/\/www.kpnsafety.com\/pe\/wp-json\/wp\/v2\/types\/product"}],"wp:featuredmedia":[{"embeddable":true,"href":"https:\/\/www.kpnsafety.com\/pe\/wp-json\/wp\/v2\/media\/4184"}],"wp:attachment":[{"href":"https:\/\/www.kpnsafety.com\/pe\/wp-json\/wp\/v2\/media?parent=2444"}],"wp:term":[{"taxonomy":"product_brand","embeddable":true,"href":"https:\/\/www.kpnsafety.com\/pe\/wp-json\/wp\/v2\/product_brand?post=2444"},{"taxonomy":"product_cat","embeddable":true,"href":"https:\/\/www.kpnsafety.com\/pe\/wp-json\/wp\/v2\/product_cat?post=2444"},{"taxonomy":"product_tag","embeddable":true,"href":"https:\/\/www.kpnsafety.com\/pe\/wp-json\/wp\/v2\/product_tag?post=2444"}],"curies":[{"name":"wp","href":"https:\/\/api.w.org\/{rel}","templated":true}]}}