{"id":2450,"date":"2024-04-25T15:37:30","date_gmt":"2024-04-25T20:37:30","guid":{"rendered":"https:\/\/www.kpnsafety.com\/pe\/?post_type=product&#038;p=2450"},"modified":"2025-01-13T16:13:57","modified_gmt":"2025-01-13T21:13:57","slug":"guantes-de-extincion-forestal","status":"publish","type":"product","link":"https:\/\/www.kpnsafety.com\/pe\/producto\/guantes-de-extincion-forestal\/","title":{"rendered":"GUANTES DE EXTINCI\u00d3N FORESTAL"},"content":{"rendered":"<p><strong>Caracter\u00edsticas de los Guantes de extinci\u00f3n forestal:<\/strong><\/p>\n<ul>\n<li>Guantes ign\u00edfugos con cinco dedos.<\/li>\n<li>Cubierta exterior de cuero.<\/li>\n<li>Revestimiento de Kevlar\u00ae.<\/li>\n<li>Membrana Sympatex\u00ae incluida en la palma y el dorso.<\/li>\n<li>Pu\u00f1o color camel de cuero vuelto equipado por un mosquet\u00f3n y banda reflectante color amarillo.<\/li>\n<li>Cierre con banda tipo Velcro\u00ae.<\/li>\n<li>Patr\u00f3n ergon\u00f3mico con pulgar independiente.<\/li>\n<li>Ca\u00f1a larga con sistema de cierre tipo Velcro\u00ae para una mayor protecci\u00f3n ante la radiaci\u00f3n.<\/li>\n<li>Guantes de alto grado de resistencia.<\/li>\n<\/ul>\n","protected":false},"excerpt":{"rendered":"<p>Los<strong> Guantes de extinci\u00f3n forestal<\/strong>, ofrecen un alto nivel de protecci\u00f3n a la radiaci\u00f3n, rascadas y cortes.<\/p>\n<div id=\"product_description\" class=\"contentCut__hidden _mrgTop active\">Su dise\u00f1o ergon\u00f3mico garantiza el m\u00e1ximo confort durante el uso de herramientas manuales gracias al patr\u00f3n independiente del pulgar, el cual respeta la posici\u00f3n natural de la mano.<\/div>\n<div><\/div>\n<div><\/div>\n<div class=\"contentCut__hidden _mrgTop active\"><strong>Normativas<\/strong>: EN 659:2003+A1:2008+AC:2009<\/div>\n<div><\/div>\n<div>\n<p><a class=\"accion\" href=\"https:\/\/api.whatsapp.com\/send?phone=573147862881\" target=\"_blank\" rel=\"noopener\">Contactar un consultor<\/a><\/p>\n<p><a class=\"accion\" href=\"https:\/\/www.kpnsafety.com\/pe\/contacto\/\" target=\"_blank\" rel=\"noopener\">Solicitar Presupuesto<\/a><\/p>\n<\/div>\n","protected":false},"featured_media":2451,"template":"","meta":[],"product_brand":[],"product_cat":[31,59,71],"product_tag":[200,237,188,187,170,230,235],"class_list":{"0":"post-2450","1":"product","2":"type-product","3":"status-publish","4":"has-post-thumbnail","6":"product_cat-proteccion-contra-incendios","7":"product_cat-incendios-forestales","8":"product_cat-epi-incendios-forestales-proteccion-contra-incendios","9":"product_tag-extincion-de-incendios","10":"product_tag-guantes-forestales","11":"product_tag-guantes-para-bombero","12":"product_tag-guantes-para-bomberos","13":"product_tag-incendioa-forestales","14":"product_tag-proteccion-contra-incendios","15":"product_tag-proteccion-de-incendios","17":"first","18":"instock","19":"shipping-taxable","20":"product-type-simple"},"_links":{"self":[{"href":"https:\/\/www.kpnsafety.com\/pe\/wp-json\/wp\/v2\/product\/2450","targetHints":{"allow":["GET"]}}],"collection":[{"href":"https:\/\/www.kpnsafety.com\/pe\/wp-json\/wp\/v2\/product"}],"about":[{"href":"https:\/\/www.kpnsafety.com\/pe\/wp-json\/wp\/v2\/types\/product"}],"wp:featuredmedia":[{"embeddable":true,"href":"https:\/\/www.kpnsafety.com\/pe\/wp-json\/wp\/v2\/media\/2451"}],"wp:attachment":[{"href":"https:\/\/www.kpnsafety.com\/pe\/wp-json\/wp\/v2\/media?parent=2450"}],"wp:term":[{"taxonomy":"product_brand","embeddable":true,"href":"https:\/\/www.kpnsafety.com\/pe\/wp-json\/wp\/v2\/product_brand?post=2450"},{"taxonomy":"product_cat","embeddable":true,"href":"https:\/\/www.kpnsafety.com\/pe\/wp-json\/wp\/v2\/product_cat?post=2450"},{"taxonomy":"product_tag","embeddable":true,"href":"https:\/\/www.kpnsafety.com\/pe\/wp-json\/wp\/v2\/product_tag?post=2450"}],"curies":[{"name":"wp","href":"https:\/\/api.w.org\/{rel}","templated":true}]}}