{"id":2453,"date":"2024-04-25T15:56:36","date_gmt":"2024-04-25T20:56:36","guid":{"rendered":"https:\/\/www.kpnsafety.com\/pe\/?post_type=product&#038;p=2453"},"modified":"2026-03-31T14:58:09","modified_gmt":"2026-03-31T19:58:09","slug":"antorcha-de-goteo","status":"publish","type":"product","link":"https:\/\/www.kpnsafety.com\/pe\/producto\/antorcha-de-goteo\/","title":{"rendered":"Antorcha de Goteo"},"content":{"rendered":"<h3 class=\"bold-title\">Antorcha de Goteo 1l<\/h3>\n<ul class=\"pr-list\">\n<li>Peso sin mango: 340 gr<\/li>\n<li>Peso con mango: 460 gr<\/li>\n<li>9 cm de di\u00e1metro<\/li>\n<li>27 cm altura (cerrada)<\/li>\n<li>Seguridad en v\u00e1lvula anti-retorno en el interior del tap\u00f3n, v\u00e1lvula en el regulador de caudal.<\/li>\n<li>Transportable en bolsillo lateral de cintur\u00f3n con la mecha en el interior y el dep\u00f3sito cerrado.<\/li>\n<li>Dep\u00f3sito homologado para el transporte de combustible, asa opcional<\/li>\n<\/ul>\n","protected":false},"excerpt":{"rendered":"<h3 class=\"bold-title\">Antorcha de Goteo 1l<\/h3>\n<p>La antorcha de goteo de 1L, est\u00e1 dise\u00f1ada para realizar maniobras con fuego t\u00e9cnico en extinci\u00f3n de incendios forestales como contrafuegos o quemas de ensanche proporcionando comodidad en usos prolongados. Es ideal para cuadrillas helitransportadas que transportan la antorcha en bolsillos laterales de las Fire Packs, y para veh\u00edculos de mando y an\u00e1lisis de incendio.<\/p>\n<p><a class=\"accion\" href=\"https:\/\/api.whatsapp.com\/send?phone=573147862881\" target=\"_blank\" rel=\"noopener\">Contactar un consultor<\/a><\/p>\n<p><a class=\"accion\" href=\"https:\/\/www.kpnsafety.com\/pe\/contacto\/\" target=\"_blank\" rel=\"noopener\">Solicitar Presupuesto<\/a><\/p>\n","protected":false},"featured_media":4183,"template":"","meta":[],"product_brand":[],"product_cat":[181,59,72],"product_tag":[229,238,190,239,240],"class_list":{"0":"post-2453","1":"product","2":"type-product","3":"status-publish","4":"has-post-thumbnail","6":"product_cat-herramientas-de-extricacion-vehicular","7":"product_cat-incendios-forestales","8":"product_cat-herramientas-para-incendios-forestales-proteccion-contra-incendios","9":"product_tag-forestal","10":"product_tag-herramienta-bombero","11":"product_tag-herramienta-forestal","12":"product_tag-herramienta-incendios","13":"product_tag-herramienta-para-incendios","15":"first","16":"instock","17":"shipping-taxable","18":"product-type-simple"},"_links":{"self":[{"href":"https:\/\/www.kpnsafety.com\/pe\/wp-json\/wp\/v2\/product\/2453","targetHints":{"allow":["GET"]}}],"collection":[{"href":"https:\/\/www.kpnsafety.com\/pe\/wp-json\/wp\/v2\/product"}],"about":[{"href":"https:\/\/www.kpnsafety.com\/pe\/wp-json\/wp\/v2\/types\/product"}],"wp:featuredmedia":[{"embeddable":true,"href":"https:\/\/www.kpnsafety.com\/pe\/wp-json\/wp\/v2\/media\/4183"}],"wp:attachment":[{"href":"https:\/\/www.kpnsafety.com\/pe\/wp-json\/wp\/v2\/media?parent=2453"}],"wp:term":[{"taxonomy":"product_brand","embeddable":true,"href":"https:\/\/www.kpnsafety.com\/pe\/wp-json\/wp\/v2\/product_brand?post=2453"},{"taxonomy":"product_cat","embeddable":true,"href":"https:\/\/www.kpnsafety.com\/pe\/wp-json\/wp\/v2\/product_cat?post=2453"},{"taxonomy":"product_tag","embeddable":true,"href":"https:\/\/www.kpnsafety.com\/pe\/wp-json\/wp\/v2\/product_tag?post=2453"}],"curies":[{"name":"wp","href":"https:\/\/api.w.org\/{rel}","templated":true}]}}