{"id":2738,"date":"2024-07-16T10:21:12","date_gmt":"2024-07-16T15:21:12","guid":{"rendered":"https:\/\/www.kpnsafety.com\/pe\/?post_type=product&#038;p=2738"},"modified":"2026-02-13T09:25:50","modified_gmt":"2026-02-13T14:25:50","slug":"casco-forestal","status":"publish","type":"product","link":"https:\/\/www.kpnsafety.com\/pe\/producto\/casco-forestal\/","title":{"rendered":"Casco forestal"},"content":{"rendered":"<h2>Mayor protecci\u00f3n y resistencia<\/h2>\n<p>Fabricado en una sola pieza de PC\/ABS sin pinturas a\u00f1adidas, tiene\u00a0una visera protectora que ofrece una mayor protecci\u00f3n lateral frente a los l\u00edquidos\u00a0procedentes de descargas de medios a\u00e9reos con retardante para la llama.\u00a0La protecci\u00f3n trasera tambi\u00e9n ha sido reforzada gracias al dise\u00f1o estructural de cresta y anillo posterior.<\/p>\n<h2>Barboquejo ign\u00edfugo de piel<\/h2>\n<p>El nuevo barboquejo ign\u00edfugo de piel es la \u00faltima gran mejora en ergonom\u00eda. Presenta 6 puntos de ajuste y regulaci\u00f3n: de per\u00edmetro cuello, de altura orejas, de altura x2, de barbilla. Barboquejo deslizante y extra\u00edble.<\/p>\n<h2 class=\"title\">Adaptaci\u00f3n total &#8211; Ajuste perfecto en cualquier cabeza<\/h2>\n<div>Arn\u00e9s interior multi-talla (52-64) con ajuste de rueda trasero que se adapta perfectamente a cualquier cabeza. Rejilla interior ergon\u00f3mica, con protecciones de piel, acolchadas y transpirables, que proporcionan un gran confort durante un uso intensivo. Las protecciones textiles de este casco son reemplazables y lavables, a diferencia de las de otros cascos del mercado.<\/div>\n<div><\/div>\n<h2>Sistema de acople r\u00e1pido Picatinny<\/h2>\n<div>Inspirado en los equipos militares, el nuevo sistema\u00a0<strong>Picatinny Rail Adapter<\/strong>\u00a0permite un acople f\u00e1cil y r\u00e1pido de la mayor\u00eda de accesorios para cascos de protecci\u00f3n disponibles en el mercado. Soportes frontal y lateral.<\/div>\n<div><\/div>\n<div>\n<h3><strong class=\"specifications__title\">Normativas<\/strong><\/h3>\n<p><strong>EN 16471:14<\/strong><\/p>\n<p>Cascos para lucha contra incendios forestales<\/p>\n<p><strong>EN 16473:14<\/strong><\/p>\n<p>Cascos para rescate t\u00e9cnico<\/p>\n<p><strong>EN 397:2012+A1:2012\u00a0<\/strong><\/p>\n<p>Cascos de protecci\u00f3n para la industria<\/p>\n<p><strong>EN 443:2008<\/strong><\/p>\n<p>Cascos para la lucha contra el fuego en los edificios y otras estructuras<\/p>\n<p><strong>EN 12492:2012<\/strong><\/p>\n<p>Cascos para monta\u00f1eros<\/p>\n<p><strong>EN 1385:2012<\/strong><\/p>\n<p>Cascos para rescate acu\u00e1tico<\/p>\n<\/div>\n","protected":false},"excerpt":{"rendered":"<p>El\u00a0<strong>casco de bombero forestal <\/strong>tiene un dise\u00f1o envolvente, moderno y vers\u00e1til que permite el acople de\u00a0<strong>m\u00faltiples accesorios<\/strong>\u00a0adapt\u00e1ndose a las necesidades de los operativos m\u00e1s exigentes.<br \/>\n<strong>Normativa<\/strong>: EN16471, EN16473, EN 12492, EN 397, EN 443 y EN 1385.<\/p>\n<p><a class=\"accion\" href=\"https:\/\/api.whatsapp.com\/send?phone=573147862881\" target=\"_blank\" rel=\"noopener\">Contactar un consultor<\/a><\/p>\n<p><a class=\"accion\" href=\"https:\/\/www.kpnsafety.com\/pe\/contacto\/\" target=\"_blank\" rel=\"noopener\">Solicitar Presupuesto<\/a><\/p>\n","protected":false},"featured_media":2740,"template":"","meta":[],"product_brand":[],"product_cat":[59,31,71],"product_tag":[232,229,170,193,230,231],"class_list":{"0":"post-2738","1":"product","2":"type-product","3":"status-publish","4":"has-post-thumbnail","6":"product_cat-incendios-forestales","7":"product_cat-proteccion-contra-incendios","8":"product_cat-epi-incendios-forestales-proteccion-contra-incendios","9":"product_tag-equipos-de-proteccion","10":"product_tag-forestal","11":"product_tag-incendioa-forestales","12":"product_tag-incendios-forestales","13":"product_tag-proteccion-contra-incendios","14":"product_tag-proteccion-respiratoria","16":"first","17":"instock","18":"shipping-taxable","19":"product-type-simple"},"_links":{"self":[{"href":"https:\/\/www.kpnsafety.com\/pe\/wp-json\/wp\/v2\/product\/2738","targetHints":{"allow":["GET"]}}],"collection":[{"href":"https:\/\/www.kpnsafety.com\/pe\/wp-json\/wp\/v2\/product"}],"about":[{"href":"https:\/\/www.kpnsafety.com\/pe\/wp-json\/wp\/v2\/types\/product"}],"wp:featuredmedia":[{"embeddable":true,"href":"https:\/\/www.kpnsafety.com\/pe\/wp-json\/wp\/v2\/media\/2740"}],"wp:attachment":[{"href":"https:\/\/www.kpnsafety.com\/pe\/wp-json\/wp\/v2\/media?parent=2738"}],"wp:term":[{"taxonomy":"product_brand","embeddable":true,"href":"https:\/\/www.kpnsafety.com\/pe\/wp-json\/wp\/v2\/product_brand?post=2738"},{"taxonomy":"product_cat","embeddable":true,"href":"https:\/\/www.kpnsafety.com\/pe\/wp-json\/wp\/v2\/product_cat?post=2738"},{"taxonomy":"product_tag","embeddable":true,"href":"https:\/\/www.kpnsafety.com\/pe\/wp-json\/wp\/v2\/product_tag?post=2738"}],"curies":[{"name":"wp","href":"https:\/\/api.w.org\/{rel}","templated":true}]}}