{"id":3041,"date":"2024-10-24T14:53:13","date_gmt":"2024-10-24T19:53:13","guid":{"rendered":"https:\/\/www.kpnsafety.com\/pe\/?post_type=product&#038;p=3041"},"modified":"2025-01-13T16:12:42","modified_gmt":"2025-01-13T21:12:42","slug":"multifuncional-gorgui","status":"publish","type":"product","link":"https:\/\/www.kpnsafety.com\/pe\/producto\/multifuncional-gorgui\/","title":{"rendered":"MULTIFUNCIONAL GORGUI"},"content":{"rendered":"<p><strong>Multifuncional<\/strong><br \/>\nCuatro caras con hojas reemplazables, hacen la funci\u00f3n de las herramientas m\u00e1s utilizadas en la extinci\u00f3n<br \/>\nde incendios forestales. Las distintas hojas est\u00e1n afiladas interior o exteriormente para maximizar la<br \/>\neficiencia en sus labores.<\/p>\n<ul>\n<li>Azada estrecha: Picado en terreno rocoso y resistente.<\/li>\n<li>Rastrillo y corte: Dientes de gran resistencia. Menor superficie de impacto y mayor superficie de corte.2<\/li>\n<li>Arrastre (McLeod): Facilita el decapado y el arrastre.3<\/li>\n<li>Azada ancha: Picado en terreno org\u00e1nico blando.4<\/li>\n<\/ul>\n","protected":false},"excerpt":{"rendered":"<p>La herramienta multifuncional Gorgui, dise\u00f1ada para combatir incendios forestales, surge de la experiencia y necesidades de las brigadas m\u00e1s avanzadas. Su mayor ventaja es su versatilidad en cualquier terreno.<\/p>\n<p><a class=\"accion\" href=\"https:\/\/api.whatsapp.com\/send?phone=573147862881\" target=\"_blank\" rel=\"noopener\">Contactar un consultor<\/a><\/p>\n<p><a class=\"accion\" href=\"https:\/\/www.kpnsafety.com\/pe\/contacto\/\" target=\"_blank\" rel=\"noopener\">Solicitar Presupuesto<\/a><\/p>\n","protected":false},"featured_media":3044,"template":"","meta":[],"product_brand":[],"product_cat":[59,72],"product_tag":[228,238,193],"class_list":{"0":"post-3041","1":"product","2":"type-product","3":"status-publish","4":"has-post-thumbnail","6":"product_cat-incendios-forestales","7":"product_cat-herramientas-para-incendios-forestales-proteccion-contra-incendios","8":"product_tag-equipos-para-incendios","9":"product_tag-herramienta-bombero","10":"product_tag-incendios-forestales","12":"first","13":"instock","14":"shipping-taxable","15":"product-type-simple"},"_links":{"self":[{"href":"https:\/\/www.kpnsafety.com\/pe\/wp-json\/wp\/v2\/product\/3041","targetHints":{"allow":["GET"]}}],"collection":[{"href":"https:\/\/www.kpnsafety.com\/pe\/wp-json\/wp\/v2\/product"}],"about":[{"href":"https:\/\/www.kpnsafety.com\/pe\/wp-json\/wp\/v2\/types\/product"}],"wp:featuredmedia":[{"embeddable":true,"href":"https:\/\/www.kpnsafety.com\/pe\/wp-json\/wp\/v2\/media\/3044"}],"wp:attachment":[{"href":"https:\/\/www.kpnsafety.com\/pe\/wp-json\/wp\/v2\/media?parent=3041"}],"wp:term":[{"taxonomy":"product_brand","embeddable":true,"href":"https:\/\/www.kpnsafety.com\/pe\/wp-json\/wp\/v2\/product_brand?post=3041"},{"taxonomy":"product_cat","embeddable":true,"href":"https:\/\/www.kpnsafety.com\/pe\/wp-json\/wp\/v2\/product_cat?post=3041"},{"taxonomy":"product_tag","embeddable":true,"href":"https:\/\/www.kpnsafety.com\/pe\/wp-json\/wp\/v2\/product_tag?post=3041"}],"curies":[{"name":"wp","href":"https:\/\/api.w.org\/{rel}","templated":true}]}}