{"id":3042,"date":"2024-10-24T15:11:38","date_gmt":"2024-10-24T20:11:38","guid":{"rendered":"https:\/\/www.kpnsafety.com\/pe\/?post_type=product&#038;p=3042"},"modified":"2025-01-13T16:12:28","modified_gmt":"2025-01-13T21:12:28","slug":"bota-de-bombero-para-incendios-forestales-npfa","status":"publish","type":"product","link":"https:\/\/www.kpnsafety.com\/pe\/producto\/bota-de-bombero-para-incendios-forestales-npfa\/","title":{"rendered":"Bota de Bombero para Incendios Forestales &#8211; NPFA"},"content":{"rendered":"<p><strong>Botas para Bombero de protecci\u00f3n multiprop\u00f3sito. Flexible y confortable:<\/strong><\/p>\n<p>Preparada y equipada con los mejores materiales y la mayor tecnolog\u00eda: resistencia al fuego, aislante t\u00e9rmico, sistema waterproof, protecci\u00f3n antipenetraci\u00f3n, protecci\u00f3n contra fluidos, protecci\u00f3n contra impactos, resistencia al choque el\u00e9ctrico, propiedades reflectivas, ajuste apropiado, alta tecnolog\u00eda de ergonom\u00eda y confort, entre muchas otras propiedades; hacen de este modelo la mejor opci\u00f3n para actuar en terrenos agrestes de extrema exigencia.<\/p>\n","protected":false},"excerpt":{"rendered":"<p>Resistente a la tracci\u00f3n, ruptura, desgarro, flexi\u00f3n y abrasi\u00f3n, que garantizan una mayor durabilidad y confort del calzado,<br \/>\nideal para entornos de alta exigencia.<br \/>\n<strong>ISO 3795 Inflamabilidad \/ ISO 5403 Absorci\u00f3n de agua \/ ISO 5403 Penetraci\u00f3n de agua \/ ISO 3379 Ruptura de flor.<\/strong><\/p>\n<p><a class=\"accion\" href=\"https:\/\/api.whatsapp.com\/send?phone=573147862881\" target=\"_blank\" rel=\"noopener\">Contactar un consultor<\/a><\/p>\n<p><a class=\"accion\" href=\"https:\/\/www.kpnsafety.com\/pe\/contacto\/\" target=\"_blank\" rel=\"noopener\">Solicitar Presupuesto<\/a><\/p>\n","protected":false},"featured_media":3048,"template":"","meta":[],"product_brand":[],"product_cat":[31,59,71],"product_tag":[245,236,244,193],"class_list":{"0":"post-3042","1":"product","2":"type-product","3":"status-publish","4":"has-post-thumbnail","6":"product_cat-proteccion-contra-incendios","7":"product_cat-incendios-forestales","8":"product_cat-epi-incendios-forestales-proteccion-contra-incendios","9":"product_tag-bombero-forestal","10":"product_tag-botas-forestales","11":"product_tag-epi-incendios-forestales","12":"product_tag-incendios-forestales","14":"first","15":"instock","16":"shipping-taxable","17":"product-type-simple"},"_links":{"self":[{"href":"https:\/\/www.kpnsafety.com\/pe\/wp-json\/wp\/v2\/product\/3042","targetHints":{"allow":["GET"]}}],"collection":[{"href":"https:\/\/www.kpnsafety.com\/pe\/wp-json\/wp\/v2\/product"}],"about":[{"href":"https:\/\/www.kpnsafety.com\/pe\/wp-json\/wp\/v2\/types\/product"}],"wp:featuredmedia":[{"embeddable":true,"href":"https:\/\/www.kpnsafety.com\/pe\/wp-json\/wp\/v2\/media\/3048"}],"wp:attachment":[{"href":"https:\/\/www.kpnsafety.com\/pe\/wp-json\/wp\/v2\/media?parent=3042"}],"wp:term":[{"taxonomy":"product_brand","embeddable":true,"href":"https:\/\/www.kpnsafety.com\/pe\/wp-json\/wp\/v2\/product_brand?post=3042"},{"taxonomy":"product_cat","embeddable":true,"href":"https:\/\/www.kpnsafety.com\/pe\/wp-json\/wp\/v2\/product_cat?post=3042"},{"taxonomy":"product_tag","embeddable":true,"href":"https:\/\/www.kpnsafety.com\/pe\/wp-json\/wp\/v2\/product_tag?post=3042"}],"curies":[{"name":"wp","href":"https:\/\/api.w.org\/{rel}","templated":true}]}}