{"id":3050,"date":"2024-10-24T15:20:23","date_gmt":"2024-10-24T20:20:23","guid":{"rendered":"https:\/\/www.kpnsafety.com\/pe\/?post_type=product&#038;p=3050"},"modified":"2025-01-13T16:12:16","modified_gmt":"2025-01-13T21:12:16","slug":"bota-de-bombero-de-cuero-para-incendio-estructural-nfpa","status":"publish","type":"product","link":"https:\/\/www.kpnsafety.com\/pe\/producto\/bota-de-bombero-de-cuero-para-incendio-estructural-nfpa\/","title":{"rendered":"Bota de Bombero de Cuero para Incendio Estructural &#8211; NFPA"},"content":{"rendered":"<ul>\n<li>Forro Dry-Lex de calzado con tecnolog\u00eda hidrof\u00f3bica\/hidrof\u00edlica de 2 zonas.<\/li>\n<li>Dispersi\u00f3n r\u00e1pida de la transpiraci\u00f3n, facilitando el transporte de la humedad.<\/li>\n<li>Regulaci\u00f3n t\u00e9rmica para mantener la temperatura adecuada del pie (aislamiento t\u00e9rmico).<\/li>\n<li>Textura suave y confortable.<\/li>\n<li>Alta resistencia a la abrasi\u00f3n, superando 153.000 ciclos en la prueba Martindale.<\/li>\n<li>Propiedades antimic\u00f3ticas y secado r\u00e1pido.<\/li>\n<li>Membrana impermeable (tecnolog\u00eda waterproof) que resiste la penetraci\u00f3n de fluidos.<\/li>\n<li>Composici\u00f3n: 85% poli\u00e9ster y 15% nailon, tejido por urdimbre.<\/li>\n<\/ul>\n","protected":false},"excerpt":{"rendered":"<div class=\"flex max-w-full flex-col flex-grow\">\n<div class=\"min-h-8 text-message flex w-full flex-col items-end gap-2 whitespace-normal break-words [.text-message+&amp;]:mt-5\" dir=\"auto\" data-message-author-role=\"assistant\" data-message-id=\"69076818-7193-4743-b1cf-bc7b7d3d5c22\" data-message-model-slug=\"gpt-4o\">\n<div class=\"flex w-full flex-col gap-1 empty:hidden first:pt-[3px]\">\n<div class=\"markdown prose w-full break-words dark:prose-invert dark\">\n<p>El modelo FIREWEST 5050, certificado bajo la norma NFPA 1971:2018 por laboratorios UL, est\u00e1 dise\u00f1ado para atender las necesidades de los bomberos en condiciones extremas. Con tecnolog\u00eda avanzada, ofrece protecci\u00f3n contra fuego, aislamiento t\u00e9rmico, impermeabilidad, resistencia a impactos y choques el\u00e9ctricos, as\u00ed como ajuste ergon\u00f3mico y propiedades reflectivas. Es una opci\u00f3n confiable y eficiente para el combate de incendios.<\/p>\n<\/div>\n<\/div>\n<\/div>\n<\/div>\n<div class=\"mb-2 flex gap-3 empty:hidden -ml-2\">\n<div class=\"items-center justify-start rounded-xl p-1 flex\">\n<div class=\"flex items-center\">\n<p><a class=\"accion\" href=\"https:\/\/api.whatsapp.com\/send?phone=573147862881\" target=\"_blank\" rel=\"noopener\">Contactar un consultor<\/a><\/p>\n<p><a class=\"accion\" href=\"https:\/\/www.kpnsafety.com\/pe\/contacto\/\" target=\"_blank\" rel=\"noopener\">Solicitar Presupuesto<\/a><\/p>\n<\/div>\n<\/div>\n<\/div>\n","protected":false},"featured_media":3053,"template":"","meta":[],"product_brand":[],"product_cat":[64],"product_tag":[246],"class_list":{"0":"post-3050","1":"product","2":"type-product","3":"status-publish","4":"has-post-thumbnail","6":"product_cat-incendios-estructurales","7":"product_tag-incendios-estructurales","9":"first","10":"instock","11":"shipping-taxable","12":"product-type-simple"},"_links":{"self":[{"href":"https:\/\/www.kpnsafety.com\/pe\/wp-json\/wp\/v2\/product\/3050","targetHints":{"allow":["GET"]}}],"collection":[{"href":"https:\/\/www.kpnsafety.com\/pe\/wp-json\/wp\/v2\/product"}],"about":[{"href":"https:\/\/www.kpnsafety.com\/pe\/wp-json\/wp\/v2\/types\/product"}],"wp:featuredmedia":[{"embeddable":true,"href":"https:\/\/www.kpnsafety.com\/pe\/wp-json\/wp\/v2\/media\/3053"}],"wp:attachment":[{"href":"https:\/\/www.kpnsafety.com\/pe\/wp-json\/wp\/v2\/media?parent=3050"}],"wp:term":[{"taxonomy":"product_brand","embeddable":true,"href":"https:\/\/www.kpnsafety.com\/pe\/wp-json\/wp\/v2\/product_brand?post=3050"},{"taxonomy":"product_cat","embeddable":true,"href":"https:\/\/www.kpnsafety.com\/pe\/wp-json\/wp\/v2\/product_cat?post=3050"},{"taxonomy":"product_tag","embeddable":true,"href":"https:\/\/www.kpnsafety.com\/pe\/wp-json\/wp\/v2\/product_tag?post=3050"}],"curies":[{"name":"wp","href":"https:\/\/api.w.org\/{rel}","templated":true}]}}