{"id":3054,"date":"2024-10-24T15:29:00","date_gmt":"2024-10-24T20:29:00","guid":{"rendered":"https:\/\/www.kpnsafety.com\/pe\/?post_type=product&#038;p=3054"},"modified":"2025-01-13T16:10:47","modified_gmt":"2025-01-13T21:10:47","slug":"bota-de-bombero-para-incendios-forestales-en-f1pat","status":"publish","type":"product","link":"https:\/\/www.kpnsafety.com\/pe\/producto\/bota-de-bombero-para-incendios-forestales-en-f1pat\/","title":{"rendered":"Bota de Bombero para Incendios Forestales &#8211; EN F1PA+T"},"content":{"rendered":"<ul>\n<li><strong>Membrana ecol\u00f3gica (no PTFE), impermeable y transpirable Sympatex<\/strong>\u00a0High2Out.<\/li>\n<li>Suela especial de\u00a0PU + Caucho nitrilo resistente al calor extremo\u00a0(300\u00baC), con una alt\u00edsima\u00a0absorci\u00f3n de energ\u00eda en el tac\u00f3n. Eficaz aislante del fr\u00edo y el calor extremo. Adherente a toda clase de superficies, proporciona tracci\u00f3n y estabilidad. Resistente a aceites e hidrocarburos. Dise\u00f1o\u00a0antitorsi\u00f3n\u00a0especial para terrenos abruptos.<\/li>\n<li>Puntera pl\u00e1stica anti-impactos (200J) y planta textil antiperforaci\u00f3n (1100N).<\/li>\n<li>Reflectantes ign\u00edfugos\u00a0con certificado de retro-reflexi\u00f3n de 3M.<\/li>\n<li>Collar\u00edn de piel flor hidrofugada transpirable y almohadillado que aporta gran sujeci\u00f3n.<\/li>\n<li>Sistema de cierre mediante cordones de m\u00e1xima resistencia.<\/li>\n<li>Tirador para un r\u00e1pido calce y descalce.<\/li>\n<li>Leng\u00fceta almohadillada con fuelle.<\/li>\n<li>Calzado antifatiga.<\/li>\n<\/ul>\n","protected":false},"excerpt":{"rendered":"<p>Bota de intervenci\u00f3n especial\u00a0Brigadas Forestales\u00a0y tareas de\u00a0rescate y extinci\u00f3n. Fabricada en piel flor natural hidrofugada, transpirable, repelente de l\u00edquidos y resistente al fuego, al desgarro y a la tracci\u00f3n. Hidr\u00f3fuga e ign\u00edfuga seg\u00fan la norma\u00a0<strong>EN ISO 15090.<\/strong><\/p>\n<p><a class=\"accion\" href=\"https:\/\/api.whatsapp.com\/send?phone=573147862881\" target=\"_blank\" rel=\"noopener\">Contactar un consultor<\/a><\/p>\n<p><a class=\"accion\" href=\"https:\/\/www.kpnsafety.com\/pe\/contacto\/\" target=\"_blank\" rel=\"noopener\">Solicitar Presupuesto<\/a><\/p>\n","protected":false},"featured_media":3057,"template":"","meta":[],"product_brand":[],"product_cat":[16],"product_tag":[],"class_list":{"0":"post-3054","1":"product","2":"type-product","3":"status-publish","4":"has-post-thumbnail","6":"product_cat-seguridad-industrial","8":"first","9":"instock","10":"shipping-taxable","11":"product-type-simple"},"_links":{"self":[{"href":"https:\/\/www.kpnsafety.com\/pe\/wp-json\/wp\/v2\/product\/3054","targetHints":{"allow":["GET"]}}],"collection":[{"href":"https:\/\/www.kpnsafety.com\/pe\/wp-json\/wp\/v2\/product"}],"about":[{"href":"https:\/\/www.kpnsafety.com\/pe\/wp-json\/wp\/v2\/types\/product"}],"wp:featuredmedia":[{"embeddable":true,"href":"https:\/\/www.kpnsafety.com\/pe\/wp-json\/wp\/v2\/media\/3057"}],"wp:attachment":[{"href":"https:\/\/www.kpnsafety.com\/pe\/wp-json\/wp\/v2\/media?parent=3054"}],"wp:term":[{"taxonomy":"product_brand","embeddable":true,"href":"https:\/\/www.kpnsafety.com\/pe\/wp-json\/wp\/v2\/product_brand?post=3054"},{"taxonomy":"product_cat","embeddable":true,"href":"https:\/\/www.kpnsafety.com\/pe\/wp-json\/wp\/v2\/product_cat?post=3054"},{"taxonomy":"product_tag","embeddable":true,"href":"https:\/\/www.kpnsafety.com\/pe\/wp-json\/wp\/v2\/product_tag?post=3054"}],"curies":[{"name":"wp","href":"https:\/\/api.w.org\/{rel}","templated":true}]}}