{"id":3058,"date":"2024-10-24T15:42:49","date_gmt":"2024-10-24T20:42:49","guid":{"rendered":"https:\/\/www.kpnsafety.com\/pe\/?post_type=product&#038;p=3058"},"modified":"2025-03-21T14:19:42","modified_gmt":"2025-03-21T19:19:42","slug":"traje-estructural-con-tecnologia-fotoluminiscente-en","status":"publish","type":"product","link":"https:\/\/www.kpnsafety.com\/pe\/producto\/traje-estructural-con-tecnologia-fotoluminiscente-en\/","title":{"rendered":"Traje Estructural con Tecnolog\u00eda fotoluminiscente &#8211; EN"},"content":{"rendered":"<p><strong>CHAQUETA<\/strong><\/p>\n<ul>\n<li>Hombros y espalda alta con separadores acolchados que compensan el peso del E R A<\/li>\n<li>Cuello con fuelle el\u00e1stico de punto que facilita el ajuste<\/li>\n<li>Sistema de rescate oculto en parte superior espalda de acuerdo a NFPA 1971<\/li>\n<li>Codos y hombros incorporan tejidos de refuerzo de aramida siliconado con acolchado interno<\/li>\n<li>Cuatro bolsillos exteriores Dos superiores a la altura del pecho con abertura vertical y dos inferiores a la altura de la cintura cerrados en diagonal para facilitar el acceso<\/li>\n<li>Compartimientos para emisora y linterna situados sobre bolsillos de pecho<\/li>\n<li>Barrera anti capilaridad en interior de mangas y cintura<\/li>\n<\/ul>\n<p>Traje ergon\u00f3mico y ligero de tres capas de altas prestaciones t\u00e9rmicas y mec\u00e1nicas<\/p>\n<p><strong>Tejido exterior:<\/strong><\/p>\n<ul>\n<li>Nomex \u00ae : proporcionando colores s\u00f3lidos resistentes a la luz, al lavado y al uso.<\/li>\n<li>Kevlar\u00ae: proporcionando altas resistencias mec\u00e1nicas<\/li>\n<\/ul>\n<p><strong>Membrana:<\/strong><\/p>\n<p>Impermeable y transpirable de PTFE seg\u00fan norma ISO 16604 frente a penetraci\u00f3n de virus y pat\u00f3genos<\/p>\n<p><strong>Transpirabilidad:<\/strong><\/p>\n<p>RET (m\u00b2 Pa \/W) &lt; 17 cuanto menor valor , mejor<\/p>\n<p><strong>EPI Categoria III:<\/strong><\/p>\n<p>EN 469 Nivel II . Antiest\u00e1tico:EN 1149<\/p>\n<p><strong>PANTALON<\/strong><\/p>\n<ul>\n<li>Zona lumbar ampliada para proteger en cualquier movimiento del usuario hacia delante<\/li>\n<li>Tirantes ajustables y desmontables<\/li>\n<li>Bolsillos de parche inclinados Ajuste en cintura<\/li>\n<li>En rodillas incorpora refuerzos de tejido de aramida siliconada con acolchado interior<\/li>\n<li>Tirantes en Y\u201d acolchados y desmontables<\/li>\n<li>Barrera anti capilaridad en interior de bajos<\/li>\n<\/ul>\n<p>Traje ergon\u00f3mico y ligero de tres capas de altas prestaciones t\u00e9rmicas y mec\u00e1nicas<\/p>\n<p><strong>Tejido exterior:<\/strong><\/p>\n<ul>\n<li>Nomex \u00ae : proporcionando colores s\u00f3lidos resistentes a la luz, al lavado y al uso.<\/li>\n<li>Kevlar\u00ae: proporcionando altas resistencias mec\u00e1nicas<\/li>\n<\/ul>\n<p><strong>Membrana:<\/strong><\/p>\n<p>Impermeable y transpirable de PTFE seg\u00fan norma ISO 16604 frente a penetraci\u00f3n de virus y pat\u00f3genos<\/p>\n<p><strong>Transpirabilidad:<\/strong><\/p>\n<p>RET (m\u00b2 Pa \/W) &lt; 17 cuanto menor valor , mejor<\/p>\n<p><strong>EPI Categoria III:<\/strong><\/p>\n<p>EN 469 Nivel II . Antiest\u00e1tico: EN 1149<\/p>\n<p>NFPA 1971<br \/>\nTPP =37,31 cal\/cm2<\/p>\n","protected":false},"excerpt":{"rendered":"<p>Conjunto de intervenci\u00f3n ORI\u00d3N. Ergon\u00f3mico y ligero de res capas de altas prestaciones t\u00e9rmicas y mec\u00e1nicas<\/p>\n<p><a class=\"accion\" href=\"https:\/\/api.whatsapp.com\/send?phone=573147862881\" target=\"_blank\" rel=\"noopener\">Contactar un consultor<\/a><\/p>\n<p><a class=\"accion\" href=\"https:\/\/www.kpnsafety.com\/pe\/contacto\/\" target=\"_blank\" rel=\"noopener\">Solicitar Presupuesto<\/a><\/p>\n","protected":false},"featured_media":3059,"template":"","meta":[],"product_brand":[],"product_cat":[31,64],"product_tag":[246,230],"class_list":{"0":"post-3058","1":"product","2":"type-product","3":"status-publish","4":"has-post-thumbnail","6":"product_cat-proteccion-contra-incendios","7":"product_cat-incendios-estructurales","8":"product_tag-incendios-estructurales","9":"product_tag-proteccion-contra-incendios","11":"first","12":"instock","13":"shipping-taxable","14":"product-type-simple"},"_links":{"self":[{"href":"https:\/\/www.kpnsafety.com\/pe\/wp-json\/wp\/v2\/product\/3058","targetHints":{"allow":["GET"]}}],"collection":[{"href":"https:\/\/www.kpnsafety.com\/pe\/wp-json\/wp\/v2\/product"}],"about":[{"href":"https:\/\/www.kpnsafety.com\/pe\/wp-json\/wp\/v2\/types\/product"}],"wp:featuredmedia":[{"embeddable":true,"href":"https:\/\/www.kpnsafety.com\/pe\/wp-json\/wp\/v2\/media\/3059"}],"wp:attachment":[{"href":"https:\/\/www.kpnsafety.com\/pe\/wp-json\/wp\/v2\/media?parent=3058"}],"wp:term":[{"taxonomy":"product_brand","embeddable":true,"href":"https:\/\/www.kpnsafety.com\/pe\/wp-json\/wp\/v2\/product_brand?post=3058"},{"taxonomy":"product_cat","embeddable":true,"href":"https:\/\/www.kpnsafety.com\/pe\/wp-json\/wp\/v2\/product_cat?post=3058"},{"taxonomy":"product_tag","embeddable":true,"href":"https:\/\/www.kpnsafety.com\/pe\/wp-json\/wp\/v2\/product_tag?post=3058"}],"curies":[{"name":"wp","href":"https:\/\/api.w.org\/{rel}","templated":true}]}}