{"id":3129,"date":"2024-12-26T16:40:08","date_gmt":"2024-12-26T21:40:08","guid":{"rendered":"https:\/\/www.kpnsafety.com\/pe\/?post_type=product&#038;p=3129"},"modified":"2026-03-31T15:58:05","modified_gmt":"2026-03-31T20:58:05","slug":"mochila-extintora-incendios-forestales","status":"publish","type":"product","link":"https:\/\/www.kpnsafety.com\/pe\/producto\/mochila-extintora-incendios-forestales\/","title":{"rendered":"Mochila Extintora Fire Line 20L"},"content":{"rendered":"<p><strong>CARACTER\u00cdSTICAS DE LA MOCHILA EXTINTORA FIRE LINE:<\/strong><\/p>\n<p>&nbsp;<\/p>\n<ol>\n<li>Tap\u00f3n de llenado anti p\u00e9rdida de gran dimensi\u00f3n con filtro integrado.<\/li>\n<li>Asa de carga: facilita su carga y la sujeci\u00f3n para su llenado en puntos de agua exteriores.<\/li>\n<li>Bolsillo y velcros de sujeci\u00f3n lateral para la lanza.<\/li>\n<li>Cinchas de hombros acolchadas.<\/li>\n<li>Cintur\u00f3n acolchado.<\/li>\n<li>Compartimento para guardar suministros, herramientas peque\u00f1as o el refugio ign\u00edfugo<\/li>\n<li>Xtreme Shelter XS 21 (refugio no incluido).<\/li>\n<li>Conexi\u00f3n mediante sistema pasamuros con enchufe fijo hembra G3\/8\u2019\u2019.<\/li>\n<\/ol>\n","protected":false},"excerpt":{"rendered":"<p>La Mochila Extintora Fire Line 20L ofrece confort y resistencia para la realizaci\u00f3n de maniobras de ataque<br \/>\ndirecto con l\u00ednea de agua<br \/>\nDise\u00f1ada para ofrecer el mejor confort.<\/p>\n<p><strong>Peso:<\/strong> 2,54 kg. | Peso sin lanza: 1,48 kg.<br \/>\n<strong>Dimensiones:<\/strong> 62 x 48 x 5 cm.<br \/>\n<strong>Capacidad:<\/strong> 20 l.<br \/>\n<strong>Tejido exterior:<\/strong> Cordura 1.000<\/p>\n<p><a class=\"accion\" href=\"https:\/\/api.whatsapp.com\/send?phone=573147862881\" target=\"_blank\" rel=\"noopener\">Contactar un consultor<\/a><\/p>\n<p><a class=\"accion\" href=\"https:\/\/www.kpnsafety.com\/pe\/contacto\/\" target=\"_blank\" rel=\"noopener\">Solicitar Presupuesto<\/a><\/p>\n","protected":false},"featured_media":4194,"template":"","meta":[],"product_brand":[],"product_cat":[31,59,74],"product_tag":[244,232,228,229,254,255,230],"class_list":{"0":"post-3129","1":"product","2":"type-product","3":"status-publish","4":"has-post-thumbnail","6":"product_cat-proteccion-contra-incendios","7":"product_cat-incendios-forestales","8":"product_cat-mochilas-extintoras-proteccion-contra-incendios","9":"product_tag-epi-incendios-forestales","10":"product_tag-equipos-de-proteccion","11":"product_tag-equipos-para-incendios","12":"product_tag-forestal","13":"product_tag-mochila-extintora","14":"product_tag-mochila-forestal","15":"product_tag-proteccion-contra-incendios","17":"first","18":"instock","19":"shipping-taxable","20":"product-type-simple"},"_links":{"self":[{"href":"https:\/\/www.kpnsafety.com\/pe\/wp-json\/wp\/v2\/product\/3129","targetHints":{"allow":["GET"]}}],"collection":[{"href":"https:\/\/www.kpnsafety.com\/pe\/wp-json\/wp\/v2\/product"}],"about":[{"href":"https:\/\/www.kpnsafety.com\/pe\/wp-json\/wp\/v2\/types\/product"}],"wp:featuredmedia":[{"embeddable":true,"href":"https:\/\/www.kpnsafety.com\/pe\/wp-json\/wp\/v2\/media\/4194"}],"wp:attachment":[{"href":"https:\/\/www.kpnsafety.com\/pe\/wp-json\/wp\/v2\/media?parent=3129"}],"wp:term":[{"taxonomy":"product_brand","embeddable":true,"href":"https:\/\/www.kpnsafety.com\/pe\/wp-json\/wp\/v2\/product_brand?post=3129"},{"taxonomy":"product_cat","embeddable":true,"href":"https:\/\/www.kpnsafety.com\/pe\/wp-json\/wp\/v2\/product_cat?post=3129"},{"taxonomy":"product_tag","embeddable":true,"href":"https:\/\/www.kpnsafety.com\/pe\/wp-json\/wp\/v2\/product_tag?post=3129"}],"curies":[{"name":"wp","href":"https:\/\/api.w.org\/{rel}","templated":true}]}}