{"id":3223,"date":"2025-02-28T14:48:38","date_gmt":"2025-02-28T19:48:38","guid":{"rendered":"https:\/\/www.kpnsafety.com\/pe\/?post_type=product&#038;p=3223"},"modified":"2025-02-28T14:48:38","modified_gmt":"2025-02-28T19:48:38","slug":"cortadora-de-rescate-k770","status":"publish","type":"product","link":"https:\/\/www.kpnsafety.com\/pe\/producto\/cortadora-de-rescate-k770\/","title":{"rendered":"CORTADORA DE RESCATE K770"},"content":{"rendered":"<p><strong>LA CORTADORA DE RESCATE k770, CUMPLE CON LAS SIGUIENTES CARACTER\u00cdSTICAS:<\/strong><\/p>\n<p><strong>Pavimento o Piso y Pared Husqvarna K770<\/strong>\u00a0<strong>para Disco hasta 14\u2033 motor 2 \u00a0tiempos<\/strong><\/p>\n<p>Es una potente cortadora port\u00e1til, con caracter\u00edsticas que la convierten en una\u00a0<strong>de las mejores del mercado<\/strong>.<\/p>\n<ul>\n<li>Equipada con el sistema\u00a0<strong>SmartTension \u2122<\/strong>\u00a0,que permite una\u00a0<strong>\u00f3ptima transmisi\u00f3n de potencia<\/strong>, el\u00a0<strong>m\u00ednimo desgaste<\/strong>\u00a0y\u00a0<strong>mayor durabilidad de la correa<\/strong>.<\/li>\n<li>Ligera,\u00a0<strong>sistema de arranque fiable<\/strong>\u00a0y\u00a0<strong>vibraciones bajas,<\/strong>\u00a0que se traducen en<strong>\u00a0menor tensi\u00f3n y m\u00e1xima productividad.<\/strong>\u00a0Indicada para trabajos viales,\u00a0<strong>facilita los cortes rectos o en curvas junto a la acera.<\/strong><\/li>\n<\/ul>\n<p><b>Caracter\u00edsticas de la Cortadora de Mano, Pavimento o Piso y Pared Husqvarna K770<\/b><strong>:<\/strong><\/p>\n<ul>\n<li><strong>F\u00e1cil y optimo ajuste de la correa:<\/strong>\u00a0El sistema semi-autom\u00e1tico\u00a0<strong>SmartTension minimiza el riesgo de poca, o sobre tensi\u00f3n.<\/strong><\/li>\n<li><strong>Ligera y potente:<\/strong>\u00a0Una maquina ligera,\u00a0<strong>compacta<\/strong>\u00a0y potente con un\u00a0<strong>ratio superior entre peso y potencia.<\/strong><\/li>\n<li><strong>Brazo de corte resistente:<\/strong>\u00a0El nuevo dise\u00f1o del c\u00e1rter de magnesio, permite una\u00a0<strong>mayor rigidez torsional.<\/strong><\/li>\n<li>Largos intervalos de mantenimiento:\u00a0<span class=\"description-text\">Una fuerte\u00a0<strong>correa Poly-V<\/strong>\u00a0combinada con nuestro sistema de arranque,\u00a0<strong>DuraStarter\u2122 sin necesidad de mantenimiento<\/strong>, y el eficaz sistema de filtrado\u00a0<strong>Active Air Filtration\u2122, garantizan largos intervalos de mantenimiento.<\/strong><\/span><i class=\"c-icon hq-icon hq-icon-plus hq-icon-x1\" title=\"\"><\/i><\/li>\n<li><strong>M\u00e1xima profundidad de corte:\u00a0<\/strong>125mm<\/li>\n<li><strong>Di\u00e1metro m\u00e1ximo de disco:\u00a0<\/strong>350mm<\/li>\n<li><strong>Espesor de disco m\u00e1ximo:<\/strong>\u00a05mm<\/li>\n<li><strong>Velocidad perimetral m\u00e1xima:\u00a0<\/strong>90 m\/s.<\/li>\n<\/ul>\n<p><strong>Motor<\/strong><\/p>\n<ul>\n<li><strong>Potencia de salida<\/strong>3.7 kW<\/li>\n<li><strong>Cilindrada<\/strong>\u00a073.5 cm\u00b3<\/li>\n<li><strong>Intervalo del electrodo\u00a0<\/strong>0.5 mm<\/li>\n<li><strong>Cilindros<\/strong>\u00a01<\/li>\n<li><strong>TiemposMotor d<\/strong>e 2 tiempos<\/li>\n<li><strong>Exhaust emissions<\/strong>\u00a0 (CO2 EU V)711 g\/kWh<\/li>\n<\/ul>\n<p><strong>Sonido y ruido<\/strong><\/p>\n<ul>\n<li><strong>Nivel de potencia de sonido<\/strong>, garantizado (LWA)115 dB(A)<\/li>\n<li><strong>Nivel de peresi\u00f3n de sonido, a oidos del operador\u00a0<\/strong>101 dB(A).<\/li>\n<\/ul>\n","protected":false},"excerpt":{"rendered":"<p>Nuestra cortadora de rescate, la m\u00e1s ligera y compacta, ha sido especialmente desarrollada para llevar a cabo tareas de rescate y desbroce. La protecci\u00f3n del disco de magnesio est\u00e1 dise\u00f1ada para ser visible en presencia de humo y agua pulverizada, y el sistema de encendido digital permite arrancar la cortadora de manera segura y r\u00e1pida en cualquier situaci\u00f3n de emergencia. Los servicios de bomberos de todo el mundo conf\u00edan en ella.<\/p>\n<p><a class=\"accion\" href=\"https:\/\/api.whatsapp.com\/send?phone=573147862881\" target=\"_blank\" rel=\"noopener\">Contactar un consultor<\/a><\/p>\n<p><a class=\"accion\" href=\"https:\/\/www.kpnsafety.com\/pe\/contacto\/\" target=\"_blank\" rel=\"noopener\">Solicitar Presupuesto<\/a><\/p>\n<p>&nbsp;<\/p>\n","protected":false},"featured_media":3224,"template":"","meta":[],"product_brand":[],"product_cat":[181],"product_tag":[175,174,176,173],"class_list":{"0":"post-3223","1":"product","2":"type-product","3":"status-publish","4":"has-post-thumbnail","6":"product_cat-herramientas-de-extricacion-vehicular","7":"product_tag-cizalla","8":"product_tag-extricacion-vehicular","9":"product_tag-herramienta-de-rescate","10":"product_tag-rescate-vehicular","12":"first","13":"instock","14":"shipping-taxable","15":"product-type-simple"},"_links":{"self":[{"href":"https:\/\/www.kpnsafety.com\/pe\/wp-json\/wp\/v2\/product\/3223","targetHints":{"allow":["GET"]}}],"collection":[{"href":"https:\/\/www.kpnsafety.com\/pe\/wp-json\/wp\/v2\/product"}],"about":[{"href":"https:\/\/www.kpnsafety.com\/pe\/wp-json\/wp\/v2\/types\/product"}],"wp:featuredmedia":[{"embeddable":true,"href":"https:\/\/www.kpnsafety.com\/pe\/wp-json\/wp\/v2\/media\/3224"}],"wp:attachment":[{"href":"https:\/\/www.kpnsafety.com\/pe\/wp-json\/wp\/v2\/media?parent=3223"}],"wp:term":[{"taxonomy":"product_brand","embeddable":true,"href":"https:\/\/www.kpnsafety.com\/pe\/wp-json\/wp\/v2\/product_brand?post=3223"},{"taxonomy":"product_cat","embeddable":true,"href":"https:\/\/www.kpnsafety.com\/pe\/wp-json\/wp\/v2\/product_cat?post=3223"},{"taxonomy":"product_tag","embeddable":true,"href":"https:\/\/www.kpnsafety.com\/pe\/wp-json\/wp\/v2\/product_tag?post=3223"}],"curies":[{"name":"wp","href":"https:\/\/api.w.org\/{rel}","templated":true}]}}