{"id":3230,"date":"2025-02-28T14:55:24","date_gmt":"2025-02-28T19:55:24","guid":{"rendered":"https:\/\/www.kpnsafety.com\/pe\/?post_type=product&#038;p=3230"},"modified":"2026-01-28T16:55:57","modified_gmt":"2026-01-28T21:55:57","slug":"cortadora-de-rescate-k760-cut-in-break","status":"publish","type":"product","link":"https:\/\/www.kpnsafety.com\/pe\/producto\/cortadora-de-rescate-k760-cut-in-break\/","title":{"rendered":"CORTADORA DE RESCATE K760 CUT IN BREAK"},"content":{"rendered":"<h2><strong>Cortadora de Rescate<\/strong><\/h2>\n<p><strong>HUSQVARNA K760CNB Cut-n-Break incluye 2 discos de 9\u2033 motor 2 tiempos<\/strong><\/p>\n<p>Sistema \u201cCut-n-Break\u201d es la elecci\u00f3n natural cuando necesita realizar cortes profundos con un coste de mantenimiento bajo. La K\u202f760 Cut-n-Break le permite cortar hasta 400 mm de profundidad. Los dos discos de corte r\u00e1pido crean un residuo en el corte de la m\u00e1quina, el cual puede romperse f\u00e1cilmente con la herramienta que le acompa\u00f1a. De este modo puede trabajar m\u00e1s f\u00e1cilmente, a un coste de herramientas diamantadas y de mantenimiento muy bajo. Distribuida con dos discos y una herramienta de ruptura.<\/p>\n<ul>\n<li><strong>Rentable m\u00e9todo de corte<\/strong><\/li>\n<\/ul>\n<p>Con el exclusivo \u201cCut-n-Break\u201d puede trabajar el material paso a paso con un bajo coste de la herramienta.<\/p>\n<ul>\n<li><strong>Profundidad excepcional de corte<\/strong><\/li>\n<\/ul>\n<p>El largo cuerpo y los dobles discos de corte le permiten hacer cortes de hasta 40mm de profundidad.<\/p>\n<ul>\n<li><strong>Rendimiento del motor optimizado<\/strong><\/li>\n<\/ul>\n<p>Gracias a su dise\u00f1o del cilindro mas eficiente, el sistema digital de ignici\u00f3n y la tecnolog\u00eda de motores X-Torq.<\/p>\n<ul>\n<li><strong>Ligera y potente<\/strong><\/li>\n<\/ul>\n<p>Una maquina ligera, compacta y potente con una ratio superior entre peso y potencia.<\/p>\n<ul>\n<li><strong>-Arranque sin necesidad de mantenimiento<\/strong><\/li>\n<\/ul>\n<p>Arranque herm\u00e9tico, donde se sellan el muelle de retorno y el cojinete de la polea, proporciona un arranque sin necesidad de mantenimiento. Est\u00e1 desarrollado con una cuerda de alta resistencia.<\/p>\n<ul>\n<li><strong>Todas las especificaciones<\/strong><\/li>\n<\/ul>\n<table class=\"hcp-table\">\n<tbody>\n<tr class=\"hcp-table__tr grey-background\">\n<td class=\"hcp-table__td\">\n<div class=\"hui-spacing--sm-m-4-times-0 hui-spacing--sm-px-4-times-10 hui-spacing--sm-py-4-times-4 hui-text-undefined\"><strong>Motor<\/strong><\/div>\n<\/td>\n<td class=\"hcp-table__td\">\n<div class=\"hui-spacing--sm-m-4-times-0 hui-spacing--sm-px-4-times-10 hui-spacing--sm-py-4-times-4 hui-text-undefined\"><\/div>\n<\/td>\n<\/tr>\n<tr class=\"hcp-table__tr white-background\">\n<td class=\"hcp-table__td\">\n<div class=\"hui-spacing--sm-m-4-times-0 hui-spacing--sm-px-4-times-10 hui-spacing--sm-py-4-times-4 hui-text-undefined\">Potencia<\/div>\n<\/td>\n<td class=\"hcp-table__td\">\n<div class=\"hui-spacing--sm-m-4-times-0 hui-spacing--sm-px-4-times-10 hui-spacing--sm-py-4-times-4 hui-text-undefined\">3,7 kW<\/div>\n<\/td>\n<\/tr>\n<tr class=\"hcp-table__tr white-background\">\n<td class=\"hcp-table__td\">\n<div class=\"hui-spacing--sm-m-4-times-0 hui-spacing--sm-px-4-times-10 hui-spacing--sm-py-4-times-4 hui-text-undefined\">Velocidad del motor m\u00e1xima recomendado<\/div>\n<\/td>\n<td class=\"hcp-table__td\">\n<div class=\"hui-spacing--sm-m-4-times-0 hui-spacing--sm-px-4-times-10 hui-spacing--sm-py-4-times-4 hui-text-undefined\">9.300 rpm<\/div>\n<\/td>\n<\/tr>\n<tr class=\"hcp-table__tr white-background\">\n<td class=\"hcp-table__td\">\n<div class=\"hui-spacing--sm-m-4-times-0 hui-spacing--sm-px-4-times-10 hui-spacing--sm-py-4-times-4 hui-text-undefined\">Velocidad de potencia m\u00e1xima<\/div>\n<\/td>\n<td class=\"hcp-table__td\">\n<div class=\"hui-spacing--sm-m-4-times-0 hui-spacing--sm-px-4-times-10 hui-spacing--sm-py-4-times-4 hui-text-undefined\">9.000 rpm<\/div>\n<\/td>\n<\/tr>\n<tr class=\"hcp-table__tr white-background\">\n<td class=\"hcp-table__td\">\n<div class=\"hui-spacing--sm-m-4-times-0 hui-spacing--sm-px-4-times-10 hui-spacing--sm-py-4-times-4 hui-text-undefined\">Cilindros<\/div>\n<\/td>\n<td class=\"hcp-table__td\">\n<div class=\"hui-spacing--sm-m-4-times-0 hui-spacing--sm-px-4-times-10 hui-spacing--sm-py-4-times-4 hui-text-undefined\">1<\/div>\n<\/td>\n<\/tr>\n<tr class=\"hcp-table__tr white-background\">\n<td class=\"hcp-table__td\">\n<div class=\"hui-spacing--sm-m-4-times-0 hui-spacing--sm-px-4-times-10 hui-spacing--sm-py-4-times-4 hui-text-undefined\">Tiempos<\/div>\n<\/td>\n<td class=\"hcp-table__td\">\n<div class=\"hui-spacing--sm-m-4-times-0 hui-spacing--sm-px-4-times-10 hui-spacing--sm-py-4-times-4 hui-text-undefined\">Motor de 2 tiempos<\/div>\n<\/td>\n<\/tr>\n<tr class=\"hcp-table__tr white-background\">\n<td class=\"hcp-table__td\">\n<div class=\"hui-spacing--sm-m-4-times-0 hui-spacing--sm-px-4-times-10 hui-spacing--sm-py-4-times-4 hui-text-undefined\">Emisiones de gas (CO2 EU V)<\/div>\n<\/td>\n<td class=\"hcp-table__td\">\n<div class=\"hui-spacing--sm-m-4-times-0 hui-spacing--sm-px-4-times-10 hui-spacing--sm-py-4-times-4 hui-text-undefined\">711 g\/kWh<\/div>\n<\/td>\n<\/tr>\n<tr class=\"hcp-table__tr white-background\">\n<td class=\"hcp-table__td\">\n<div class=\"hui-spacing--sm-m-4-times-0 hui-spacing--sm-px-4-times-10 hui-spacing--sm-py-4-times-4 hui-text-undefined\">Fuente de alimentaci\u00f3n<\/div>\n<\/td>\n<td class=\"hcp-table__td\">\n<div class=\"hui-spacing--sm-m-4-times-0 hui-spacing--sm-px-4-times-10 hui-spacing--sm-py-4-times-4 hui-text-undefined\">Gasolina<\/div>\n<\/td>\n<\/tr>\n<tr class=\"hcp-table__tr grey-background\">\n<td class=\"hcp-table__td\">\n<div class=\"hui-spacing--sm-m-4-times-0 hui-spacing--sm-px-4-times-10 hui-spacing--sm-py-4-times-4 hui-text-undefined\"><strong>Equipo de corte<\/strong><\/div>\n<\/td>\n<td class=\"hcp-table__td\">\n<div class=\"hui-spacing--sm-m-4-times-0 hui-spacing--sm-px-4-times-10 hui-spacing--sm-py-4-times-4 hui-text-undefined\"><\/div>\n<\/td>\n<\/tr>\n<tr class=\"hcp-table__tr white-background\">\n<td class=\"hcp-table__td\">\n<div class=\"hui-spacing--sm-m-4-times-0 hui-spacing--sm-px-4-times-10 hui-spacing--sm-py-4-times-4 hui-text-undefined\">Ma\u0301x. profundidad de corte<\/div>\n<\/td>\n<td class=\"hcp-table__td\">\n<div class=\"hui-spacing--sm-m-4-times-0 hui-spacing--sm-px-4-times-10 hui-spacing--sm-py-4-times-4 hui-text-undefined\">400 mm<\/div>\n<\/td>\n<\/tr>\n<tr class=\"hcp-table__tr white-background\">\n<td class=\"hcp-table__td\">\n<div class=\"hui-spacing--sm-m-4-times-0 hui-spacing--sm-px-4-times-10 hui-spacing--sm-py-4-times-4 hui-text-undefined\">Di\u00e1metro m\u00e1x de disco<\/div>\n<\/td>\n<td class=\"hcp-table__td\">\n<div class=\"hui-spacing--sm-m-4-times-0 hui-spacing--sm-px-4-times-10 hui-spacing--sm-py-4-times-4 hui-text-undefined\">230 mm<\/div>\n<\/td>\n<\/tr>\n<tr class=\"hcp-table__tr white-background\">\n<td class=\"hcp-table__td\">\n<div class=\"hui-spacing--sm-m-4-times-0 hui-spacing--sm-px-4-times-10 hui-spacing--sm-py-4-times-4 hui-text-undefined\">Velocidad perimetral m\u00e1x.<\/div>\n<\/td>\n<td class=\"hcp-table__td\">\n<div class=\"hui-spacing--sm-m-4-times-0 hui-spacing--sm-px-4-times-10 hui-spacing--sm-py-4-times-4 hui-text-undefined\">80 m\/s<\/div>\n<\/td>\n<\/tr>\n<tr class=\"hcp-table__tr white-background\">\n<td class=\"hcp-table__td\">\n<div class=\"hui-spacing--sm-m-4-times-0 hui-spacing--sm-px-4-times-10 hui-spacing--sm-py-4-times-4 hui-text-undefined\">Refrigerante<\/div>\n<\/td>\n<td class=\"hcp-table__td\">\n<div class=\"hui-spacing--sm-m-4-times-0 hui-spacing--sm-px-4-times-10 hui-spacing--sm-py-4-times-4 hui-text-undefined\">H\u00famedo<\/div>\n<\/td>\n<\/tr>\n<tr class=\"hcp-table__tr grey-background\">\n<td class=\"hcp-table__td\">\n<div class=\"hui-spacing--sm-m-4-times-0 hui-spacing--sm-px-4-times-10 hui-spacing--sm-py-4-times-4 hui-text-undefined\"><strong>Dimensiones<\/strong><\/div>\n<\/td>\n<td class=\"hcp-table__td\">\n<div class=\"hui-spacing--sm-m-4-times-0 hui-spacing--sm-px-4-times-10 hui-spacing--sm-py-4-times-4 hui-text-undefined\"><\/div>\n<\/td>\n<\/tr>\n<tr class=\"hcp-table__tr white-background\">\n<td class=\"hcp-table__td\">\n<div class=\"hui-spacing--sm-m-4-times-0 hui-spacing--sm-px-4-times-10 hui-spacing--sm-py-4-times-4 hui-text-undefined\">Longitud del producto<\/div>\n<\/td>\n<td class=\"hcp-table__td\">\n<div class=\"hui-spacing--sm-m-4-times-0 hui-spacing--sm-px-4-times-10 hui-spacing--sm-py-4-times-4 hui-text-undefined\">798 mm<\/div>\n<\/td>\n<\/tr>\n<tr class=\"hcp-table__tr white-background\">\n<td class=\"hcp-table__td\">\n<div class=\"hui-spacing--sm-m-4-times-0 hui-spacing--sm-px-4-times-10 hui-spacing--sm-py-4-times-4 hui-text-undefined\">Ancho del producto<\/div>\n<\/td>\n<td class=\"hcp-table__td\">\n<div class=\"hui-spacing--sm-m-4-times-0 hui-spacing--sm-px-4-times-10 hui-spacing--sm-py-4-times-4 hui-text-undefined\">246 mm<\/div>\n<\/td>\n<\/tr>\n<tr class=\"hcp-table__tr white-background\">\n<td class=\"hcp-table__td\">\n<div class=\"hui-spacing--sm-m-4-times-0 hui-spacing--sm-px-4-times-10 hui-spacing--sm-py-4-times-4 hui-text-undefined\">Peso del producto<\/div>\n<\/td>\n<td class=\"hcp-table__td\">\n<div class=\"hui-spacing--sm-m-4-times-0 hui-spacing--sm-px-4-times-10 hui-spacing--sm-py-4-times-4 hui-text-undefined\">446 mm<\/div>\n<\/td>\n<\/tr>\n<tr class=\"hcp-table__tr white-background\">\n<td class=\"hcp-table__td\">\n<div class=\"hui-spacing--sm-m-4-times-0 hui-spacing--sm-px-4-times-10 hui-spacing--sm-py-4-times-4 hui-text-undefined\">Peso<\/div>\n<\/td>\n<td class=\"hcp-table__td\">\n<div class=\"hui-spacing--sm-m-4-times-0 hui-spacing--sm-px-4-times-10 hui-spacing--sm-py-4-times-4 hui-text-undefined\">9,6 kg<\/div>\n<\/td>\n<\/tr>\n<tr class=\"hcp-table__tr white-background\">\n<td class=\"hcp-table__td\">\n<div class=\"hui-spacing--sm-m-4-times-0 hui-spacing--sm-px-4-times-10 hui-spacing--sm-py-4-times-4 hui-text-undefined\">Packaging length<\/div>\n<\/td>\n<td class=\"hcp-table__td\">\n<div class=\"hui-spacing--sm-m-4-times-0 hui-spacing--sm-px-4-times-10 hui-spacing--sm-py-4-times-4 hui-text-undefined\">890 mm<\/div>\n<\/td>\n<\/tr>\n<tr class=\"hcp-table__tr white-background\">\n<td class=\"hcp-table__td\">\n<div class=\"hui-spacing--sm-m-4-times-0 hui-spacing--sm-px-4-times-10 hui-spacing--sm-py-4-times-4 hui-text-undefined\">Packaging width<\/div>\n<\/td>\n<td class=\"hcp-table__td\">\n<div class=\"hui-spacing--sm-m-4-times-0 hui-spacing--sm-px-4-times-10 hui-spacing--sm-py-4-times-4 hui-text-undefined\">270 mm<\/div>\n<\/td>\n<\/tr>\n<tr class=\"hcp-table__tr white-background\">\n<td class=\"hcp-table__td\">\n<div class=\"hui-spacing--sm-m-4-times-0 hui-spacing--sm-px-4-times-10 hui-spacing--sm-py-4-times-4 hui-text-undefined\">Packaging height<\/div>\n<\/td>\n<td class=\"hcp-table__td\">\n<div class=\"hui-spacing--sm-m-4-times-0 hui-spacing--sm-px-4-times-10 hui-spacing--sm-py-4-times-4 hui-text-undefined\">420 mm<\/div>\n<\/td>\n<\/tr>\n<tr class=\"hcp-table__tr white-background\">\n<td class=\"hcp-table__td\">\n<div class=\"hui-spacing--sm-m-4-times-0 hui-spacing--sm-px-4-times-10 hui-spacing--sm-py-4-times-4 hui-text-undefined\">Article gross weight<\/div>\n<\/td>\n<td class=\"hcp-table__td\">\n<div class=\"hui-spacing--sm-m-4-times-0 hui-spacing--sm-px-4-times-10 hui-spacing--sm-py-4-times-4 hui-text-undefined\">14.360 g<\/div>\n<\/td>\n<\/tr>\n<tr class=\"hcp-table__tr grey-background\">\n<td class=\"hcp-table__td\">\n<div class=\"hui-spacing--sm-m-4-times-0 hui-spacing--sm-px-4-times-10 hui-spacing--sm-py-4-times-4 hui-text-undefined\"><strong>Nivel de potencia de sonido<\/strong><\/div>\n<\/td>\n<td class=\"hcp-table__td\">\n<div class=\"hui-spacing--sm-m-4-times-0 hui-spacing--sm-px-4-times-10 hui-spacing--sm-py-4-times-4 hui-text-undefined\"><\/div>\n<\/td>\n<\/tr>\n<tr class=\"hcp-table__tr white-background\">\n<td class=\"hcp-table__td\">\n<div class=\"hui-spacing--sm-m-4-times-0 hui-spacing--sm-px-4-times-10 hui-spacing--sm-py-4-times-4 hui-text-undefined\">Nivel de potencia de sonido, garantizado (LWA)<\/div>\n<\/td>\n<td class=\"hcp-table__td\">\n<div class=\"hui-spacing--sm-m-4-times-0 hui-spacing--sm-px-4-times-10 hui-spacing--sm-py-4-times-4 hui-text-undefined\">115 dB(A)<\/div>\n<\/td>\n<\/tr>\n<tr class=\"hcp-table__tr white-background\">\n<td class=\"hcp-table__td\">\n<div class=\"hui-spacing--sm-m-4-times-0 hui-spacing--sm-px-4-times-10 hui-spacing--sm-py-4-times-4 hui-text-undefined\">Nivel de peresi\u00f3n de sonido, a oidos del operador<\/div>\n<\/td>\n<td class=\"hcp-table__td\">\n<div class=\"hui-spacing--sm-m-4-times-0 hui-spacing--sm-px-4-times-10 hui-spacing--sm-py-4-times-4 hui-text-undefined\">101 dB(A)<\/div>\n<\/td>\n<\/tr>\n<tr class=\"hcp-table__tr grey-background\">\n<td class=\"hcp-table__td\">\n<div class=\"hui-spacing--sm-m-4-times-0 hui-spacing--sm-px-4-times-10 hui-spacing--sm-py-4-times-4 hui-text-undefined\"><strong>Vibraciones<\/strong><\/div>\n<\/td>\n<td class=\"hcp-table__td\">\n<div class=\"hui-spacing--sm-m-4-times-0 hui-spacing--sm-px-4-times-10 hui-spacing--sm-py-4-times-4 hui-text-undefined\"><\/div>\n<\/td>\n<\/tr>\n<tr class=\"hcp-table__tr white-background\">\n<td class=\"hcp-table__td\">\n<div class=\"hui-spacing--sm-m-4-times-0 hui-spacing--sm-px-4-times-10 hui-spacing--sm-py-4-times-4 hui-text-undefined\">Vibraciones en empu\u00f1adura izquierda<\/div>\n<\/td>\n<td class=\"hcp-table__td\">\n<div class=\"hui-spacing--sm-m-4-times-0 hui-spacing--sm-px-4-times-10 hui-spacing--sm-py-4-times-4 hui-text-undefined\">1,9 m\/s\u00b2<\/div>\n<\/td>\n<\/tr>\n<tr class=\"hcp-table__tr white-background\">\n<td class=\"hcp-table__td\">\n<div class=\"hui-spacing--sm-m-4-times-0 hui-spacing--sm-px-4-times-10 hui-spacing--sm-py-4-times-4 hui-text-undefined\">Vibraciones en empu\u00f1adura derecha<\/div>\n<\/td>\n<td class=\"hcp-table__td\">\n<div class=\"hui-spacing--sm-m-4-times-0 hui-spacing--sm-px-4-times-10 hui-spacing--sm-py-4-times-4 hui-text-undefined\">2,8 m\/s\u00b2<\/div>\n<\/td>\n<\/tr>\n<\/tbody>\n<\/table>\n<p>&nbsp;<\/p>\n<ul>\n<li><strong>Discos de alto rendimiento incluidos<\/strong>, Los dobles discos, con un rendimiento de corte muy estable, vienen incluidos con la m\u00e1quina.<\/li>\n<li><strong>Rentable m\u00e9todo de corte<\/strong>, Con el exclusivo m\u00e9todo \u201ccut-n-break\u201d usted puede trabajar el material paso a paso con un bajo coste de la herramienta.<\/li>\n<li><strong>Rendimiento del motor optimizado<\/strong>, Rendimiento del motor optimizado gracias a un dise\u00f1o del cilindro m\u00e1s eficiente, el sistema digital de ignici\u00f3n y la tecnolog\u00eda de motores X-Torq.<\/li>\n<li><strong>Profundidad excepcional de corte<\/strong>, El largo cuerpo y los dobles discos de corte le permiten hacer cortes de hasta 400 mm de profundidad.<\/li>\n<\/ul>\n","protected":false},"excerpt":{"rendered":"<p>Nuestra cortadora de rescate con sistema \u00abCut-n-Break\u00bb es la elecci\u00f3n natural cuando necesita realizar cortes profundos con un coste de mantenimiento bajo. La K\u202f760 Cut-n-Break le permite cortar hasta 400 mm de profundidad . Los dos discos de corte rapido crean un residuo en el corte de la maquina, el cual puede romperse f\u00e1cilmente con la herramienta que le acompa\u00f1a. De este modo puede trabajar m\u00e1s f\u00e1cilmente, a un coste de herramientas diamantadas y de mantenimiento muy bajo. Distribuida con dos discos y una herramienta de ruptura.<\/p>\n<p><a class=\"accion\" href=\"https:\/\/api.whatsapp.com\/send?phone=573147862881\" target=\"_blank\" rel=\"noopener\">Contactar un consultor<\/a><\/p>\n<p><a class=\"accion\" href=\"https:\/\/www.kpnsafety.com\/pe\/contacto\/\" target=\"_blank\" rel=\"noopener\">Solicitar Presupuesto<\/a><\/p>\n<p>&nbsp;<\/p>\n","protected":false},"featured_media":3235,"template":"","meta":[],"product_brand":[],"product_cat":[181],"product_tag":[175,174,176,173],"class_list":{"0":"post-3230","1":"product","2":"type-product","3":"status-publish","4":"has-post-thumbnail","6":"product_cat-herramientas-de-extricacion-vehicular","7":"product_tag-cizalla","8":"product_tag-extricacion-vehicular","9":"product_tag-herramienta-de-rescate","10":"product_tag-rescate-vehicular","12":"first","13":"instock","14":"shipping-taxable","15":"product-type-simple"},"_links":{"self":[{"href":"https:\/\/www.kpnsafety.com\/pe\/wp-json\/wp\/v2\/product\/3230","targetHints":{"allow":["GET"]}}],"collection":[{"href":"https:\/\/www.kpnsafety.com\/pe\/wp-json\/wp\/v2\/product"}],"about":[{"href":"https:\/\/www.kpnsafety.com\/pe\/wp-json\/wp\/v2\/types\/product"}],"wp:featuredmedia":[{"embeddable":true,"href":"https:\/\/www.kpnsafety.com\/pe\/wp-json\/wp\/v2\/media\/3235"}],"wp:attachment":[{"href":"https:\/\/www.kpnsafety.com\/pe\/wp-json\/wp\/v2\/media?parent=3230"}],"wp:term":[{"taxonomy":"product_brand","embeddable":true,"href":"https:\/\/www.kpnsafety.com\/pe\/wp-json\/wp\/v2\/product_brand?post=3230"},{"taxonomy":"product_cat","embeddable":true,"href":"https:\/\/www.kpnsafety.com\/pe\/wp-json\/wp\/v2\/product_cat?post=3230"},{"taxonomy":"product_tag","embeddable":true,"href":"https:\/\/www.kpnsafety.com\/pe\/wp-json\/wp\/v2\/product_tag?post=3230"}],"curies":[{"name":"wp","href":"https:\/\/api.w.org\/{rel}","templated":true}]}}