{"id":3695,"date":"2025-07-03T10:00:26","date_gmt":"2025-07-03T15:00:26","guid":{"rendered":"https:\/\/www.kpnsafety.com\/pe\/?post_type=product&#038;p=3695"},"modified":"2025-07-03T10:44:57","modified_gmt":"2025-07-03T15:44:57","slug":"traje-estructural-b2-lakeland-kpn","status":"publish","type":"product","link":"https:\/\/www.kpnsafety.com\/pe\/producto\/traje-estructural-b2-lakeland-kpn\/","title":{"rendered":"Traje estructural B2 Lakeland KPN"},"content":{"rendered":"<p>&#8211; Las mangas de corte ergon\u00f3mico se curvan y doblan, proporcionando una gran libertad de movimiento.<br \/>\n&#8211; Certificaci\u00f3n UL seg\u00fan la edici\u00f3n 2018 de la norma NFPA 1971 sobre conjuntos de protecci\u00f3n para Extinci\u00f3n de incendios estructurales.<br \/>\n&#8211; Las mu\u00f1equeras de Nomex\u00ae con orificio para el pulgar unidas a los pozos de Stedprene negro manga proporcionan una forma y un ajuste mejorados.<br \/>\n&#8211; Desde los bolsillos de expansi\u00f3n del abrigo hasta el soporte universal para linternas, el B2 ofrece el espacio de almacenamiento necesario para acceder f\u00e1cilmente a las herramientas m\u00e1s importantes.<br \/>\n&#8211; El dise\u00f1o de la cintura baja con un peque\u00f1o peto trasero de tres pulgadas proporciona protecci\u00f3n contra el solapamiento.<\/p>\n","protected":false},"excerpt":{"rendered":"<p>El Traje estructural B2 es un equipo de protecci\u00f3n contra incendios y nuestra selecci\u00f3n m\u00e1s popular por una raz\u00f3n. Con muchas de las caracter\u00edsticas clave disponibles en nuestras ofertas de nivel superior, el B2 proporciona una protecci\u00f3n de primera calidad que se ajusta a su presupuesto.<\/p>\n<p><a class=\"accion\" href=\"https:\/\/api.whatsapp.com\/send?phone=573147862881\" target=\"_blank\" rel=\"noopener\">Contactar un consultor<\/a><\/p>\n<p><a class=\"accion\" href=\"https:\/\/www.kpnsafety.com\/pe\/contacto\/\" target=\"_blank\" rel=\"noopener\">Solicitar Presupuesto<\/a><\/p>\n<p>&nbsp;<\/p>\n","protected":false},"featured_media":3721,"template":"","meta":[],"product_brand":[],"product_cat":[31,64],"product_tag":[264,168],"class_list":{"0":"post-3695","1":"product","2":"type-product","3":"status-publish","4":"has-post-thumbnail","6":"product_cat-proteccion-contra-incendios","7":"product_cat-incendios-estructurales","8":"product_tag-combate-de-incendios","9":"product_tag-traje-estructural","11":"first","12":"instock","13":"shipping-taxable","14":"product-type-simple"},"_links":{"self":[{"href":"https:\/\/www.kpnsafety.com\/pe\/wp-json\/wp\/v2\/product\/3695","targetHints":{"allow":["GET"]}}],"collection":[{"href":"https:\/\/www.kpnsafety.com\/pe\/wp-json\/wp\/v2\/product"}],"about":[{"href":"https:\/\/www.kpnsafety.com\/pe\/wp-json\/wp\/v2\/types\/product"}],"wp:featuredmedia":[{"embeddable":true,"href":"https:\/\/www.kpnsafety.com\/pe\/wp-json\/wp\/v2\/media\/3721"}],"wp:attachment":[{"href":"https:\/\/www.kpnsafety.com\/pe\/wp-json\/wp\/v2\/media?parent=3695"}],"wp:term":[{"taxonomy":"product_brand","embeddable":true,"href":"https:\/\/www.kpnsafety.com\/pe\/wp-json\/wp\/v2\/product_brand?post=3695"},{"taxonomy":"product_cat","embeddable":true,"href":"https:\/\/www.kpnsafety.com\/pe\/wp-json\/wp\/v2\/product_cat?post=3695"},{"taxonomy":"product_tag","embeddable":true,"href":"https:\/\/www.kpnsafety.com\/pe\/wp-json\/wp\/v2\/product_tag?post=3695"}],"curies":[{"name":"wp","href":"https:\/\/api.w.org\/{rel}","templated":true}]}}