{"id":3725,"date":"2025-07-03T10:53:57","date_gmt":"2025-07-03T15:53:57","guid":{"rendered":"https:\/\/www.kpnsafety.com\/pe\/?post_type=product&#038;p=3725"},"modified":"2025-07-03T10:55:17","modified_gmt":"2025-07-03T15:55:17","slug":"traje-estructural-stealth-lakeland-kpn","status":"publish","type":"product","link":"https:\/\/www.kpnsafety.com\/pe\/producto\/traje-estructural-stealth-lakeland-kpn\/","title":{"rendered":"Traje Estructural Stealth Lakeland-KPN"},"content":{"rendered":"<ul>\n<li>El cord\u00f3n interno de la espalda reduce el volumen en la parte delantera del abrigo cuando se pone un ERA.<\/li>\n<li>Certificaci\u00f3n UL seg\u00fan la edici\u00f3n 2018 de la norma NFPA 1971 sobre conjuntos de protecci\u00f3n para Extinci\u00f3n de incendios estructurales.<\/li>\n<li>La parte trasera larga y biselada proporciona un solapamiento adicional para la protecci\u00f3n. A\u00f1ada letras para su identificaci\u00f3n.<\/li>\n<li>LazerMax Los ribetes reflectantes est\u00e1n cosidos en las costuras de toda la Equipo de protecci\u00f3n contra incendios para que el usuario sea m\u00e1s visible en condiciones de poca luz.<\/li>\n<li>Los pantalones Stealth est\u00e1n disponibles como pantal\u00f3n de arn\u00e9s interno IH utilizando el arn\u00e9s RIT de clase II de Kevlar. Tambi\u00e9n est\u00e1 disponible el Cintur\u00f3n de Rescate RIT Clase 1.<\/li>\n<\/ul>\n","protected":false},"excerpt":{"rendered":"<p>Traje Estructural Stealth es un equipo de protecci\u00f3n contra incendios que combina la protecci\u00f3n contra el fuego y el calor con un innovador dise\u00f1o atl\u00e9tico que aporta agilidad y comodidad.<\/p>\n<p><a class=\"accion\" href=\"https:\/\/api.whatsapp.com\/send?phone=573147862881\" target=\"_blank\" rel=\"noopener\">Contactar un consultor<\/a><\/p>\n<p><a class=\"accion\" href=\"https:\/\/www.kpnsafety.com\/pe\/contacto\/\" target=\"_blank\" rel=\"noopener\">Solicitar Presupuesto<\/a><\/p>\n","protected":false},"featured_media":3722,"template":"","meta":[],"product_brand":[],"product_cat":[64,31],"product_tag":[264,266,265,168],"class_list":{"0":"post-3725","1":"product","2":"type-product","3":"status-publish","4":"has-post-thumbnail","6":"product_cat-incendios-estructurales","7":"product_cat-proteccion-contra-incendios","8":"product_tag-combate-de-incendios","9":"product_tag-kpn","10":"product_tag-lakeland","11":"product_tag-traje-estructural","13":"first","14":"instock","15":"shipping-taxable","16":"product-type-simple"},"_links":{"self":[{"href":"https:\/\/www.kpnsafety.com\/pe\/wp-json\/wp\/v2\/product\/3725","targetHints":{"allow":["GET"]}}],"collection":[{"href":"https:\/\/www.kpnsafety.com\/pe\/wp-json\/wp\/v2\/product"}],"about":[{"href":"https:\/\/www.kpnsafety.com\/pe\/wp-json\/wp\/v2\/types\/product"}],"wp:featuredmedia":[{"embeddable":true,"href":"https:\/\/www.kpnsafety.com\/pe\/wp-json\/wp\/v2\/media\/3722"}],"wp:attachment":[{"href":"https:\/\/www.kpnsafety.com\/pe\/wp-json\/wp\/v2\/media?parent=3725"}],"wp:term":[{"taxonomy":"product_brand","embeddable":true,"href":"https:\/\/www.kpnsafety.com\/pe\/wp-json\/wp\/v2\/product_brand?post=3725"},{"taxonomy":"product_cat","embeddable":true,"href":"https:\/\/www.kpnsafety.com\/pe\/wp-json\/wp\/v2\/product_cat?post=3725"},{"taxonomy":"product_tag","embeddable":true,"href":"https:\/\/www.kpnsafety.com\/pe\/wp-json\/wp\/v2\/product_tag?post=3725"}],"curies":[{"name":"wp","href":"https:\/\/api.w.org\/{rel}","templated":true}]}}