{"id":3726,"date":"2025-07-03T10:58:53","date_gmt":"2025-07-03T15:58:53","guid":{"rendered":"https:\/\/www.kpnsafety.com\/pe\/?post_type=product&#038;p=3726"},"modified":"2025-07-03T11:45:29","modified_gmt":"2025-07-03T16:45:29","slug":"chaqueta-para-bombero-forestal-lakeland-kpn","status":"publish","type":"product","link":"https:\/\/www.kpnsafety.com\/pe\/producto\/chaqueta-para-bombero-forestal-lakeland-kpn\/","title":{"rendered":"Chaqueta para bombero forestal -Lakeland-KPN"},"content":{"rendered":"<ul>\n<li>Longitud del abrigo: 29&#8243; delante \/ 34&#8243; detr\u00e1s<\/li>\n<li>3M\u2122 Scotchlite\u2122 Material reflectante &#8211; 2&#8243;.<\/li>\n<li>Cremallera Delrin\u00ae YKK de lat\u00f3n con cierre frontal de velcro<\/li>\n<li>Cuello superpuesto de pie<\/li>\n<li>Mangas plisadas curvadas de 2 piezas<\/li>\n<li>manguitos el\u00e1stica con correas de sujeci\u00f3n resistentes<\/li>\n<li>Pliegues verticales en la espalda<\/li>\n<li>Bolsillo de radio de 2&#8243; x 3,5&#8243; x 8&#8243; en el pecho izquierdo<\/li>\n<li>Correa de micr\u00f3fono sobre el bolsillo de la radio<\/li>\n<li>Bolsillo plisado de 5,5&#8243; x 6&#8243; con solapa en el pecho derecho<\/li>\n<li>Bolsillos base de carga\/calentador de 2&#8243; x 8&#8243; x 8&#8243;<\/li>\n<li>Ribete reflectante LazerMax\u2122 en mangas, hombros y espalda<\/li>\n<\/ul>\n","protected":false},"excerpt":{"rendered":"<p>Chaquet\u00f3n de bomberos forestales con material reflectante 3M Scotchlite 2\u2033 y ribetes reflectantes Lakeland&#8217;s LazerMax . Cuenta con una cremallera de alta temperatura con cierre frontal de velcro y un mont\u00f3n de caracter\u00edsticas est\u00e1ndar.<\/p>\n<p><strong>Opciones de tejido del abrigo:<\/strong><\/p>\n<p><strong>WLSCTN26 &#8211;\u00a0<\/strong>Tejido amarillo de 6 oz. fabricado con Nomex\u00ae.<\/p>\n<p><strong>WLSCTI26 &#8211;\u00a0<\/strong>9 oz. Amarillo FR Indura<\/p>\n<p><a class=\"accion\" href=\"https:\/\/api.whatsapp.com\/send?phone=573147862881\" target=\"_blank\" rel=\"noopener\">Contactar un consultor<\/a><\/p>\n<p><a class=\"accion\" href=\"https:\/\/www.kpnsafety.com\/pe\/contacto\/\" target=\"_blank\" rel=\"noopener\">Solicitar Presupuesto<\/a><\/p>\n","protected":false},"featured_media":3710,"template":"","meta":[],"product_brand":[],"product_cat":[59,31],"product_tag":[193,266,265],"class_list":{"0":"post-3726","1":"product","2":"type-product","3":"status-publish","4":"has-post-thumbnail","6":"product_cat-incendios-forestales","7":"product_cat-proteccion-contra-incendios","8":"product_tag-incendios-forestales","9":"product_tag-kpn","10":"product_tag-lakeland","12":"first","13":"instock","14":"shipping-taxable","15":"product-type-simple"},"_links":{"self":[{"href":"https:\/\/www.kpnsafety.com\/pe\/wp-json\/wp\/v2\/product\/3726","targetHints":{"allow":["GET"]}}],"collection":[{"href":"https:\/\/www.kpnsafety.com\/pe\/wp-json\/wp\/v2\/product"}],"about":[{"href":"https:\/\/www.kpnsafety.com\/pe\/wp-json\/wp\/v2\/types\/product"}],"wp:featuredmedia":[{"embeddable":true,"href":"https:\/\/www.kpnsafety.com\/pe\/wp-json\/wp\/v2\/media\/3710"}],"wp:attachment":[{"href":"https:\/\/www.kpnsafety.com\/pe\/wp-json\/wp\/v2\/media?parent=3726"}],"wp:term":[{"taxonomy":"product_brand","embeddable":true,"href":"https:\/\/www.kpnsafety.com\/pe\/wp-json\/wp\/v2\/product_brand?post=3726"},{"taxonomy":"product_cat","embeddable":true,"href":"https:\/\/www.kpnsafety.com\/pe\/wp-json\/wp\/v2\/product_cat?post=3726"},{"taxonomy":"product_tag","embeddable":true,"href":"https:\/\/www.kpnsafety.com\/pe\/wp-json\/wp\/v2\/product_tag?post=3726"}],"curies":[{"name":"wp","href":"https:\/\/api.w.org\/{rel}","templated":true}]}}