{"id":3776,"date":"2025-07-03T14:38:07","date_gmt":"2025-07-03T19:38:07","guid":{"rendered":"https:\/\/www.kpnsafety.com\/pe\/?post_type=product&#038;p=3776"},"modified":"2026-02-13T09:37:56","modified_gmt":"2026-02-13T14:37:56","slug":"casco-estructural-f15","status":"publish","type":"product","link":"https:\/\/www.kpnsafety.com\/pe\/producto\/casco-estructural-f15\/","title":{"rendered":"Casco Estructural F15"},"content":{"rendered":"<p>EXTERIOR RESISTENTE<br \/>\nLa carcasa reforzada con Kevlar\u00ae y fibra de vidrio ofrece una excelente protecci\u00f3n contra impactos, garantizando durabilidad en condiciones extremas.<\/p>\n<p>COMODIDAD PREMIUM<br \/>\nDise\u00f1ado con acolchado de malla de aire 3D en cuero, el casco optimiza el flujo de aire y brinda soporte acolchado para una comodidad duradera.<\/p>\n<p>DISE\u00d1O EQUILIBRADO<br \/>\nIngenier\u00eda pensada para reducir distracciones del usuario, optimizar el rendimiento y mejorar la seguridad general.<\/p>\n<p>CONEXIONES SIMPLES PARA LINTERNA<br \/>\nPuntos de montaje laterales bajos o en el centro frontal permiten una conexi\u00f3n r\u00e1pida y segura de linternas.<\/p>\n<p>AUDICI\u00d3N OPTIMIZADA<br \/>\nDise\u00f1ado con un espacio preciso entre el o\u00eddo y el casco para asegurar una comunicaci\u00f3n clara y una \u00f3ptima claridad del sonido.<\/p>\n","protected":false},"excerpt":{"rendered":"<p>El casco estructural F15 ofrece durabilidad y comodidad gracias a su casco reforzado con DuPont\u2122 Kevlar\u00ae, flujo de aire optimizado y un dise\u00f1o equilibrado. Con un sistema de montaje f\u00e1cil para linterna y una cobertura integral, est\u00e1 dise\u00f1ado para mantener a los bomberos protegidos, concentrados y listos para cualquier desaf\u00edo.<\/p>\n<p><a class=\"accion\" href=\"https:\/\/api.whatsapp.com\/send?phone=573147862881\" target=\"_blank\" rel=\"noopener\">Contactar un consultor<\/a><\/p>\n<p><a class=\"accion\" href=\"https:\/\/www.kpnsafety.com\/pe\/contacto\/\" target=\"_blank\" rel=\"noopener\">Solicitar Presupuesto<\/a><\/p>\n","protected":false},"featured_media":3705,"template":"","meta":[],"product_brand":[],"product_cat":[64,31],"product_tag":[272,264],"class_list":{"0":"post-3776","1":"product","2":"type-product","3":"status-publish","4":"has-post-thumbnail","6":"product_cat-incendios-estructurales","7":"product_cat-proteccion-contra-incendios","8":"product_tag-casco-estructural","9":"product_tag-combate-de-incendios","11":"first","12":"instock","13":"shipping-taxable","14":"product-type-simple"},"_links":{"self":[{"href":"https:\/\/www.kpnsafety.com\/pe\/wp-json\/wp\/v2\/product\/3776","targetHints":{"allow":["GET"]}}],"collection":[{"href":"https:\/\/www.kpnsafety.com\/pe\/wp-json\/wp\/v2\/product"}],"about":[{"href":"https:\/\/www.kpnsafety.com\/pe\/wp-json\/wp\/v2\/types\/product"}],"wp:featuredmedia":[{"embeddable":true,"href":"https:\/\/www.kpnsafety.com\/pe\/wp-json\/wp\/v2\/media\/3705"}],"wp:attachment":[{"href":"https:\/\/www.kpnsafety.com\/pe\/wp-json\/wp\/v2\/media?parent=3776"}],"wp:term":[{"taxonomy":"product_brand","embeddable":true,"href":"https:\/\/www.kpnsafety.com\/pe\/wp-json\/wp\/v2\/product_brand?post=3776"},{"taxonomy":"product_cat","embeddable":true,"href":"https:\/\/www.kpnsafety.com\/pe\/wp-json\/wp\/v2\/product_cat?post=3776"},{"taxonomy":"product_tag","embeddable":true,"href":"https:\/\/www.kpnsafety.com\/pe\/wp-json\/wp\/v2\/product_tag?post=3776"}],"curies":[{"name":"wp","href":"https:\/\/api.w.org\/{rel}","templated":true}]}}