{"id":3780,"date":"2025-07-03T17:21:14","date_gmt":"2025-07-03T22:21:14","guid":{"rendered":"https:\/\/www.kpnsafety.com\/pe\/?post_type=product&#038;p=3780"},"modified":"2025-07-03T17:21:29","modified_gmt":"2025-07-03T22:21:29","slug":"mascara-de-proteccion-para-bomberos-forestales","status":"publish","type":"product","link":"https:\/\/www.kpnsafety.com\/pe\/producto\/mascara-de-proteccion-para-bomberos-forestales\/","title":{"rendered":"M\u00e1scara de protecci\u00f3n para bomberos forestales"},"content":{"rendered":"<ul data-start=\"422\" data-end=\"806\">\n<li data-start=\"422\" data-end=\"496\">\n<p data-start=\"424\" data-end=\"496\">M\u00e1scara de respiraci\u00f3n para incendios forestales hecha de <strong data-start=\"482\" data-end=\"494\">Carbon X<\/strong><\/p>\n<\/li>\n<li data-start=\"497\" data-end=\"578\">\n<p data-start=\"499\" data-end=\"578\">Talla \u00fanica, con el\u00e1sticos en los laterales y parte frontal para mejor ajuste<\/p>\n<\/li>\n<li data-start=\"579\" data-end=\"615\">\n<p data-start=\"581\" data-end=\"615\">Cierre posterior con <strong data-start=\"602\" data-end=\"613\">VELCRO\u00ae<\/strong><\/p>\n<\/li>\n<li data-start=\"616\" data-end=\"676\">\n<p data-start=\"618\" data-end=\"676\">Cinta frontal peque\u00f1a de <strong data-start=\"643\" data-end=\"654\">VELCRO\u00ae<\/strong> para uso m\u00e1s c\u00f3modo<\/p>\n<\/li>\n<li data-start=\"677\" data-end=\"751\">\n<p data-start=\"679\" data-end=\"751\">Correas el\u00e1sticas superiores removibles, con broches pl\u00e1sticos ocultos<\/p>\n<\/li>\n<li data-start=\"752\" data-end=\"806\">\n<p data-start=\"754\" data-end=\"806\">Tira met\u00e1lica oculta en la nariz para mejor ajuste<\/p>\n<\/li>\n<\/ul>\n<h3 data-start=\"808\" data-end=\"833\">Filtros para WildCat:<\/h3>\n<p data-start=\"834\" data-end=\"1235\">Se puede usar un respirador desechable junto con la m\u00e1scara WildCat, ya sea debajo de la capucha (mejor ajuste facial) o insert\u00e1ndolo en el bolsillo integrado para filtro. Este filtro ayuda en la absorci\u00f3n\/filtraci\u00f3n de vapores y part\u00edculas. Se recomienda el uso del <strong data-start=\"1101\" data-end=\"1136\">respirador desechable 3M\u2122 Aura\u2122<\/strong> en versiones <strong data-start=\"1150\" data-end=\"1156\">P2<\/strong> y <strong data-start=\"1159\" data-end=\"1165\">P3<\/strong>, que es plegable, f\u00e1cil de transportar y viene en empaque individual.<\/p>\n","protected":false},"excerpt":{"rendered":"<p>M\u00e1scara de protecci\u00f3n para bomberos forestales ofrece la m\u00e1xima protecci\u00f3n facial para bomberos en incendios forestales. Todos los componentes est\u00e1n fabricados con materiales ign\u00edfugos, brindando una protecci\u00f3n extrema contra quemaduras en el rostro y cuello.<\/p>\n<p>Se utiliza Carbon X, un material que no se rompe ni se abre, ofreciendo la mayor protecci\u00f3n t\u00e9rmica posible.<\/p>\n<p><a class=\"accion\" href=\"https:\/\/api.whatsapp.com\/send?phone=573147862881\" target=\"_blank\" rel=\"noopener\">Contactar un consultor<\/a><\/p>\n<p><a class=\"accion\" href=\"https:\/\/www.kpnsafety.com\/pe\/contacto\/\" target=\"_blank\" rel=\"noopener\">Solicitar Presupuesto<\/a><\/p>\n","protected":false},"featured_media":3714,"template":"","meta":[],"product_brand":[],"product_cat":[31,59,71],"product_tag":[],"class_list":{"0":"post-3780","1":"product","2":"type-product","3":"status-publish","4":"has-post-thumbnail","6":"product_cat-proteccion-contra-incendios","7":"product_cat-incendios-forestales","8":"product_cat-epi-incendios-forestales-proteccion-contra-incendios","10":"first","11":"instock","12":"shipping-taxable","13":"product-type-simple"},"_links":{"self":[{"href":"https:\/\/www.kpnsafety.com\/pe\/wp-json\/wp\/v2\/product\/3780","targetHints":{"allow":["GET"]}}],"collection":[{"href":"https:\/\/www.kpnsafety.com\/pe\/wp-json\/wp\/v2\/product"}],"about":[{"href":"https:\/\/www.kpnsafety.com\/pe\/wp-json\/wp\/v2\/types\/product"}],"wp:featuredmedia":[{"embeddable":true,"href":"https:\/\/www.kpnsafety.com\/pe\/wp-json\/wp\/v2\/media\/3714"}],"wp:attachment":[{"href":"https:\/\/www.kpnsafety.com\/pe\/wp-json\/wp\/v2\/media?parent=3780"}],"wp:term":[{"taxonomy":"product_brand","embeddable":true,"href":"https:\/\/www.kpnsafety.com\/pe\/wp-json\/wp\/v2\/product_brand?post=3780"},{"taxonomy":"product_cat","embeddable":true,"href":"https:\/\/www.kpnsafety.com\/pe\/wp-json\/wp\/v2\/product_cat?post=3780"},{"taxonomy":"product_tag","embeddable":true,"href":"https:\/\/www.kpnsafety.com\/pe\/wp-json\/wp\/v2\/product_tag?post=3780"}],"curies":[{"name":"wp","href":"https:\/\/api.w.org\/{rel}","templated":true}]}}