{"id":868,"date":"2022-07-05T14:50:48","date_gmt":"2022-07-05T19:50:48","guid":{"rendered":"https:\/\/kpnsafety.com\/pe\/?post_type=product&#038;p=868"},"modified":"2026-03-31T15:47:29","modified_gmt":"2026-03-31T20:47:29","slug":"kits-de-extincion-con-bomba-de-membranas","status":"publish","type":"product","link":"https:\/\/www.kpnsafety.com\/pe\/producto\/kits-de-extincion-con-bomba-de-membranas\/","title":{"rendered":"Kits de extinci\u00f3n con bomba de membranas"},"content":{"rendered":"<p>[vc_row][vc_column][vc_column_text]<strong>Caracter\u00edsticas:<\/strong><\/p>\n<ul>\n<li>Componentes de alta calidad<\/li>\n<li>Con la mejor relaci\u00f3n calidad\/precio<\/li>\n<li>Gran disponibilidad de recambios<\/li>\n<li>Tanques resistentes fabricados en INOX<\/li>\n<li>2 a\u00f1os de garant\u00eda.<\/li>\n<\/ul>\n<p>&nbsp;<\/p>\n<ul>\n<li>Dep\u00f3sito de agua<\/li>\n<li>Configuraci\u00f3n personalizada<\/li>\n<li>Capacidades: 120 &#8211; 1.000 litros.<\/li>\n<li>Varios materiales para elegir:<\/li>\n<li>Acero inoxidable<\/li>\n<li>Polietileno.<\/li>\n<li>Pantalla flexible.<\/li>\n<\/ul>\n<p>[\/vc_column_text][\/vc_column][\/vc_row][vc_row disable_element=\u00bbyes\u00bb][vc_column width=\u00bb1\/2&#8243;][vc_single_image image=\u00bb702&#8243; img_size=\u00bbfull\u00bb alignment=\u00bbcenter\u00bb][\/vc_column][vc_column width=\u00bb1\/2&#8243;][\/vc_column][\/vc_row]<\/p>\n","protected":false},"excerpt":{"rendered":"<p>Media &#8211; Alta presi\u00f3n | Hasta 50 Bar<\/p>\n<p>Kits de extinci\u00f3n de intervenci\u00f3n r\u00e1pida dise\u00f1ados para veh\u00edculos pickup y remolques, equipados con bomba de membranas de hasta 50 Bar con un caudal m\u00e1ximo de hasta 105 l\/min.<\/p>\n<p><a class=\"accion\" href=\"https:\/\/api.whatsapp.com\/send?phone=573147862881\" target=\"_blank\" rel=\"noopener\">Contactar un consultor<\/a><\/p>\n<p><a class=\"accion\" href=\"https:\/\/www.kpnsafety.com\/pe\/contacto\/\" target=\"_blank\" rel=\"noopener\">Solicitar Presupuesto<\/a><\/p>\n","protected":false},"featured_media":4193,"template":"","meta":[],"product_brand":[],"product_cat":[31,59,73],"product_tag":[],"class_list":{"0":"post-868","1":"product","2":"type-product","3":"status-publish","4":"has-post-thumbnail","6":"product_cat-proteccion-contra-incendios","7":"product_cat-incendios-forestales","8":"product_cat-kits-de-extincion-de-alta-presion-proteccion-contra-incendios","10":"first","11":"instock","12":"shipping-taxable","13":"product-type-simple"},"_links":{"self":[{"href":"https:\/\/www.kpnsafety.com\/pe\/wp-json\/wp\/v2\/product\/868","targetHints":{"allow":["GET"]}}],"collection":[{"href":"https:\/\/www.kpnsafety.com\/pe\/wp-json\/wp\/v2\/product"}],"about":[{"href":"https:\/\/www.kpnsafety.com\/pe\/wp-json\/wp\/v2\/types\/product"}],"wp:featuredmedia":[{"embeddable":true,"href":"https:\/\/www.kpnsafety.com\/pe\/wp-json\/wp\/v2\/media\/4193"}],"wp:attachment":[{"href":"https:\/\/www.kpnsafety.com\/pe\/wp-json\/wp\/v2\/media?parent=868"}],"wp:term":[{"taxonomy":"product_brand","embeddable":true,"href":"https:\/\/www.kpnsafety.com\/pe\/wp-json\/wp\/v2\/product_brand?post=868"},{"taxonomy":"product_cat","embeddable":true,"href":"https:\/\/www.kpnsafety.com\/pe\/wp-json\/wp\/v2\/product_cat?post=868"},{"taxonomy":"product_tag","embeddable":true,"href":"https:\/\/www.kpnsafety.com\/pe\/wp-json\/wp\/v2\/product_tag?post=868"}],"curies":[{"name":"wp","href":"https:\/\/api.w.org\/{rel}","templated":true}]}}