{"id":889,"date":"2022-07-05T15:41:23","date_gmt":"2022-07-05T20:41:23","guid":{"rendered":"https:\/\/kpnsafety.com\/pe\/?post_type=product&#038;p=889"},"modified":"2026-01-28T16:05:24","modified_gmt":"2026-01-28T21:05:24","slug":"botas-dragon","status":"publish","type":"product","link":"https:\/\/www.kpnsafety.com\/pe\/producto\/botas-dragon\/","title":{"rendered":"BOTAS DRAGON"},"content":{"rendered":"<ul>\n<li>Certificaci\u00f3n: F2A+SRC+HI3+CI+AN \u2013 EN 15090: 2012<\/li>\n<li><strong>Corte<\/strong>\u00a0confeccionado en piel flor negra,\u00a0<strong>resistente al agua<\/strong>\u00a0a la vez que\u00a0<strong>transpirable<\/strong>, permitiendo la salida del sudor al exterior. Alta resistencia a la abrasi\u00f3n.<\/li>\n<li><strong>Membrana interior con Gore-Tex \u00ae de 4 capas<\/strong>, impermeable y transpirable con alta resistencia a la abrasi\u00f3n.<\/li>\n<li><strong>Plantilla<\/strong>\u00a0de 2 capas (PES y open-cell foam).\u00a0<strong>Preformada anat\u00f3micamente y con tratamiento antibacterias<\/strong>\u00a0gracias al carb\u00f3n activo, con gran absorci\u00f3n de energ\u00eda y recuperaci\u00f3n.<\/li>\n<li>Palmilla:\u00a0<strong>Plantilla anti perforaci\u00f3n<\/strong>\u00a0de Polyester de alta tenacidad.<\/li>\n<li><strong>Suela antiest\u00e1tica, resistente al fuego<\/strong>\u00a0hecha de\u00a0poliuretano y caucho nitrilo, con resaltes antideslizamiento y\u00a0<strong>resistente a hidrocarburos<\/strong>.<\/li>\n<li><strong>Puntera Composite Vincap\u00ae<\/strong>\u00a0con protecci\u00f3n exterior de caucho. Es ligera, no se deforma y no transmite la temperatura al interior, evitando quemaduras.<\/li>\n<li><strong>Hilos<\/strong>\u00a0con doble cosido de aramida,\u00a0<strong>hidrofugado<\/strong>.<\/li>\n<li><strong>Zonas reflectantes 3M\u00ae resistentes al fuego<\/strong>\u00a0en los laterales.<\/li>\n<\/ul>\n","protected":false},"excerpt":{"rendered":"<p>Las Botas Dragon est\u00e1n fabricadas en cuero Tan Calf hidr\u00f3fugado color negro, fuelle y collar vacuno negro hidr\u00f3fugado. Forrado con membrana impermeable-transpirable 4 capas Gore-Tex \u00ae. Ca\u00f1as, fuelle y collar acolchados. Sistema de cierre mediante cordones, con siete pares de ojetes en empeine, tres pares de anillas y cremalleras en las ca\u00f1as interiores con empu\u00f1adura de f\u00e1cil agarre. Calzado antiest\u00e1tico, con protecciones en puntera, plantas y material reflectante en trasera. Suela Caucho Nitrilo, ignifugo y antiest\u00e1tica, color negra<\/p>\n<p><a class=\"accion\" href=\"https:\/\/api.whatsapp.com\/send?phone=573147862881\" target=\"_blank\" rel=\"noopener\">Contactar un consultor<\/a><\/p>\n<p><a class=\"accion\" href=\"https:\/\/www.kpnsafety.com\/pe\/contacto\/\" target=\"_blank\" rel=\"noopener\">Solicitar Presupuesto<\/a><\/p>\n","protected":false},"featured_media":790,"template":"","meta":[],"product_brand":[],"product_cat":[162,31,64],"product_tag":[],"class_list":{"0":"post-889","1":"product","2":"type-product","3":"status-publish","4":"has-post-thumbnail","6":"product_cat-stock-entrega-inmediata","7":"product_cat-proteccion-contra-incendios","8":"product_cat-incendios-estructurales","10":"first","11":"instock","12":"featured","13":"shipping-taxable","14":"product-type-simple"},"_links":{"self":[{"href":"https:\/\/www.kpnsafety.com\/pe\/wp-json\/wp\/v2\/product\/889","targetHints":{"allow":["GET"]}}],"collection":[{"href":"https:\/\/www.kpnsafety.com\/pe\/wp-json\/wp\/v2\/product"}],"about":[{"href":"https:\/\/www.kpnsafety.com\/pe\/wp-json\/wp\/v2\/types\/product"}],"wp:featuredmedia":[{"embeddable":true,"href":"https:\/\/www.kpnsafety.com\/pe\/wp-json\/wp\/v2\/media\/790"}],"wp:attachment":[{"href":"https:\/\/www.kpnsafety.com\/pe\/wp-json\/wp\/v2\/media?parent=889"}],"wp:term":[{"taxonomy":"product_brand","embeddable":true,"href":"https:\/\/www.kpnsafety.com\/pe\/wp-json\/wp\/v2\/product_brand?post=889"},{"taxonomy":"product_cat","embeddable":true,"href":"https:\/\/www.kpnsafety.com\/pe\/wp-json\/wp\/v2\/product_cat?post=889"},{"taxonomy":"product_tag","embeddable":true,"href":"https:\/\/www.kpnsafety.com\/pe\/wp-json\/wp\/v2\/product_tag?post=889"}],"curies":[{"name":"wp","href":"https:\/\/api.w.org\/{rel}","templated":true}]}}