{"id":911,"date":"2022-07-05T16:29:51","date_gmt":"2022-07-05T21:29:51","guid":{"rendered":"https:\/\/kpnsafety.com\/pe\/?post_type=product&#038;p=911"},"modified":"2025-01-13T17:57:18","modified_gmt":"2025-01-13T22:57:18","slug":"vehiculo-aeroportuario-toro-4x4","status":"publish","type":"product","link":"https:\/\/www.kpnsafety.com\/pe\/producto\/vehiculo-aeroportuario-toro-4x4\/","title":{"rendered":"VEH\u00cdCULO AEROPORTUARIO TORO 4X4"},"content":{"rendered":"<p>[vc_row][vc_column][vc_column_text][\/vc_column_text][\/vc_column][\/vc_row][vc_row disable_element=\u00bbyes\u00bb][vc_column width=\u00bb1\/6&#8243;][vc_single_image image=\u00bb798&#8243; img_size=\u00bbfull\u00bb alignment=\u00bbcenter\u00bb][\/vc_column][vc_column width=\u00bb2\/3&#8243;][\/vc_column][vc_column width=\u00bb1\/6&#8243;][\/vc_column][\/vc_row]<\/p>\n","protected":false},"excerpt":{"rendered":"<p><strong>EL VEH\u00cdCULO M\u00c1S COMPACTO DE SU CATEGOR\u00cdA<\/strong><\/p>\n<p>Con unas dimensiones de 8,9 metros de largo, 2,55 metros de ancho y 3,6 metros de alto, es el veh\u00edculo de emergencias m\u00e1s compacto de su categor\u00eda.<\/p>\n<p>Sus prestaciones todo terreno son las mejores del mercado gracias a sus sistemas exclusivos de suspensi\u00f3n hidr\u00e1ulica y desinflado autom\u00e1tico de neum\u00e1ticos.<\/p>\n<ul>\n<li>Capacidad para 6.100 litros de agua, 800 litros de espum\u00f3geno y 250 kg de polvo qu\u00edmico.<\/li>\n<li>Aceleraci\u00f3n de 0 a 80 km\/h en 24 segundos y velocidad m\u00e1xima de 125 km\/h que exceden las exigencias de OACI y NFPA.<\/li>\n<li>El dise\u00f1o de la cabina permite una m\u00e1xima visibilidad, ergonom\u00eda y seguridad de su tripulaci\u00f3n, de hasta cinco ocupantes<\/li>\n<\/ul>\n<p><a class=\"accion\" href=\"https:\/\/api.whatsapp.com\/send?phone=573147862881\" target=\"_blank\" rel=\"noopener\">Contactar un consultor<\/a><\/p>\n<p><a class=\"accion\" href=\"https:\/\/www.kpnsafety.com\/pe\/contacto\/\" target=\"_blank\" rel=\"noopener\">Solicitar Presupuesto<\/a><\/p>\n","protected":false},"featured_media":966,"template":"","meta":[],"product_brand":[],"product_cat":[31,70],"product_tag":[],"class_list":{"0":"post-911","1":"product","2":"type-product","3":"status-publish","4":"has-post-thumbnail","6":"product_cat-proteccion-contra-incendios","7":"product_cat-vehiculos-contra-incendios","9":"first","10":"instock","11":"shipping-taxable","12":"product-type-simple"},"_links":{"self":[{"href":"https:\/\/www.kpnsafety.com\/pe\/wp-json\/wp\/v2\/product\/911","targetHints":{"allow":["GET"]}}],"collection":[{"href":"https:\/\/www.kpnsafety.com\/pe\/wp-json\/wp\/v2\/product"}],"about":[{"href":"https:\/\/www.kpnsafety.com\/pe\/wp-json\/wp\/v2\/types\/product"}],"wp:featuredmedia":[{"embeddable":true,"href":"https:\/\/www.kpnsafety.com\/pe\/wp-json\/wp\/v2\/media\/966"}],"wp:attachment":[{"href":"https:\/\/www.kpnsafety.com\/pe\/wp-json\/wp\/v2\/media?parent=911"}],"wp:term":[{"taxonomy":"product_brand","embeddable":true,"href":"https:\/\/www.kpnsafety.com\/pe\/wp-json\/wp\/v2\/product_brand?post=911"},{"taxonomy":"product_cat","embeddable":true,"href":"https:\/\/www.kpnsafety.com\/pe\/wp-json\/wp\/v2\/product_cat?post=911"},{"taxonomy":"product_tag","embeddable":true,"href":"https:\/\/www.kpnsafety.com\/pe\/wp-json\/wp\/v2\/product_tag?post=911"}],"curies":[{"name":"wp","href":"https:\/\/api.w.org\/{rel}","templated":true}]}}