{"id":913,"date":"2022-07-05T16:32:54","date_gmt":"2022-07-05T21:32:54","guid":{"rendered":"https:\/\/kpnsafety.com\/pe\/?post_type=product&#038;p=913"},"modified":"2025-01-13T17:57:04","modified_gmt":"2025-01-13T22:57:04","slug":"bup-compact-la-solucion-contra-incendios-urbanos","status":"publish","type":"product","link":"https:\/\/www.kpnsafety.com\/pe\/producto\/bup-compact-la-solucion-contra-incendios-urbanos\/","title":{"rendered":"BUP COMPACT: LA SOLUCI\u00d3N CONTRA INCENDIOS URBANOS"},"content":{"rendered":"<p>[vc_row][vc_column][vc_column_text]<strong>GAMA LIGERA &#8211; BUL AUTO BOMBA<\/strong><\/p>\n<p>Veh\u00edculos 4\u00d72 &lt;7.000 kg con cabina simple o doble de m\u00e1xima ergonom\u00eda, capacidad de hasta 1.400 litros y bombas de hasta 1.000 l\/min a 10 bares.<\/p>\n<p>\u2022 Compromiso perfecto entre movilidad urbana y potencia extintora, excelente comportamiento en calles estrechas y gran capacidad para dotaci\u00f3n de rescate<\/p>\n<p><strong>GAMA MEDIA<\/strong><\/p>\n<p>Veh\u00edculos 4\u00d72 &lt;12.000 kg con cabina doble de m\u00e1xima ergonom\u00eda, capacidad de hasta 2.000 l y bombas de hasta 1.500 l\/min a 10 y 15 bares.<\/p>\n<p>\u2022 Prestaciones similares a la gama pesada, facilitando su maniobrabilidad en entornos con tr\u00e1fico.<br \/>\n\u2022 Hasta cuatro armarios con gran capacidad para dotaci\u00f3n de rescate<\/p>\n<p><strong>GAMA IGERA &#8211; BUL AUTO BOMBA<\/strong><\/p>\n<p>Veh\u00edculos 4\u00d72 &lt;7.000 kg con cabina simple o doble de m\u00e1xima ergonom\u00eda, capacidad de hasta 1.400 litros y bombas de hasta 1.000 l\/min a 10 bares.<\/p>\n<p>\u2022 Compromiso perfecto entre movilidad urbana y potencia extintora, excelente comportamiento en calles estrechas y gran capacidad para dotaci\u00f3n de rescate.[\/vc_column_text][\/vc_column][\/vc_row][vc_row disable_element=\u00bbyes\u00bb][vc_column width=\u00bb1\/6&#8243;][vc_single_image image=\u00bb798&#8243; img_size=\u00bbfull\u00bb alignment=\u00bbcenter\u00bb][\/vc_column][vc_column width=\u00bb2\/3&#8243;][\/vc_column][vc_column width=\u00bb1\/6&#8243;][\/vc_column][\/vc_row]<\/p>\n","protected":false},"excerpt":{"rendered":"<p>Conscientes de las necesidades en emergencias urbanas,se ha desarrollado BUP Compact, fusionando la capacidad de una Bomba Urbana Pesada con las prestaciones de un veh\u00edculo ligero<\/p>\n<p><a class=\"accion\" href=\"https:\/\/api.whatsapp.com\/send?phone=573147862881\" target=\"_blank\" rel=\"noopener\">Contactar un consultor<\/a><\/p>\n<p><a class=\"accion\" href=\"https:\/\/www.kpnsafety.com\/pe\/contacto\/\" target=\"_blank\" rel=\"noopener\">Solicitar Presupuesto<\/a><\/p>\n","protected":false},"featured_media":967,"template":"","meta":[],"product_brand":[],"product_cat":[31,70],"product_tag":[],"class_list":{"0":"post-913","1":"product","2":"type-product","3":"status-publish","4":"has-post-thumbnail","6":"product_cat-proteccion-contra-incendios","7":"product_cat-vehiculos-contra-incendios","9":"first","10":"instock","11":"shipping-taxable","12":"product-type-simple"},"_links":{"self":[{"href":"https:\/\/www.kpnsafety.com\/pe\/wp-json\/wp\/v2\/product\/913","targetHints":{"allow":["GET"]}}],"collection":[{"href":"https:\/\/www.kpnsafety.com\/pe\/wp-json\/wp\/v2\/product"}],"about":[{"href":"https:\/\/www.kpnsafety.com\/pe\/wp-json\/wp\/v2\/types\/product"}],"wp:featuredmedia":[{"embeddable":true,"href":"https:\/\/www.kpnsafety.com\/pe\/wp-json\/wp\/v2\/media\/967"}],"wp:attachment":[{"href":"https:\/\/www.kpnsafety.com\/pe\/wp-json\/wp\/v2\/media?parent=913"}],"wp:term":[{"taxonomy":"product_brand","embeddable":true,"href":"https:\/\/www.kpnsafety.com\/pe\/wp-json\/wp\/v2\/product_brand?post=913"},{"taxonomy":"product_cat","embeddable":true,"href":"https:\/\/www.kpnsafety.com\/pe\/wp-json\/wp\/v2\/product_cat?post=913"},{"taxonomy":"product_tag","embeddable":true,"href":"https:\/\/www.kpnsafety.com\/pe\/wp-json\/wp\/v2\/product_tag?post=913"}],"curies":[{"name":"wp","href":"https:\/\/api.w.org\/{rel}","templated":true}]}}