{"id":919,"date":"2022-07-05T16:39:10","date_gmt":"2022-07-05T21:39:10","guid":{"rendered":"https:\/\/kpnsafety.com\/pe\/?post_type=product&#038;p=919"},"modified":"2025-01-13T17:56:36","modified_gmt":"2025-01-13T22:56:36","slug":"vehiculos-con-brazo-de-altura","status":"publish","type":"product","link":"https:\/\/www.kpnsafety.com\/pe\/producto\/vehiculos-con-brazo-de-altura\/","title":{"rendered":"VEH\u00cdCULOS CON BRAZO DE ALTURA"},"content":{"rendered":"<p>[vc_row][vc_column][vc_column_text]<\/p>\n<ul>\n<li>VEH\u00cdCULO COMBI<\/li>\n<li>VEH\u00cdCULO FLORIDABLANCA 34 M<\/li>\n<li>VEH\u00cdCULO STRONG ARM<\/li>\n<\/ul>\n<p>[\/vc_column_text][\/vc_column][\/vc_row][vc_row disable_element=\u00bbyes\u00bb][vc_column width=\u00bb1\/6&#8243;][vc_single_image image=\u00bb798&#8243; img_size=\u00bbfull\u00bb alignment=\u00bbcenter\u00bb][\/vc_column][vc_column width=\u00bb2\/3&#8243;][\/vc_column][vc_column width=\u00bb1\/6&#8243;][\/vc_column][\/vc_row]<\/p>\n","protected":false},"excerpt":{"rendered":"<p>Veh\u00edculos especializados que consta de una gr\u00faa, designado para rescates y manejo de emergencias con materiales peligrosos. Su r\u00e1pida intervenci\u00f3n permite atender situaciones de emergencias como:<\/p>\n<p>Estructuras colapsadas, levantamiento de muros, accidentes de tr\u00e1nsito, ca\u00edda de \u00e1rboles, rescates vehiculares y cualquier tipo de incidente por manipulaci\u00f3n de materiales peligrosos (materias inflamables, explosivas, t\u00f3xicas, corrosivas), fugas de gas, amoniaco, cloro etc<\/p>\n<p><a class=\"accion\" href=\"https:\/\/api.whatsapp.com\/send?phone=573147862881\" target=\"_blank\" rel=\"noopener\">Contactar un consultor<\/a><\/p>\n<p><a class=\"accion\" href=\"https:\/\/www.kpnsafety.com\/pe\/contacto\/\" target=\"_blank\" rel=\"noopener\">Solicitar Presupuesto<\/a><\/p>\n","protected":false},"featured_media":960,"template":"","meta":[],"product_brand":[],"product_cat":[31,70],"product_tag":[],"class_list":{"0":"post-919","1":"product","2":"type-product","3":"status-publish","4":"has-post-thumbnail","6":"product_cat-proteccion-contra-incendios","7":"product_cat-vehiculos-contra-incendios","9":"first","10":"instock","11":"shipping-taxable","12":"product-type-simple"},"_links":{"self":[{"href":"https:\/\/www.kpnsafety.com\/pe\/wp-json\/wp\/v2\/product\/919","targetHints":{"allow":["GET"]}}],"collection":[{"href":"https:\/\/www.kpnsafety.com\/pe\/wp-json\/wp\/v2\/product"}],"about":[{"href":"https:\/\/www.kpnsafety.com\/pe\/wp-json\/wp\/v2\/types\/product"}],"wp:featuredmedia":[{"embeddable":true,"href":"https:\/\/www.kpnsafety.com\/pe\/wp-json\/wp\/v2\/media\/960"}],"wp:attachment":[{"href":"https:\/\/www.kpnsafety.com\/pe\/wp-json\/wp\/v2\/media?parent=919"}],"wp:term":[{"taxonomy":"product_brand","embeddable":true,"href":"https:\/\/www.kpnsafety.com\/pe\/wp-json\/wp\/v2\/product_brand?post=919"},{"taxonomy":"product_cat","embeddable":true,"href":"https:\/\/www.kpnsafety.com\/pe\/wp-json\/wp\/v2\/product_cat?post=919"},{"taxonomy":"product_tag","embeddable":true,"href":"https:\/\/www.kpnsafety.com\/pe\/wp-json\/wp\/v2\/product_tag?post=919"}],"curies":[{"name":"wp","href":"https:\/\/api.w.org\/{rel}","templated":true}]}}