{"id":920,"date":"2022-07-05T16:40:02","date_gmt":"2022-07-05T21:40:02","guid":{"rendered":"https:\/\/kpnsafety.com\/pe\/?post_type=product&#038;p=920"},"modified":"2025-01-13T17:56:25","modified_gmt":"2025-01-13T22:56:25","slug":"vehiculos-especiales-wilnsdorf","status":"publish","type":"product","link":"https:\/\/www.kpnsafety.com\/pe\/producto\/vehiculos-especiales-wilnsdorf\/","title":{"rendered":"VEH\u00cdCULOS  ESPECIALES Wilnsdorf"},"content":{"rendered":"<p>[vc_row][vc_column][vc_column_text]<strong>VEH\u00cdCULO DE RESCATE<\/strong><\/p>\n<p>Carrocer\u00eda de aluminio o Carrocer\u00eda EcoPolyFire con cisterna de agua integrada y equipo de alta presi\u00f3n.<\/p>\n<ul>\n<li>Material copol\u00edmero<\/li>\n<li>Cisterna de agua integrada<\/li>\n<li>Mejor utilizaci\u00f3n del espacio<\/li>\n<li>M\u00e1s ligero que aluminio<\/li>\n<li>Equipamiento f\u00e1cilmente accessible<\/li>\n<li>Estribos sobre toda la longitud del vehiculo<\/li>\n<li>Soluciones para equipos pesados (extra\u00edbles,paneles pivotantes)<\/li>\n<\/ul>\n<p><strong>VEH\u00cdCULO COMPACTO<\/strong><\/p>\n<p>Puesto de Mando Avanzado Compacto HAZMAT (Advanced)<\/p>\n<ul>\n<li>Soluci\u00f3n de bajo coste para primera intervenci\u00f3n<\/li>\n<li>Dimensiones exterior compactas para centro de ciudad y atascos de tr\u00e1fico<\/li>\n<li>6,3 m de largo y 2,2 m de ancho<\/li>\n<li>Plataforma elevadora trasera para 2 carros<\/li>\n<li>Chasis 5,5 t MAN TGE, VW Crafter o Iveco Daily<\/li>\n<\/ul>\n<p><strong>VEH\u00cdCULO MEDIANO Y GRANDES<\/strong><\/p>\n<p>Puestos de Mando Avanzados Medianos y grandes<\/p>\n<p>Dise\u00f1ado y fabricado por expertos PMA en Iturri Alemania<\/p>\n<p>Subcontrataci\u00f3n de la carrocer\u00eda \u201cs\u00e1ndwich\u201d a un socio local en Espa\u00f1a para competitividad de coste:<\/p>\n<ul>\n<li>Sala de reuniones<\/li>\n<li>Sala de comunicaciones<\/li>\n<li>Posibilidad de paredes extensibles<\/li>\n<li>Instalaci\u00f3n ICT y acabado por Iturri en Alemania<\/li>\n<\/ul>\n<p>[\/vc_column_text][\/vc_column][\/vc_row][vc_row disable_element=\u00bbyes\u00bb][vc_column width=\u00bb1\/6&#8243;][vc_single_image image=\u00bb798&#8243; img_size=\u00bbfull\u00bb alignment=\u00bbcenter\u00bb][\/vc_column][vc_column width=\u00bb2\/3&#8243;][\/vc_column][vc_column width=\u00bb1\/6&#8243;][\/vc_column][\/vc_row]<\/p>\n","protected":false},"excerpt":{"rendered":"<p>Ingenier\u00eda alemana aplicada a veh\u00edculos de emergencias con alto componente tecnol\u00f3gico para riesgos medioambientales tipo HazMat, Descontaminaci\u00f3n, Rescate y Comunicaciones.<\/p>\n<p><a class=\"accion\" href=\"https:\/\/api.whatsapp.com\/send?phone=573147862881\" target=\"_blank\" rel=\"noopener\">Contactar un consultor<\/a><\/p>\n<p><a class=\"accion\" href=\"https:\/\/www.kpnsafety.com\/pe\/contacto\/\" target=\"_blank\" rel=\"noopener\">Solicitar Presupuesto<\/a><\/p>\n<p>&nbsp;<\/p>\n","protected":false},"featured_media":956,"template":"","meta":[],"product_brand":[],"product_cat":[31,70],"product_tag":[],"class_list":{"0":"post-920","1":"product","2":"type-product","3":"status-publish","4":"has-post-thumbnail","6":"product_cat-proteccion-contra-incendios","7":"product_cat-vehiculos-contra-incendios","9":"first","10":"instock","11":"shipping-taxable","12":"product-type-simple"},"_links":{"self":[{"href":"https:\/\/www.kpnsafety.com\/pe\/wp-json\/wp\/v2\/product\/920","targetHints":{"allow":["GET"]}}],"collection":[{"href":"https:\/\/www.kpnsafety.com\/pe\/wp-json\/wp\/v2\/product"}],"about":[{"href":"https:\/\/www.kpnsafety.com\/pe\/wp-json\/wp\/v2\/types\/product"}],"wp:featuredmedia":[{"embeddable":true,"href":"https:\/\/www.kpnsafety.com\/pe\/wp-json\/wp\/v2\/media\/956"}],"wp:attachment":[{"href":"https:\/\/www.kpnsafety.com\/pe\/wp-json\/wp\/v2\/media?parent=920"}],"wp:term":[{"taxonomy":"product_brand","embeddable":true,"href":"https:\/\/www.kpnsafety.com\/pe\/wp-json\/wp\/v2\/product_brand?post=920"},{"taxonomy":"product_cat","embeddable":true,"href":"https:\/\/www.kpnsafety.com\/pe\/wp-json\/wp\/v2\/product_cat?post=920"},{"taxonomy":"product_tag","embeddable":true,"href":"https:\/\/www.kpnsafety.com\/pe\/wp-json\/wp\/v2\/product_tag?post=920"}],"curies":[{"name":"wp","href":"https:\/\/api.w.org\/{rel}","templated":true}]}}