{"id":1081,"date":"2022-07-25T14:26:39","date_gmt":"2022-07-25T19:26:39","guid":{"rendered":"https:\/\/kpnsafety.com\/uy\/?post_type=product&#038;p=1081"},"modified":"2025-02-07T11:59:29","modified_gmt":"2025-02-07T16:59:29","slug":"lt10-camara-termica-fija","status":"publish","type":"product","link":"https:\/\/www.kpnsafety.com\/py\/producto\/lt10-camara-termica-fija\/","title":{"rendered":"LT10 &#8211; C\u00c1MARA T\u00c9RMICA FIJA"},"content":{"rendered":"<p>[vc_row][vc_column][vc_column_text]<strong>CARACTER\u00cdSTICAS Y VENTAJAS<\/strong><\/p>\n<ul>\n<li>Muy compacta 135 mm largo x 68 mm de di\u00e1metro<\/li>\n<li>Extremadamente robusta Carcasa de aluminio recubierto con polvo de epoxi<\/li>\n<li>Protecci\u00f3n calentada que evita la condensaci\u00f3n para una imagen clara<\/li>\n<li>Calidad de la imagen alta calidad mostrada en 320x240px<\/li>\n<\/ul>\n<p>[\/vc_column_text][\/vc_column][\/vc_row][vc_row disable_element=\u00bbyes\u00bb][vc_column width=\u00bb1\/2&#8243;][vc_single_image image=\u00bb702&#8243; img_size=\u00bbfull\u00bb alignment=\u00bbcenter\u00bb][\/vc_column][vc_column width=\u00bb1\/2&#8243;][\/vc_column][\/vc_row]<\/p>\n","protected":false},"excerpt":{"rendered":"<div>\n<p>PERFECTA PARA LA VISI\u00d3N IR EN VEH\u00cdCULOS Y VIGILANCIA El dispositivo es una c\u00e1mara infrarroja compacta encapsulada enuna carcasa robusta e impermeable. La LT10 integra una ventana calentada para evitar la condensaci\u00f3n con bajas temperaturas ambientales.<\/p>\n<p><strong>APLICACIONES<\/strong><\/p>\n<ul>\n<li>Identificar zonas calientes<\/li>\n<li>Ver en la oscuridad, niebla y a trav\u00e9s de humos<\/li>\n<li>Localizar el origen del incendio<\/li>\n<li>Comprender la propagaci\u00f3n del incendio<\/li>\n<li>Moverse seguro durante las respuestas de b\u00fasqueda y salvamento<\/li>\n<\/ul>\n<\/div>\n<p><a class=\"accion\" href=\"https:\/\/kpnsafety.com\/py\/contacto\/\" target=\"_blank\" rel=\"noopener\">Solicitar presupuesto<\/a><\/p>\n<p>&nbsp;<\/p>\n<p><a class=\"accion\" href=\"https:\/\/api.whatsapp.com\/send?phone=573142060035\" target=\"_blank\" rel=\"noopener\">Contactar un consultor<\/a><\/p>\n","protected":false},"featured_media":0,"template":"","meta":[],"product_brand":[],"product_cat":[31,86],"product_tag":[],"class_list":{"0":"post-1081","1":"product","2":"type-product","3":"status-publish","5":"product_cat-proteccion-contra-incendios","6":"product_cat-camaras-termicas","8":"first","9":"instock","10":"shipping-taxable","11":"product-type-simple"},"_links":{"self":[{"href":"https:\/\/www.kpnsafety.com\/py\/wp-json\/wp\/v2\/product\/1081","targetHints":{"allow":["GET"]}}],"collection":[{"href":"https:\/\/www.kpnsafety.com\/py\/wp-json\/wp\/v2\/product"}],"about":[{"href":"https:\/\/www.kpnsafety.com\/py\/wp-json\/wp\/v2\/types\/product"}],"wp:attachment":[{"href":"https:\/\/www.kpnsafety.com\/py\/wp-json\/wp\/v2\/media?parent=1081"}],"wp:term":[{"taxonomy":"product_brand","embeddable":true,"href":"https:\/\/www.kpnsafety.com\/py\/wp-json\/wp\/v2\/product_brand?post=1081"},{"taxonomy":"product_cat","embeddable":true,"href":"https:\/\/www.kpnsafety.com\/py\/wp-json\/wp\/v2\/product_cat?post=1081"},{"taxonomy":"product_tag","embeddable":true,"href":"https:\/\/www.kpnsafety.com\/py\/wp-json\/wp\/v2\/product_tag?post=1081"}],"curies":[{"name":"wp","href":"https:\/\/api.w.org\/{rel}","templated":true}]}}