{"id":1099,"date":"2022-07-25T14:40:54","date_gmt":"2022-07-25T19:40:54","guid":{"rendered":"https:\/\/kpnsafety.com\/uy\/?post_type=product&#038;p=1099"},"modified":"2025-02-07T11:58:30","modified_gmt":"2025-02-07T16:58:30","slug":"bio-for-agente-humectante-y-espumante-sin-fluor-de-clase-a","status":"publish","type":"product","link":"https:\/\/www.kpnsafety.com\/py\/producto\/bio-for-agente-humectante-y-espumante-sin-fluor-de-clase-a\/","title":{"rendered":"BIO FOR AGENTE HUMECTANTE Y ESPUMANTE SIN FL\u00daOR DE CLASE A"},"content":{"rendered":"<p>[vc_row][vc_column][vc_column_text]Propiedades humectantes: Las propiedades humectantes de BIO FOR mejoran la capacidad de penetraci\u00f3n del agua. Reduce la tensi\u00f3n superficial del agua y penetra profundamente en el s\u00f3lido. El uso del espum\u00f3geno BIO FOR es el resultado de una extinci\u00f3n m\u00e1s r\u00e1pida del fuego y evita el reencendido del mismo.<\/p>\n<p>Propiedades espumantes: Las propiedades espumantes de BIO FOR dan la capacidad de adherirse a superficies verticales por un periodo prolongado con un ecantamiento m\u00ednimo y proporcionan un efecto de enfriamiento.<\/p>\n<p>La aplicaci\u00f3n de una cubierta amplia de BIO FOR, durante un incendio forestal, por ejemplo, aumenta el contenido de humedad s\u00f3lida, proporcionando una barrera protectora al fuego en direcci\u00f3n opuesta o evitando el reencendido de los s\u00f3lidos.<\/p>\n<p><strong>DESTACADOS:<\/strong><\/p>\n<ul>\n<li>Compatible con todos los sistemas de dosificaci\u00f3n (contiene inhibidores de la corrosi\u00f3n)<\/li>\n<li>Se puede utilizar en sistemas fijos y m\u00f3viles de extinci\u00f3n de incendios con espum\u00f3geno (dep\u00f3sitos de membrana, generadores de alta expansi\u00f3n, puestos de mangueras contra incendios, monitores, ramales de espum\u00f3geno, sistemas CAFS, \u2026)<\/li>\n<li>Se puede aplicar en forma a\u00e9rea desde un cubo de helic\u00f3ptero<\/li>\n<li>Compatible con dispositivos de descarga de espum\u00f3geno con y sin aspiraci\u00f3n de aire<\/li>\n<\/ul>\n<p><strong>USO<\/strong><\/p>\n<ul>\n<li>Eficaz en baja, media y alta expansi\u00f3n<\/li>\n<li>Utilizable de 0.1% a 3% dependiendo de la tasa de concentraci\u00f3n<\/li>\n<li>Utilizable con agua dulce o de ma<\/li>\n<\/ul>\n<p><strong>CERTIFICACIONES Y CONFORMIDADES<\/strong><\/p>\n<ul>\n<li>Normas europeas: EN 1568 1-2-3<\/li>\n<li>Marina: VERITAS<\/li>\n<li>Normas de incendio forestal: Certificado CEREN, ensayo Draves AATCC 17-2005<\/li>\n<li>Norma internacional: Certificado UL, NFPA 18<\/li>\n<\/ul>\n<p>[\/vc_column_text][\/vc_column][\/vc_row][vc_row disable_element=\u00bbyes\u00bb][vc_column width=\u00bb1\/2&#8243;][vc_single_image image=\u00bb702&#8243; img_size=\u00bbfull\u00bb alignment=\u00bbcenter\u00bb][\/vc_column][vc_column width=\u00bb1\/2&#8243;][\/vc_column][\/vc_row]<\/p>\n","protected":false},"excerpt":{"rendered":"<p>Gracias a sus propiedades humectantes y espumantes, BIO FOR es altamente eficaz para combatir incendios de combustibles s\u00f3lidos de clase A como incendios forestales, urbanos, industriales, plantas de reciclaje de desechos, as\u00ed como peque\u00f1os incendios de hidrocarburos de clase B.<\/p>\n<p>Capacidad humectante que permite que el agua penetre profundamente en el s\u00f3lido y capacidad espumante que permite que se adhiera a las superficies verticales, resultando en una extinci\u00f3n m\u00e1s r\u00e1pida del fuego y gran resistencia al retroceso de llama.<\/p>\n<p>BIO FOR es una soluci\u00f3n respetuosa del medio ambiente: Espum\u00f3geno libre de fl\u00faor (F3) y completamente biodegradable<\/p>\n<p>&nbsp;<\/p>\n<p><a class=\"accion\" href=\"https:\/\/kpnsafety.com\/py\/contacto\/\" target=\"_blank\" rel=\"noopener\">Solicitar presupuesto<\/a><\/p>\n<p>&nbsp;<\/p>\n<p><a class=\"accion\" href=\"https:\/\/api.whatsapp.com\/send?phone=59894351535\" target=\"_blank\" rel=\"noopener\">Contactar un consultor<\/a><\/p>\n","protected":false},"featured_media":1100,"template":"","meta":[],"product_brand":[],"product_cat":[31,89],"product_tag":[],"class_list":{"0":"post-1099","1":"product","2":"type-product","3":"status-publish","4":"has-post-thumbnail","6":"product_cat-proteccion-contra-incendios","7":"product_cat-equipo-de-espuma-contra-incendios-proteccion-contra-incendios","9":"first","10":"instock","11":"shipping-taxable","12":"product-type-simple"},"_links":{"self":[{"href":"https:\/\/www.kpnsafety.com\/py\/wp-json\/wp\/v2\/product\/1099","targetHints":{"allow":["GET"]}}],"collection":[{"href":"https:\/\/www.kpnsafety.com\/py\/wp-json\/wp\/v2\/product"}],"about":[{"href":"https:\/\/www.kpnsafety.com\/py\/wp-json\/wp\/v2\/types\/product"}],"wp:featuredmedia":[{"embeddable":true,"href":"https:\/\/www.kpnsafety.com\/py\/wp-json\/wp\/v2\/media\/1100"}],"wp:attachment":[{"href":"https:\/\/www.kpnsafety.com\/py\/wp-json\/wp\/v2\/media?parent=1099"}],"wp:term":[{"taxonomy":"product_brand","embeddable":true,"href":"https:\/\/www.kpnsafety.com\/py\/wp-json\/wp\/v2\/product_brand?post=1099"},{"taxonomy":"product_cat","embeddable":true,"href":"https:\/\/www.kpnsafety.com\/py\/wp-json\/wp\/v2\/product_cat?post=1099"},{"taxonomy":"product_tag","embeddable":true,"href":"https:\/\/www.kpnsafety.com\/py\/wp-json\/wp\/v2\/product_tag?post=1099"}],"curies":[{"name":"wp","href":"https:\/\/api.w.org\/{rel}","templated":true}]}}