{"id":1102,"date":"2022-07-25T14:51:07","date_gmt":"2022-07-25T19:51:07","guid":{"rendered":"https:\/\/kpnsafety.com\/uy\/?post_type=product&#038;p=1102"},"modified":"2025-02-07T11:58:25","modified_gmt":"2025-02-07T16:58:25","slug":"inyector-proporcionador-venturi-leadermix-fibertech-200-y-400","status":"publish","type":"product","link":"https:\/\/www.kpnsafety.com\/py\/producto\/inyector-proporcionador-venturi-leadermix-fibertech-200-y-400\/","title":{"rendered":"INYECTOR PROPORCIONADOR V\u00c9NTURI LEADERMIX FIBERTECH 200 Y 400"},"content":{"rendered":"<p>[vc_row][vc_column][vc_column_text][\/vc_column_text][\/vc_column][\/vc_row][vc_row disable_element=\u00bbyes\u00bb][vc_column width=\u00bb1\/2&#8243;][vc_single_image image=\u00bb702&#8243; img_size=\u00bbfull\u00bb alignment=\u00bbcenter\u00bb][\/vc_column][vc_column width=\u00bb1\/2&#8243;][\/vc_column][\/vc_row]<\/p>\n","protected":false},"excerpt":{"rendered":"<p>Los inductores proporcionadores v\u00e9nturi de composite LeaderMIX Fibertech est\u00e1n disponibles en 200 \u00f3 400 l\/min y, gracias al FiberTech, tienen un peso muy ventajoso. Ofrecen un amplio rango de concentraci\u00f3n que va de 0.1% a 6%, adaptada a todo tipo de emulsor.<br \/>\nEstos proporcionadores est\u00e1n dise\u00f1ados para utilizaciones con caudales y presiones bien determinados: no confundirlos con el LeaderMIX 200-1000 que, por su parte, tiene un amplio rango de caudal<\/p>\n<p>\u2022 LIGERO: Gracias al Composite FiberTech, los LeaderMIX 200 \u00f3 400 pesan menos de 2 kg (sin empalme) y, por ende, son mucho m\u00e1s ligeros que la mayor\u00eda de los inyectores, con frecuencia de bronce.<\/p>\n<p>\u2022 ANTICORROSI\u00d3N: Los inyectores LeaderMIX 200 \u00f3 400 tienen un cuerpo de composite Fibertech. Tambi\u00e9n son m\u00e1s resistentes que los de aluminio frente a los emulsores y otros agentes qu\u00edmicos<\/p>\n<p>&nbsp;<\/p>\n<p><a class=\"accion\" href=\"https:\/\/kpnsafety.com\/py\/contacto\/\" target=\"_blank\" rel=\"noopener\">Solicitar presupuesto<\/a><\/p>\n<p>&nbsp;<\/p>\n<p><a class=\"accion\" href=\"https:\/\/api.whatsapp.com\/send?phone=59894351535\" target=\"_blank\" rel=\"noopener\">Contactar un consultor<\/a><\/p>\n","protected":false},"featured_media":1103,"template":"","meta":[],"product_brand":[],"product_cat":[31,89],"product_tag":[],"class_list":{"0":"post-1102","1":"product","2":"type-product","3":"status-publish","4":"has-post-thumbnail","6":"product_cat-proteccion-contra-incendios","7":"product_cat-equipo-de-espuma-contra-incendios-proteccion-contra-incendios","9":"first","10":"instock","11":"shipping-taxable","12":"product-type-simple"},"_links":{"self":[{"href":"https:\/\/www.kpnsafety.com\/py\/wp-json\/wp\/v2\/product\/1102","targetHints":{"allow":["GET"]}}],"collection":[{"href":"https:\/\/www.kpnsafety.com\/py\/wp-json\/wp\/v2\/product"}],"about":[{"href":"https:\/\/www.kpnsafety.com\/py\/wp-json\/wp\/v2\/types\/product"}],"wp:featuredmedia":[{"embeddable":true,"href":"https:\/\/www.kpnsafety.com\/py\/wp-json\/wp\/v2\/media\/1103"}],"wp:attachment":[{"href":"https:\/\/www.kpnsafety.com\/py\/wp-json\/wp\/v2\/media?parent=1102"}],"wp:term":[{"taxonomy":"product_brand","embeddable":true,"href":"https:\/\/www.kpnsafety.com\/py\/wp-json\/wp\/v2\/product_brand?post=1102"},{"taxonomy":"product_cat","embeddable":true,"href":"https:\/\/www.kpnsafety.com\/py\/wp-json\/wp\/v2\/product_cat?post=1102"},{"taxonomy":"product_tag","embeddable":true,"href":"https:\/\/www.kpnsafety.com\/py\/wp-json\/wp\/v2\/product_tag?post=1102"}],"curies":[{"name":"wp","href":"https:\/\/api.w.org\/{rel}","templated":true}]}}