{"id":692,"date":"2022-06-30T10:41:41","date_gmt":"2022-06-30T15:41:41","guid":{"rendered":"https:\/\/kpnsafety.com\/uy\/?post_type=product&#038;p=692"},"modified":"2025-02-07T15:22:48","modified_gmt":"2025-02-07T20:22:48","slug":"guantes-de-trabajo-hyflex-11-800","status":"publish","type":"product","link":"https:\/\/www.kpnsafety.com\/py\/producto\/guantes-de-trabajo-hyflex-11-800\/","title":{"rendered":"Guantes de trabajo HyFlex\u00ae 11-800"},"content":{"rendered":"<p>[vc_row][vc_column][vc_column_text]<\/p>\n<ul>\n<li>Tecnolog\u00eda Ansell ZONZ\u2122 Comfort Fit technology para un mejor ajuste y sensaci\u00f3n.<\/li>\n<li>M\u00e1s durabilidad vs el dise\u00f1o original.<\/li>\n<li>Estos guantes de trabajo transpirables han sido lavados mediante un proceso propio que extrae eficientemente las impurezas para crear un guante m\u00e1s limpio y m\u00e1s c\u00f3modo<\/li>\n<li>El recubrimiento mejorado de estos guantes transpirables de nitrilo ofrecen un agarre mejorado en ambientes de trabajo secos y ligeramente aceitosos junto con una durabilidad extendida, compara con su f\u00f3rmula previa.<\/li>\n<\/ul>\n<p><strong>CARACTER\u00cdSTICAS Y VENTAJAS CLAVES<\/strong><\/p>\n<ul>\n<li>Nuestro legendario recubrimiento de espuma, pionero en el mercado, ofrece m\u00e1s transpirabilidad, mejorando el confort del usuario El recubrimiento de espuma de nitrilo contribuye a un mejor agarre para que el operario pueda realizar tareas t\u00e1ctiles con facilidad<\/li>\n<li>Ajuste optimizado en la base del me\u00f1ique que conforma mejor el contorno natural de la mano<\/li>\n<li>El guante se somete a un proceso de lavado exclusivo que extrae eficazmente las impurezas, creando as\u00ed un guante m\u00e1s limpio y m\u00e1s c\u00f3modo. Certificado independientemente como inocuo para la piel por el sistema de certificaci\u00f3n y pruebas Oeko-Tex\u00ae<\/li>\n<li>No se traspasan contaminantes de silicona a las piezas met\u00e1licas antes del proceso de pintura<br \/>\nDisponible tambi\u00e9n en paquetes de distribuci\u00f3n autom\u00e1tica<\/li>\n<\/ul>\n<p>[\/vc_column_text][\/vc_column][\/vc_row][vc_row][vc_column][vc_single_image image=\u00bb695&#8243; img_size=\u00bbfull\u00bb alignment=\u00bbcenter\u00bb][\/vc_column][\/vc_row]<\/p>\n","protected":false},"excerpt":{"rendered":"<p><strong>DESCRIPCI\u00d3N<\/strong><\/p>\n<p>Guantes de trabajo transpirables de nitrilo ofrecen un dise\u00f1o mejorado que provee hasta un 30% m\u00e1s transpirabilidad. Para comodidad durante todo el d\u00eda.<\/p>\n<p>&nbsp;<\/p>\n<p><a class=\"accion\" href=\"https:\/\/kpnsafety.com\/py\/contacto\/\" target=\"_blank\" rel=\"noopener\">Solicitar presupuesto<\/a><\/p>\n<p><a class=\"accion\" href=\"https:\/\/api.whatsapp.com\/send?phone=59894351535\" target=\"_blank\" rel=\"noopener\">Contactar un consultor<\/a><\/p>\n","protected":false},"featured_media":693,"template":"","meta":[],"product_brand":[],"product_cat":[16],"product_tag":[],"class_list":{"0":"post-692","1":"product","2":"type-product","3":"status-publish","4":"has-post-thumbnail","6":"product_cat-seguridad-industrial","8":"first","9":"instock","10":"shipping-taxable","11":"product-type-simple"},"_links":{"self":[{"href":"https:\/\/www.kpnsafety.com\/py\/wp-json\/wp\/v2\/product\/692","targetHints":{"allow":["GET"]}}],"collection":[{"href":"https:\/\/www.kpnsafety.com\/py\/wp-json\/wp\/v2\/product"}],"about":[{"href":"https:\/\/www.kpnsafety.com\/py\/wp-json\/wp\/v2\/types\/product"}],"wp:featuredmedia":[{"embeddable":true,"href":"https:\/\/www.kpnsafety.com\/py\/wp-json\/wp\/v2\/media\/693"}],"wp:attachment":[{"href":"https:\/\/www.kpnsafety.com\/py\/wp-json\/wp\/v2\/media?parent=692"}],"wp:term":[{"taxonomy":"product_brand","embeddable":true,"href":"https:\/\/www.kpnsafety.com\/py\/wp-json\/wp\/v2\/product_brand?post=692"},{"taxonomy":"product_cat","embeddable":true,"href":"https:\/\/www.kpnsafety.com\/py\/wp-json\/wp\/v2\/product_cat?post=692"},{"taxonomy":"product_tag","embeddable":true,"href":"https:\/\/www.kpnsafety.com\/py\/wp-json\/wp\/v2\/product_tag?post=692"}],"curies":[{"name":"wp","href":"https:\/\/api.w.org\/{rel}","templated":true}]}}