{"id":696,"date":"2022-06-30T10:53:45","date_gmt":"2022-06-30T15:53:45","guid":{"rendered":"https:\/\/kpnsafety.com\/uy\/?post_type=product&#038;p=696"},"modified":"2025-02-07T15:22:42","modified_gmt":"2025-02-07T20:22:42","slug":"guantes-de-trabajo-activarmr-80-400","status":"publish","type":"product","link":"https:\/\/www.kpnsafety.com\/py\/producto\/guantes-de-trabajo-activarmr-80-400\/","title":{"rendered":"Guantes de trabajo ActivArmr\u00ae 80-400"},"content":{"rendered":"<p>[vc_row][vc_column][vc_column_text]<\/p>\n<ul>\n<li>El modelo Powerflex\u00ae 80-400 de Ansell es un guante para uso general con un magn\u00edfico aislamiento en condiciones fr\u00edas, as\u00ed como un gran confort y un excelente agarre.<\/li>\n<li>Este guante combina un forro t\u00e9rmico de rizo acr\u00edlico con un recubrimiento de l\u00e1tex naturalmente aislante que garantizan una excelente protecci\u00f3n contra el fr\u00edo. Este guante ofrece confort y protecci\u00f3n al usuario a temperaturas de hasta -30\u00b0C para contacto breve o intermitente.<\/li>\n<li>Con un forro de rizo acr\u00edlico amarillo brillante, el guante Powerflex\u00ae 80-400 es f\u00e1cil de ver en condiciones de baja o nula visibilidad. Esta visibilidad extra aporta una seguridad adicional a los trabajadores de exterior cuando est\u00e1 oscureciendo.<\/li>\n<\/ul>\n<p><strong>CARACTER\u00cdSTICAS Y VENTAJAS CLAVES<\/strong><\/p>\n<ul>\n<li>Alta visibilidad con forro rizado t\u00e9rmico amarillo sin costuras<\/li>\n<li>La palma rugosa en azul intenso ofrece un agarre a\u00f1adido en seco y en h\u00famedo<\/li>\n<li>Guante aislante para uso en temperaturas fr\u00edas;<\/li>\n<li>Dise\u00f1o ergon\u00f3mico para un ajuste, confort, flexibilidad y destreza superiores<\/li>\n<li>Ofrece tambi\u00e9n protecci\u00f3n cuando se manipulan piezas calientes hasta 250\u00b0C \/ 480\u00b0F durante 15 segundos<\/li>\n<\/ul>\n<p>[\/vc_column_text][\/vc_column][\/vc_row][vc_row][vc_column width=\u00bb2\/3&#8243;][vc_single_image image=\u00bb699&#8243; img_size=\u00bbfull\u00bb alignment=\u00bbcenter\u00bb][\/vc_column][vc_column width=\u00bb1\/3&#8243;][\/vc_column][\/vc_row]<\/p>\n","protected":false},"excerpt":{"rendered":"<p><strong>DESCRIPCI\u00d3N<\/strong><\/p>\n<p>Excelente aislamiento y manipulaci\u00f3n c\u00f3moda en condiciones fr\u00edas<\/p>\n<p>&nbsp;<\/p>\n<p><a class=\"accion\" href=\"https:\/\/kpnsafety.com\/py\/contacto\/\" target=\"_blank\" rel=\"noopener\">Solicitar presupuesto<\/a><\/p>\n<p><a class=\"accion\" href=\"https:\/\/api.whatsapp.com\/send?phone=59894351535\" target=\"_blank\" rel=\"noopener\">Contactar un consultor<\/a><\/p>\n","protected":false},"featured_media":697,"template":"","meta":[],"product_brand":[],"product_cat":[16],"product_tag":[],"class_list":{"0":"post-696","1":"product","2":"type-product","3":"status-publish","4":"has-post-thumbnail","6":"product_cat-seguridad-industrial","8":"first","9":"instock","10":"shipping-taxable","11":"product-type-simple"},"_links":{"self":[{"href":"https:\/\/www.kpnsafety.com\/py\/wp-json\/wp\/v2\/product\/696","targetHints":{"allow":["GET"]}}],"collection":[{"href":"https:\/\/www.kpnsafety.com\/py\/wp-json\/wp\/v2\/product"}],"about":[{"href":"https:\/\/www.kpnsafety.com\/py\/wp-json\/wp\/v2\/types\/product"}],"wp:featuredmedia":[{"embeddable":true,"href":"https:\/\/www.kpnsafety.com\/py\/wp-json\/wp\/v2\/media\/697"}],"wp:attachment":[{"href":"https:\/\/www.kpnsafety.com\/py\/wp-json\/wp\/v2\/media?parent=696"}],"wp:term":[{"taxonomy":"product_brand","embeddable":true,"href":"https:\/\/www.kpnsafety.com\/py\/wp-json\/wp\/v2\/product_brand?post=696"},{"taxonomy":"product_cat","embeddable":true,"href":"https:\/\/www.kpnsafety.com\/py\/wp-json\/wp\/v2\/product_cat?post=696"},{"taxonomy":"product_tag","embeddable":true,"href":"https:\/\/www.kpnsafety.com\/py\/wp-json\/wp\/v2\/product_tag?post=696"}],"curies":[{"name":"wp","href":"https:\/\/api.w.org\/{rel}","templated":true}]}}