{"id":700,"date":"2022-06-30T10:57:25","date_gmt":"2022-06-30T15:57:25","guid":{"rendered":"https:\/\/kpnsafety.com\/uy\/?post_type=product&#038;p=700"},"modified":"2025-02-07T15:22:35","modified_gmt":"2025-02-07T20:22:35","slug":"guante-de-neopreno-microflex-73-847","status":"publish","type":"product","link":"https:\/\/www.kpnsafety.com\/py\/producto\/guante-de-neopreno-microflex-73-847\/","title":{"rendered":"Guante de neopreno MICROFLEX\u00ae 73-847"},"content":{"rendered":"<p>[vc_row][vc_column][vc_column_text]<\/p>\n<ul>\n<li>Con la formulaci\u00f3n de neopreno suave y flexible se consigue un uso m\u00e1s c\u00f3modo durante m\u00e1s tiempo, permitiendo a la vez a los trabajadores una mayor sensibilidad t\u00e1ctil.<\/li>\n<li>Los dedos con textura grantiza un agarre firme y seguro, y su avanzada formulaci\u00f3n permite lograr un magn\u00edfico agarre en entornos h\u00famedos y secos.<\/li>\n<li>Certificados por U.S. Ergonomics por su ergonom\u00eda y garre en medio h\u00famedo. Se ha probado que los guantes Microflex 73-847 reducen el esfuerzo muscular y la fatiga de la mano que puede provocar lesiones graves, mejorando a la vez las capacidades de agarre en medios h\u00famedos.<\/li>\n<li>Fabricados sin prote\u00ednas de caucho natural y sin polvo para proteger a los trabajadores de la aparici\u00f3n de alergias, irritaci\u00f3n cut\u00e1nea y sequedad.<\/li>\n<\/ul>\n<p><strong>CARACTER\u00cdSTICAS Y VENTAJAS CLAVES<\/strong><\/p>\n<ul>\n<li>Dise\u00f1ado con ERGOFORM\u2122 Technology, que promueve la salud musculoesquel\u00e9tica y aumenta la productividad de los trabajadores<\/li>\n<li>Certificados para un agarre excepcional en medio h\u00famedo<\/li>\n<\/ul>\n<p>[\/vc_column_text][\/vc_column][\/vc_row][vc_row][vc_column width=\u00bb1\/2&#8243;][vc_single_image image=\u00bb702&#8243; img_size=\u00bbfull\u00bb alignment=\u00bbcenter\u00bb][\/vc_column][vc_column width=\u00bb1\/2&#8243;][\/vc_column][\/vc_row]<\/p>\n","protected":false},"excerpt":{"rendered":"<p><strong>DESCRIPCI\u00d3N<\/strong><\/p>\n<p>Guantes desechables ergon\u00f3micos de neopreno, dise\u00f1ados ergon\u00f3micamente con un magn\u00edfico agarre<\/p>\n<p>&nbsp;<\/p>\n<p><a class=\"accion\" href=\"https:\/\/kpnsafety.com\/py\/contacto\/\" target=\"_blank\" rel=\"noopener\">Solicitar presupuesto<\/a><\/p>\n<p><a class=\"accion\" href=\"https:\/\/api.whatsapp.com\/send?phone=59894351535\" target=\"_blank\" rel=\"noopener\">Contactar un consultor<\/a><\/p>\n","protected":false},"featured_media":701,"template":"","meta":[],"product_brand":[],"product_cat":[16],"product_tag":[],"class_list":{"0":"post-700","1":"product","2":"type-product","3":"status-publish","4":"has-post-thumbnail","6":"product_cat-seguridad-industrial","8":"first","9":"instock","10":"shipping-taxable","11":"product-type-simple"},"_links":{"self":[{"href":"https:\/\/www.kpnsafety.com\/py\/wp-json\/wp\/v2\/product\/700","targetHints":{"allow":["GET"]}}],"collection":[{"href":"https:\/\/www.kpnsafety.com\/py\/wp-json\/wp\/v2\/product"}],"about":[{"href":"https:\/\/www.kpnsafety.com\/py\/wp-json\/wp\/v2\/types\/product"}],"wp:featuredmedia":[{"embeddable":true,"href":"https:\/\/www.kpnsafety.com\/py\/wp-json\/wp\/v2\/media\/701"}],"wp:attachment":[{"href":"https:\/\/www.kpnsafety.com\/py\/wp-json\/wp\/v2\/media?parent=700"}],"wp:term":[{"taxonomy":"product_brand","embeddable":true,"href":"https:\/\/www.kpnsafety.com\/py\/wp-json\/wp\/v2\/product_brand?post=700"},{"taxonomy":"product_cat","embeddable":true,"href":"https:\/\/www.kpnsafety.com\/py\/wp-json\/wp\/v2\/product_cat?post=700"},{"taxonomy":"product_tag","embeddable":true,"href":"https:\/\/www.kpnsafety.com\/py\/wp-json\/wp\/v2\/product_tag?post=700"}],"curies":[{"name":"wp","href":"https:\/\/api.w.org\/{rel}","templated":true}]}}