{"id":860,"date":"2022-07-05T14:17:43","date_gmt":"2022-07-05T19:17:43","guid":{"rendered":"https:\/\/kpnsafety.com\/uy\/?post_type=product&#038;p=860"},"modified":"2025-02-07T15:20:46","modified_gmt":"2025-02-07T20:20:46","slug":"capacete-de-bombeiro-florestal-vft1","status":"publish","type":"product","link":"https:\/\/www.kpnsafety.com\/py\/producto\/capacete-de-bombeiro-florestal-vft1\/","title":{"rendered":"Capacete de bombeiro florestal vft1"},"content":{"rendered":"<p>[vc_row][vc_column][vc_column_text]<\/p>\n<ul>\n<li><strong>Material de la carcasa<\/strong><br \/>\nPC \/ ABS (policarbonato \/ acrilonitrilo butadieno estireno)<\/li>\n<li><strong>Material de las piezas internas<\/strong><br \/>\npiel transpirable<\/li>\n<li><strong>Tama\u00f1os<\/strong><br \/>\nAjustable 52-64 cm.<\/li>\n<li><strong>Dimensiones<\/strong><br \/>\n27,7 x 24,5 x 19,3 cm<\/li>\n<li><strong>Peso<\/strong><br \/>\n650g +\/- 20g<\/li>\n<\/ul>\n<p>[\/vc_column_text][\/vc_column][\/vc_row][vc_row disable_element=\u00bbyes\u00bb][vc_column width=\u00bb1\/2&#8243;][vc_single_image image=\u00bb702&#8243; img_size=\u00bbfull\u00bb alignment=\u00bbcenter\u00bb][\/vc_column][vc_column width=\u00bb1\/2&#8243;][\/vc_column][\/vc_row]<\/p>\n","protected":false},"excerpt":{"rendered":"<p>El casco de bombero forestal vft1 tiene un dise\u00f1o envolvente, moderno y polivalente que permite acoplar m\u00faltiples accesorios adapt\u00e1ndose a las necesidades de los operarios m\u00e1s exigentes.<em><br \/>\nNormas: EN16471, EN16473, EN 12492, EN 397 y EN 443.<\/em><\/p>\n<p>&nbsp;<\/p>\n<p><a class=\"accion\" href=\"https:\/\/kpnsafety.com\/py\/contacto\/\" target=\"_blank\" rel=\"noopener\">Solicitar presupuesto<\/a><\/p>\n<p><a class=\"accion\" href=\"https:\/\/api.whatsapp.com\/send?phone=59894351535\" target=\"_blank\" rel=\"noopener\">Contactar un consultor<\/a><\/p>\n","protected":false},"featured_media":767,"template":"","meta":[],"product_brand":[],"product_cat":[31,59,71],"product_tag":[],"class_list":{"0":"post-860","1":"product","2":"type-product","3":"status-publish","4":"has-post-thumbnail","6":"product_cat-proteccion-contra-incendios","7":"product_cat-incendios-forestales","8":"product_cat-epi-incendios-forestales-proteccion-contra-incendios","10":"first","11":"instock","12":"shipping-taxable","13":"product-type-simple"},"_links":{"self":[{"href":"https:\/\/www.kpnsafety.com\/py\/wp-json\/wp\/v2\/product\/860","targetHints":{"allow":["GET"]}}],"collection":[{"href":"https:\/\/www.kpnsafety.com\/py\/wp-json\/wp\/v2\/product"}],"about":[{"href":"https:\/\/www.kpnsafety.com\/py\/wp-json\/wp\/v2\/types\/product"}],"wp:featuredmedia":[{"embeddable":true,"href":"https:\/\/www.kpnsafety.com\/py\/wp-json\/wp\/v2\/media\/767"}],"wp:attachment":[{"href":"https:\/\/www.kpnsafety.com\/py\/wp-json\/wp\/v2\/media?parent=860"}],"wp:term":[{"taxonomy":"product_brand","embeddable":true,"href":"https:\/\/www.kpnsafety.com\/py\/wp-json\/wp\/v2\/product_brand?post=860"},{"taxonomy":"product_cat","embeddable":true,"href":"https:\/\/www.kpnsafety.com\/py\/wp-json\/wp\/v2\/product_cat?post=860"},{"taxonomy":"product_tag","embeddable":true,"href":"https:\/\/www.kpnsafety.com\/py\/wp-json\/wp\/v2\/product_tag?post=860"}],"curies":[{"name":"wp","href":"https:\/\/api.w.org\/{rel}","templated":true}]}}